{"id":11152,"date":"2019-05-02T14:05:26","date_gmt":"2019-05-02T14:05:26","guid":{"rendered":"http:\/\/www.suzanavisan.com\/?page_id=11152"},"modified":"2020-10-12T13:09:03","modified_gmt":"2020-10-12T13:09:03","slug":"professional-make-up","status":"publish","type":"page","link":"https:\/\/www.suzanavisan.com\/de\/professional-make-up\/","title":{"rendered":"Professional Make up"},"content":{"rendered":"<div class=\"wpb-content-wrapper\"><p>[vc_row content_width=&#8221;grid&#8221; content_aligment=&#8221;center&#8221; center_bck_image=&#8221;yes&#8221; css=&#8221;.vc_custom_1556807002388{padding-top: 110px !important;padding-bottom: 85px !important;}&#8221;][vc_column css=&#8221;.vc_custom_1556806673321{padding-right: 5% !important;padding-left: 5% !important;}&#8221; offset=&#8221;vc_col-lg-6 vc_col-md-12&#8243; el_class=&#8221;content-no-margin-list&#8221;][vc_empty_space height=&#8221;50px&#8221;]<div class=\"eltd-section-title-outer-holder\" style=\"text-align: center\">\n\n    \t<div class=\"eltd-section-title-title-holder\">\n\t\t<h2 class=\"eltd-section-title\" style=\";font-size: 28px;;;;text-transform: None;;\">\n\t\t\tGemeinsam mit meinen KundInnen finden wir das richtige Make-Up f\u00fcr jeden Anlass. \t\t<\/h2>\n\t<\/div>\n    \t<span class=\"eltd-title-separator eltd-enable-separator\"><\/span>\n    \n<\/div>[vc_empty_space height=&#8221;14px&#8221;][vc_column_text][\/vc_column_text]<div class=\"eltd-icon-list-item\">\n\t<div class=\"eltd-icon-list-icon-holder\">\n        <div class=\"eltd-icon-list-icon-holder-inner clearfix\">\n\t\t\t<i class=\"eltd-icon-font-awesome fa fa-check \" style=\"\" ><\/i>\t\t<\/div>\n\t<\/div>\n\t<p class=\"eltd-icon-list-text\"  > Make-Up f\u00fcr Mode, Fotoshootings, Business Fotoshootings, Video, TV Spots und Werbung, TV<\/p>\n<\/div><div class=\"eltd-icon-list-item\">\n\t<div class=\"eltd-icon-list-icon-holder\">\n        <div class=\"eltd-icon-list-icon-holder-inner clearfix\">\n\t\t\t<i class=\"eltd-icon-font-awesome fa fa-check \" style=\"\" ><\/i>\t\t<\/div>\n\t<\/div>\n\t<p class=\"eltd-icon-list-text\"  > Tages Make-Up<\/p>\n<\/div><div class=\"eltd-icon-list-item\">\n\t<div class=\"eltd-icon-list-icon-holder\">\n        <div class=\"eltd-icon-list-icon-holder-inner clearfix\">\n\t\t\t<i class=\"eltd-icon-font-awesome fa fa-check \" style=\"\" ><\/i>\t\t<\/div>\n\t<\/div>\n\t<p class=\"eltd-icon-list-text\"  > Make-Up f\u00fcr Events und besondere Anl\u00e4sse, Roter Teppich und B\u00e4lle<\/p>\n<\/div><div class=\"eltd-icon-list-item\">\n\t<div class=\"eltd-icon-list-icon-holder\">\n        <div class=\"eltd-icon-list-icon-holder-inner clearfix\">\n\t\t\t<i class=\"eltd-icon-font-awesome fa fa-check \" style=\"\" ><\/i>\t\t<\/div>\n\t<\/div>\n\t<p class=\"eltd-icon-list-text\"  > Make-Up f\u00fcr die Braut und die Verlobung<\/p>\n<\/div><div class=\"eltd-icon-list-item\">\n\t<div class=\"eltd-icon-list-icon-holder\">\n        <div class=\"eltd-icon-list-icon-holder-inner clearfix\">\n\t\t\t<i class=\"eltd-icon-font-awesome fa fa-check \" style=\"\" ><\/i>\t\t<\/div>\n\t<\/div>\n\t<p class=\"eltd-icon-list-text\"  > Make-Up f\u00fcr Modeshows<\/p>\n<\/div>[vc_empty_space][vc_empty_space height=&#8221;40px&#8221;][\/vc_column][vc_column offset=&#8221;vc_col-lg-6 vc_col-md-12&#8243;]<div class=\"eltd-image-gallery\">\n\t<div class=\"eltd-image-gallery-grid eltd-gallery-columns-3 \" >\n\t\t\t\t\t<div class=\"eltd-gallery-image\">\n\t\t\t\t\t\t\t\t<a href=\"https:\/\/www.suzanavisan.com\/wp-content\/uploads\/2019\/05\/1234660_564838033563211_1429275257_n.jpg\" data-rel=\"prettyPhoto[single_pretty_photo]\" title=\"1234660_564838033563211_1429275257_n\">\n\t\t\t\t\t\t\t\t\t\t\t\t\t\t\t\t<img loading=\"lazy\" decoding=\"async\" width=\"740\" height=\"493\" src=\"https:\/\/www.suzanavisan.com\/wp-content\/uploads\/2019\/05\/1234660_564838033563211_1429275257_n.jpg\" class=\"attachment-large size-large\" alt=\"\" srcset=\"https:\/\/www.suzanavisan.com\/wp-content\/uploads\/2019\/05\/1234660_564838033563211_1429275257_n.jpg 740w, https:\/\/www.suzanavisan.com\/wp-content\/uploads\/2019\/05\/1234660_564838033563211_1429275257_n-300x200.jpg 300w, https:\/\/www.suzanavisan.com\/wp-content\/uploads\/2019\/05\/1234660_564838033563211_1429275257_n-600x400.jpg 600w\" sizes=\"auto, (max-width: 740px) 100vw, 740px\" \/>\t\t\t\t\t\t\t\t\t\t\t\t\t\t<\/a>\n\t\t\t\t\t\t<\/div>\n\t\t\t\t\t<div class=\"eltd-gallery-image\">\n\t\t\t\t\t\t\t\t<a href=\"https:\/\/www.suzanavisan.com\/wp-content\/uploads\/2019\/05\/10556424_704744232930218_3852680417212489803_n.jpg\" data-rel=\"prettyPhoto[single_pretty_photo]\" title=\"10556424_704744232930218_3852680417212489803_n\">\n\t\t\t\t\t\t\t\t\t\t\t\t\t\t\t\t<img loading=\"lazy\" decoding=\"async\" width=\"533\" height=\"800\" src=\"https:\/\/www.suzanavisan.com\/wp-content\/uploads\/2019\/05\/10556424_704744232930218_3852680417212489803_n.jpg\" class=\"attachment-large size-large\" alt=\"\" srcset=\"https:\/\/www.suzanavisan.com\/wp-content\/uploads\/2019\/05\/10556424_704744232930218_3852680417212489803_n.jpg 533w, https:\/\/www.suzanavisan.com\/wp-content\/uploads\/2019\/05\/10556424_704744232930218_3852680417212489803_n-200x300.jpg 200w\" sizes=\"auto, (max-width: 533px) 100vw, 533px\" \/>\t\t\t\t\t\t\t\t\t\t\t\t\t\t<\/a>\n\t\t\t\t\t\t<\/div>\n\t\t\t\t\t<div class=\"eltd-gallery-image\">\n\t\t\t\t\t\t\t\t<a href=\"https:\/\/www.suzanavisan.com\/wp-content\/uploads\/2019\/05\/27625112_1893695227330933_8084438884565842561_o.jpg\" data-rel=\"prettyPhoto[single_pretty_photo]\" title=\"27625112_1893695227330933_8084438884565842561_o\">\n\t\t\t\t\t\t\t\t\t\t\t\t\t\t\t\t<img loading=\"lazy\" decoding=\"async\" width=\"800\" height=\"533\" src=\"https:\/\/www.suzanavisan.com\/wp-content\/uploads\/2019\/05\/27625112_1893695227330933_8084438884565842561_o.jpg\" class=\"attachment-large size-large\" alt=\"\" srcset=\"https:\/\/www.suzanavisan.com\/wp-content\/uploads\/2019\/05\/27625112_1893695227330933_8084438884565842561_o.jpg 800w, https:\/\/www.suzanavisan.com\/wp-content\/uploads\/2019\/05\/27625112_1893695227330933_8084438884565842561_o-300x200.jpg 300w, https:\/\/www.suzanavisan.com\/wp-content\/uploads\/2019\/05\/27625112_1893695227330933_8084438884565842561_o-768x512.jpg 768w, https:\/\/www.suzanavisan.com\/wp-content\/uploads\/2019\/05\/27625112_1893695227330933_8084438884565842561_o-600x400.jpg 600w\" sizes=\"auto, (max-width: 800px) 100vw, 800px\" \/>\t\t\t\t\t\t\t\t\t\t\t\t\t\t<\/a>\n\t\t\t\t\t\t<\/div>\n\t\t\t<\/div>\n<\/div>[vc_empty_space height=&#8221;40px&#8221;][\/vc_column][\/vc_row]<\/p>\n<\/div>","protected":false},"excerpt":{"rendered":"<p>[vc_row content_width=&#8221;grid&#8221; content_aligment=&#8221;center&#8221; center_bck_image=&#8221;yes&#8221; css=&#8221;.vc_custom_1556807002388{padding-top: 110px !important;padding-bottom: 85px !important;}&#8221;][vc_column css=&#8221;.vc_custom_1556806673321{padding-right: 5% !important;padding-left: 5% !important;}&#8221; offset=&#8221;vc_col-lg-6 vc_col-md-12&#8243; el_class=&#8221;content-no-margin-list&#8221;][vc_empty_space height=&#8221;50px&#8221;][vc_empty_space height=&#8221;14px&#8221;][vc_column_text][\/vc_column_text][vc_empty_space][vc_empty_space height=&#8221;40px&#8221;][\/vc_column][vc_column offset=&#8221;vc_col-lg-6 vc_col-md-12&#8243;][vc_empty_space height=&#8221;40px&#8221;][\/vc_column][\/vc_row]<\/p>\n","protected":false},"author":1,"featured_media":0,"parent":0,"menu_order":0,"comment_status":"closed","ping_status":"closed","template":"full-width.php","meta":{"footnotes":""},"class_list":["post-11152","page","type-page","status-publish","hentry"],"translation":{"provider":"WPGlobus","version":"3.0.2","language":"de","enabled_languages":["en","de"],"languages":{"en":{"title":true,"content":true,"excerpt":false},"de":{"title":true,"content":true,"excerpt":false}}},"yoast_head":"<!-- This site is optimized with the Yoast SEO plugin v27.4 - https:\/\/yoast.com\/product\/yoast-seo-wordpress\/ -->\n<title>Professional Make up - Suzana Visan - Professional Make-up Artist<\/title>\n<meta name=\"robots\" content=\"index, follow, max-snippet:-1, max-image-preview:large, max-video-preview:-1\" \/>\n<link rel=\"canonical\" href=\"https:\/\/www.suzanavisan.com\/professional-make-up\/\" \/>\n<meta property=\"og:locale\" content=\"de_DE\" \/>\n<meta property=\"og:type\" content=\"article\" \/>\n<meta property=\"og:title\" content=\"Professional Make up - Suzana Visan - Professional Make-up Artist\" \/>\n<meta property=\"og:url\" content=\"https:\/\/www.suzanavisan.com\/professional-make-up\/\" \/>\n<meta property=\"og:site_name\" content=\"Suzana Visan - Professional Make-up Artist\" \/>\n<meta property=\"article:publisher\" content=\"https:\/\/www.facebook.com\/Suzana-Visan-Make-up-Artist-229504383812093\/\" \/>\n<meta property=\"article:modified_time\" content=\"2020-10-12T13:09:03+00:00\" \/>\n<meta name=\"twitter:card\" content=\"summary_large_image\" \/>\n<meta name=\"twitter:label1\" content=\"Est. reading time\" \/>\n\t<meta name=\"twitter:data1\" content=\"2 minutes\" \/>\n<script type=\"application\/ld+json\" class=\"yoast-schema-graph\">{\"@context\":\"https:\\\/\\\/schema.org\",\"@graph\":[{\"@type\":\"WebPage\",\"@id\":\"https:\\\/\\\/www.suzanavisan.com\\\/professional-make-up\\\/\",\"url\":\"https:\\\/\\\/www.suzanavisan.com\\\/professional-make-up\\\/\",\"name\":\"Professional Make up - Suzana Visan - Professional Make-up Artist\",\"isPartOf\":{\"@id\":\"https:\\\/\\\/www.suzanavisan.com\\\/#website\"},\"datePublished\":\"2019-05-02T14:05:26+00:00\",\"dateModified\":\"2020-10-12T13:09:03+00:00\",\"breadcrumb\":{\"@id\":\"https:\\\/\\\/www.suzanavisan.com\\\/professional-make-up\\\/#breadcrumb\"},\"inLanguage\":\"de-DE\",\"potentialAction\":[{\"@type\":\"ReadAction\",\"target\":[\"https:\\\/\\\/www.suzanavisan.com\\\/professional-make-up\\\/\"]}]},{\"@type\":\"BreadcrumbList\",\"@id\":\"https:\\\/\\\/www.suzanavisan.com\\\/professional-make-up\\\/#breadcrumb\",\"itemListElement\":[{\"@type\":\"ListItem\",\"position\":1,\"name\":\"Home\",\"item\":\"https:\\\/\\\/www.suzanavisan.com\\\/\"},{\"@type\":\"ListItem\",\"position\":2,\"name\":\"Professional Make up\"}]},{\"@type\":\"WebSite\",\"@id\":\"https:\\\/\\\/www.suzanavisan.com\\\/#website\",\"url\":\"https:\\\/\\\/www.suzanavisan.com\\\/\",\"name\":\"Suzana Visan - Professional Make-up Artist\",\"description\":\"Professional Make-up Artist | Official Website\",\"publisher\":{\"@id\":\"https:\\\/\\\/www.suzanavisan.com\\\/#organization\"},\"potentialAction\":[{\"@type\":\"SearchAction\",\"target\":{\"@type\":\"EntryPoint\",\"urlTemplate\":\"https:\\\/\\\/www.suzanavisan.com\\\/?s={search_term_string}\"},\"query-input\":{\"@type\":\"PropertyValueSpecification\",\"valueRequired\":true,\"valueName\":\"search_term_string\"}}],\"inLanguage\":\"de-DE\"},{\"@type\":\"Organization\",\"@id\":\"https:\\\/\\\/www.suzanavisan.com\\\/#organization\",\"name\":\"Suzana Visan, Make-up Artist\",\"url\":\"https:\\\/\\\/www.suzanavisan.com\\\/\",\"logo\":{\"@type\":\"ImageObject\",\"inLanguage\":\"de-DE\",\"@id\":\"https:\\\/\\\/www.suzanavisan.com\\\/#\\\/schema\\\/logo\\\/image\\\/\",\"url\":\"https:\\\/\\\/www.suzanavisan.com\\\/wp-content\\\/uploads\\\/2019\\\/02\\\/logo-suzana-1.png\",\"contentUrl\":\"https:\\\/\\\/www.suzanavisan.com\\\/wp-content\\\/uploads\\\/2019\\\/02\\\/logo-suzana-1.png\",\"width\":239,\"height\":65,\"caption\":\"Suzana Visan, Make-up Artist\"},\"image\":{\"@id\":\"https:\\\/\\\/www.suzanavisan.com\\\/#\\\/schema\\\/logo\\\/image\\\/\"},\"sameAs\":[\"https:\\\/\\\/www.facebook.com\\\/Suzana-Visan-Make-up-Artist-229504383812093\\\/\",\"https:\\\/\\\/www.instagram.com\\\/explore\\\/locations\\\/880977788\\\/suzana-visan-make-up-studio\",\"https:\\\/\\\/www.youtube.com\\\/channel\\\/UCPNnJ9bxATbNdfjERVoKEdw\"]}]}<\/script>\n<!-- \/ Yoast SEO plugin. -->","yoast_head_json":{"title":"Professional Make up - Suzana Visan - Professional Make-up Artist","robots":{"index":"index","follow":"follow","max-snippet":"max-snippet:-1","max-image-preview":"max-image-preview:large","max-video-preview":"max-video-preview:-1"},"canonical":"https:\/\/www.suzanavisan.com\/professional-make-up\/","og_locale":"de_DE","og_type":"article","og_title":"Professional Make up - Suzana Visan - Professional Make-up Artist","og_url":"https:\/\/www.suzanavisan.com\/professional-make-up\/","og_site_name":"Suzana Visan - Professional Make-up Artist","article_publisher":"https:\/\/www.facebook.com\/Suzana-Visan-Make-up-Artist-229504383812093\/","article_modified_time":"2020-10-12T13:09:03+00:00","twitter_card":"summary_large_image","twitter_misc":{"Est. reading time":"2 minutes"},"schema":{"@context":"https:\/\/schema.org","@graph":[{"@type":"WebPage","@id":"https:\/\/www.suzanavisan.com\/professional-make-up\/","url":"https:\/\/www.suzanavisan.com\/professional-make-up\/","name":"Professional Make up - Suzana Visan - Professional Make-up Artist","isPartOf":{"@id":"https:\/\/www.suzanavisan.com\/#website"},"datePublished":"2019-05-02T14:05:26+00:00","dateModified":"2020-10-12T13:09:03+00:00","breadcrumb":{"@id":"https:\/\/www.suzanavisan.com\/professional-make-up\/#breadcrumb"},"inLanguage":"de-DE","potentialAction":[{"@type":"ReadAction","target":["https:\/\/www.suzanavisan.com\/professional-make-up\/"]}]},{"@type":"BreadcrumbList","@id":"https:\/\/www.suzanavisan.com\/professional-make-up\/#breadcrumb","itemListElement":[{"@type":"ListItem","position":1,"name":"Home","item":"https:\/\/www.suzanavisan.com\/"},{"@type":"ListItem","position":2,"name":"Professional Make up"}]},{"@type":"WebSite","@id":"https:\/\/www.suzanavisan.com\/#website","url":"https:\/\/www.suzanavisan.com\/","name":"Suzana Visan - Professional Make-up Artist","description":"Professional Make-up Artist | Official Website","publisher":{"@id":"https:\/\/www.suzanavisan.com\/#organization"},"potentialAction":[{"@type":"SearchAction","target":{"@type":"EntryPoint","urlTemplate":"https:\/\/www.suzanavisan.com\/?s={search_term_string}"},"query-input":{"@type":"PropertyValueSpecification","valueRequired":true,"valueName":"search_term_string"}}],"inLanguage":"de-DE"},{"@type":"Organization","@id":"https:\/\/www.suzanavisan.com\/#organization","name":"Suzana Visan, Make-up Artist","url":"https:\/\/www.suzanavisan.com\/","logo":{"@type":"ImageObject","inLanguage":"de-DE","@id":"https:\/\/www.suzanavisan.com\/#\/schema\/logo\/image\/","url":"https:\/\/www.suzanavisan.com\/wp-content\/uploads\/2019\/02\/logo-suzana-1.png","contentUrl":"https:\/\/www.suzanavisan.com\/wp-content\/uploads\/2019\/02\/logo-suzana-1.png","width":239,"height":65,"caption":"Suzana Visan, Make-up Artist"},"image":{"@id":"https:\/\/www.suzanavisan.com\/#\/schema\/logo\/image\/"},"sameAs":["https:\/\/www.facebook.com\/Suzana-Visan-Make-up-Artist-229504383812093\/","https:\/\/www.instagram.com\/explore\/locations\/880977788\/suzana-visan-make-up-studio","https:\/\/www.youtube.com\/channel\/UCPNnJ9bxATbNdfjERVoKEdw"]}]}},"_links":{"self":[{"href":"https:\/\/www.suzanavisan.com\/de\/wp-json\/wp\/v2\/pages\/11152","targetHints":{"allow":["GET"]}}],"collection":[{"href":"https:\/\/www.suzanavisan.com\/de\/wp-json\/wp\/v2\/pages"}],"about":[{"href":"https:\/\/www.suzanavisan.com\/de\/wp-json\/wp\/v2\/types\/page"}],"author":[{"embeddable":true,"href":"https:\/\/www.suzanavisan.com\/de\/wp-json\/wp\/v2\/users\/1"}],"replies":[{"embeddable":true,"href":"https:\/\/www.suzanavisan.com\/de\/wp-json\/wp\/v2\/comments?post=11152"}],"version-history":[{"count":17,"href":"https:\/\/www.suzanavisan.com\/de\/wp-json\/wp\/v2\/pages\/11152\/revisions"}],"predecessor-version":[{"id":11606,"href":"https:\/\/www.suzanavisan.com\/de\/wp-json\/wp\/v2\/pages\/11152\/revisions\/11606"}],"wp:attachment":[{"href":"https:\/\/www.suzanavisan.com\/de\/wp-json\/wp\/v2\/media?parent=11152"}],"curies":[{"name":"wp","href":"https:\/\/api.w.org\/{rel}","templated":true}]}}