{"id":11166,"date":"2019-05-02T14:35:39","date_gmt":"2019-05-02T14:35:39","guid":{"rendered":"http:\/\/www.suzanavisan.com\/?page_id=11166"},"modified":"2020-10-12T13:00:41","modified_gmt":"2020-10-12T13:00:41","slug":"eyebrows-styling","status":"publish","type":"page","link":"https:\/\/www.suzanavisan.com\/de\/eyebrows-styling\/","title":{"rendered":"Eyebrow Styling"},"content":{"rendered":"<div class=\"wpb-content-wrapper\"><p>[vc_row content_width=&#8221;grid&#8221; content_aligment=&#8221;center&#8221; center_bck_image=&#8221;yes&#8221; css=&#8221;.vc_custom_1556807002388{padding-top: 110px !important;padding-bottom: 85px !important;}&#8221;][vc_column css=&#8221;.vc_custom_1556806673321{padding-right: 5% !important;padding-left: 5% !important;}&#8221; offset=&#8221;vc_col-lg-6 vc_col-md-12&#8243; el_class=&#8221;content-no-margin-list&#8221;][vc_empty_space height=&#8221;50px&#8221;]<div class=\"eltd-section-title-outer-holder\" style=\"text-align: center\">\n\n    \t<div class=\"eltd-section-title-title-holder\">\n\t\t<h2 class=\"eltd-section-title\" style=\";font-size: 28px;;;;text-transform: None;;\">\n\t\t\tAugenbrauen sind wichtig!\t\t<\/h2>\n\t<\/div>\n    \t<span class=\"eltd-title-separator eltd-enable-separator\"><\/span>\n             <div class=\"eltd-section-subtitle-holder\">\n            <h5 class=\"eltd-section-subtitle\" style=\";;;;;;\" >\n            Das Modellieren Ihrer Augenbrauen ist eine kleine \u00c4nderung, die einen GRO\u00dfEN Unterschied macht!        <\/h5>\n        <\/div>\n    \n<\/div>[vc_empty_space height=&#8221;14px&#8221;][vc_column_text]<\/p>\n<div id=\"m_8792978797660316831m_-8727138533383506890yui_3_16_0_ym19_1_1556121812273_96159\" dir=\"ltr\">\n<p>Im Vergleich zum Schminken ist das Zupfen der Augenbrauen eine dauerhafte Ver\u00e4nderung, die nicht verschwindet, wenn Sie sich das Gesicht waschen und das gesamte Make-up entfernen. Es ist ein Teil des Gesichts, der unbedeutend erscheint, aber einen gro\u00dfen Unterschied in Ihrem Aussehen macht.<\/p>\n<p>Ihre Augen sind eines der wichtigsten Merkmale Ihres Gesichts, und die Augenbrauen umrahmen Ihre Augen. Wie bei einem Gem\u00e4lde, wenn der Rahmen nicht zum Stil und Thema des Gem\u00e4ldes passt, hat dieser einen gro\u00dfen Einfluss auf das gesamte Bild. Genau das passiert auch mit Ihrem Gesicht!<\/p>\n<p>Und schlie\u00dflich: die Augenbrauen zeigen Emotionen und beeinflussen die Mimik des Gesichtes. Wenn sie falsch gesetzt werden, riskieren Sie, dass Sie die ganze Zeit w\u00fctend, \u00fcberrascht oder traurig aussehen.<\/p>\n<p>Egal, ob Sie Ihre Augenbrauen neu formen oder einfach nur konturieren m\u00f6chten, um sie entsprechend Ihren Gesichtsz\u00fcgen besser aussehen zu lassen &#8211; ich verwende Produkte und Techniken von h\u00f6chster Qualit\u00e4t.<\/p>\n<p>Jeder verdient es, sch\u00f6n geformte Augenbrauen zu haben!<\/p>\n<\/div>\n<p>[\/vc_column_text][vc_column_text][\/vc_column_text][vc_empty_space][vc_empty_space height=&#8221;40px&#8221;][\/vc_column][vc_column offset=&#8221;vc_col-lg-6 vc_col-md-12&#8243;]<div class=\"eltd-image-gallery\">\n\t<div class=\"eltd-image-gallery-grid eltd-gallery-columns-2 \" >\n\t\t\t\t\t<div class=\"eltd-gallery-image\">\n\t\t\t\t\t\t\t\t<a href=\"https:\/\/www.suzanavisan.com\/wp-content\/uploads\/2019\/05\/14316859_1076039275825262_5137339975287824413_n.jpg\" data-rel=\"prettyPhoto[single_pretty_photo]\" title=\"14316859_1076039275825262_5137339975287824413_n\">\n\t\t\t\t\t\t\t\t\t\t\t\t\t\t\t\t<img loading=\"lazy\" decoding=\"async\" width=\"960\" height=\"960\" src=\"https:\/\/www.suzanavisan.com\/wp-content\/uploads\/2019\/05\/14316859_1076039275825262_5137339975287824413_n.jpg\" class=\"attachment-full size-full\" alt=\"\" srcset=\"https:\/\/www.suzanavisan.com\/wp-content\/uploads\/2019\/05\/14316859_1076039275825262_5137339975287824413_n.jpg 960w, https:\/\/www.suzanavisan.com\/wp-content\/uploads\/2019\/05\/14316859_1076039275825262_5137339975287824413_n-150x150.jpg 150w, https:\/\/www.suzanavisan.com\/wp-content\/uploads\/2019\/05\/14316859_1076039275825262_5137339975287824413_n-300x300.jpg 300w, https:\/\/www.suzanavisan.com\/wp-content\/uploads\/2019\/05\/14316859_1076039275825262_5137339975287824413_n-768x768.jpg 768w, https:\/\/www.suzanavisan.com\/wp-content\/uploads\/2019\/05\/14316859_1076039275825262_5137339975287824413_n-550x550.jpg 550w, https:\/\/www.suzanavisan.com\/wp-content\/uploads\/2019\/05\/14316859_1076039275825262_5137339975287824413_n-600x600.jpg 600w, https:\/\/www.suzanavisan.com\/wp-content\/uploads\/2019\/05\/14316859_1076039275825262_5137339975287824413_n-100x100.jpg 100w\" sizes=\"auto, (max-width: 960px) 100vw, 960px\" \/>\t\t\t\t\t\t\t\t\t\t\t\t\t\t<\/a>\n\t\t\t\t\t\t<\/div>\n\t\t\t\t\t<div class=\"eltd-gallery-image\">\n\t\t\t\t\t\t\t\t<a href=\"https:\/\/www.suzanavisan.com\/wp-content\/uploads\/2019\/05\/14333844_1076038022492054_5839191642148996604_n.jpg\" data-rel=\"prettyPhoto[single_pretty_photo]\" title=\"14333844_1076038022492054_5839191642148996604_n\">\n\t\t\t\t\t\t\t\t\t\t\t\t\t\t\t\t<img loading=\"lazy\" decoding=\"async\" width=\"960\" height=\"960\" src=\"https:\/\/www.suzanavisan.com\/wp-content\/uploads\/2019\/05\/14333844_1076038022492054_5839191642148996604_n.jpg\" class=\"attachment-full size-full\" alt=\"\" srcset=\"https:\/\/www.suzanavisan.com\/wp-content\/uploads\/2019\/05\/14333844_1076038022492054_5839191642148996604_n.jpg 960w, https:\/\/www.suzanavisan.com\/wp-content\/uploads\/2019\/05\/14333844_1076038022492054_5839191642148996604_n-150x150.jpg 150w, https:\/\/www.suzanavisan.com\/wp-content\/uploads\/2019\/05\/14333844_1076038022492054_5839191642148996604_n-300x300.jpg 300w, https:\/\/www.suzanavisan.com\/wp-content\/uploads\/2019\/05\/14333844_1076038022492054_5839191642148996604_n-768x768.jpg 768w, https:\/\/www.suzanavisan.com\/wp-content\/uploads\/2019\/05\/14333844_1076038022492054_5839191642148996604_n-550x550.jpg 550w, https:\/\/www.suzanavisan.com\/wp-content\/uploads\/2019\/05\/14333844_1076038022492054_5839191642148996604_n-600x600.jpg 600w, https:\/\/www.suzanavisan.com\/wp-content\/uploads\/2019\/05\/14333844_1076038022492054_5839191642148996604_n-100x100.jpg 100w\" sizes=\"auto, (max-width: 960px) 100vw, 960px\" \/>\t\t\t\t\t\t\t\t\t\t\t\t\t\t<\/a>\n\t\t\t\t\t\t<\/div>\n\t\t\t<\/div>\n<\/div>[vc_empty_space height=&#8221;40px&#8221;][\/vc_column][\/vc_row][vc_row center_bck_image=&#8221;no&#8221;][vc_column]<div class=\"eltd-image-gallery eltd-image-slick-slider\">\n    <div class=\"eltd-image-gallery-carousel-var-img-size\" data-autoplay=\"5000\" data-animation=\"slide\" data-navigation=\"yes\" data-pagination=\"yes\">\n                    <a href=\"https:\/\/www.suzanavisan.com\/wp-content\/uploads\/2019\/05\/14316859_1076039275825262_5137339975287824413_n.jpg\" data-rel=\"prettyPhoto[single_pretty_photo]\" title=\"14316859_1076039275825262_5137339975287824413_n\" >\n            <img loading=\"lazy\" decoding=\"async\" width=\"300\" height=\"300\" src=\"https:\/\/www.suzanavisan.com\/wp-content\/uploads\/2019\/05\/14316859_1076039275825262_5137339975287824413_n-300x300.jpg\" class=\"attachment-medium size-medium\" alt=\"\" srcset=\"https:\/\/www.suzanavisan.com\/wp-content\/uploads\/2019\/05\/14316859_1076039275825262_5137339975287824413_n-300x300.jpg 300w, https:\/\/www.suzanavisan.com\/wp-content\/uploads\/2019\/05\/14316859_1076039275825262_5137339975287824413_n-150x150.jpg 150w, https:\/\/www.suzanavisan.com\/wp-content\/uploads\/2019\/05\/14316859_1076039275825262_5137339975287824413_n-768x768.jpg 768w, https:\/\/www.suzanavisan.com\/wp-content\/uploads\/2019\/05\/14316859_1076039275825262_5137339975287824413_n-550x550.jpg 550w, https:\/\/www.suzanavisan.com\/wp-content\/uploads\/2019\/05\/14316859_1076039275825262_5137339975287824413_n-600x600.jpg 600w, https:\/\/www.suzanavisan.com\/wp-content\/uploads\/2019\/05\/14316859_1076039275825262_5137339975287824413_n-100x100.jpg 100w, https:\/\/www.suzanavisan.com\/wp-content\/uploads\/2019\/05\/14316859_1076039275825262_5137339975287824413_n.jpg 960w\" sizes=\"auto, (max-width: 300px) 100vw, 300px\" \/>            <\/a>\n                    <a href=\"https:\/\/www.suzanavisan.com\/wp-content\/uploads\/2019\/05\/14333063_1076039285825261_4872883568253294279_n.jpg\" data-rel=\"prettyPhoto[single_pretty_photo]\" title=\"14333063_1076039285825261_4872883568253294279_n\" >\n            <img loading=\"lazy\" decoding=\"async\" width=\"300\" height=\"300\" src=\"https:\/\/www.suzanavisan.com\/wp-content\/uploads\/2019\/05\/14333063_1076039285825261_4872883568253294279_n-300x300.jpg\" class=\"attachment-medium size-medium\" alt=\"\" srcset=\"https:\/\/www.suzanavisan.com\/wp-content\/uploads\/2019\/05\/14333063_1076039285825261_4872883568253294279_n-300x300.jpg 300w, https:\/\/www.suzanavisan.com\/wp-content\/uploads\/2019\/05\/14333063_1076039285825261_4872883568253294279_n-150x150.jpg 150w, https:\/\/www.suzanavisan.com\/wp-content\/uploads\/2019\/05\/14333063_1076039285825261_4872883568253294279_n-768x768.jpg 768w, https:\/\/www.suzanavisan.com\/wp-content\/uploads\/2019\/05\/14333063_1076039285825261_4872883568253294279_n-550x550.jpg 550w, https:\/\/www.suzanavisan.com\/wp-content\/uploads\/2019\/05\/14333063_1076039285825261_4872883568253294279_n-600x600.jpg 600w, https:\/\/www.suzanavisan.com\/wp-content\/uploads\/2019\/05\/14333063_1076039285825261_4872883568253294279_n-100x100.jpg 100w, https:\/\/www.suzanavisan.com\/wp-content\/uploads\/2019\/05\/14333063_1076039285825261_4872883568253294279_n.jpg 960w\" sizes=\"auto, (max-width: 300px) 100vw, 300px\" \/>            <\/a>\n                    <a href=\"https:\/\/www.suzanavisan.com\/wp-content\/uploads\/2019\/05\/14333844_1076038022492054_5839191642148996604_n.jpg\" data-rel=\"prettyPhoto[single_pretty_photo]\" title=\"14333844_1076038022492054_5839191642148996604_n\" >\n            <img loading=\"lazy\" decoding=\"async\" width=\"300\" height=\"300\" src=\"https:\/\/www.suzanavisan.com\/wp-content\/uploads\/2019\/05\/14333844_1076038022492054_5839191642148996604_n-300x300.jpg\" class=\"attachment-medium size-medium\" alt=\"\" srcset=\"https:\/\/www.suzanavisan.com\/wp-content\/uploads\/2019\/05\/14333844_1076038022492054_5839191642148996604_n-300x300.jpg 300w, https:\/\/www.suzanavisan.com\/wp-content\/uploads\/2019\/05\/14333844_1076038022492054_5839191642148996604_n-150x150.jpg 150w, https:\/\/www.suzanavisan.com\/wp-content\/uploads\/2019\/05\/14333844_1076038022492054_5839191642148996604_n-768x768.jpg 768w, https:\/\/www.suzanavisan.com\/wp-content\/uploads\/2019\/05\/14333844_1076038022492054_5839191642148996604_n-550x550.jpg 550w, https:\/\/www.suzanavisan.com\/wp-content\/uploads\/2019\/05\/14333844_1076038022492054_5839191642148996604_n-600x600.jpg 600w, https:\/\/www.suzanavisan.com\/wp-content\/uploads\/2019\/05\/14333844_1076038022492054_5839191642148996604_n-100x100.jpg 100w, https:\/\/www.suzanavisan.com\/wp-content\/uploads\/2019\/05\/14333844_1076038022492054_5839191642148996604_n.jpg 960w\" sizes=\"auto, (max-width: 300px) 100vw, 300px\" \/>            <\/a>\n                    <a href=\"https:\/\/www.suzanavisan.com\/wp-content\/uploads\/2019\/05\/14364732_1076038015825388_7253634602779933896_n.jpg\" data-rel=\"prettyPhoto[single_pretty_photo]\" title=\"14364732_1076038015825388_7253634602779933896_n\" >\n            <img loading=\"lazy\" decoding=\"async\" width=\"300\" height=\"300\" src=\"https:\/\/www.suzanavisan.com\/wp-content\/uploads\/2019\/05\/14364732_1076038015825388_7253634602779933896_n-300x300.jpg\" class=\"attachment-medium size-medium\" alt=\"\" srcset=\"https:\/\/www.suzanavisan.com\/wp-content\/uploads\/2019\/05\/14364732_1076038015825388_7253634602779933896_n-300x300.jpg 300w, https:\/\/www.suzanavisan.com\/wp-content\/uploads\/2019\/05\/14364732_1076038015825388_7253634602779933896_n-150x150.jpg 150w, https:\/\/www.suzanavisan.com\/wp-content\/uploads\/2019\/05\/14364732_1076038015825388_7253634602779933896_n-768x768.jpg 768w, https:\/\/www.suzanavisan.com\/wp-content\/uploads\/2019\/05\/14364732_1076038015825388_7253634602779933896_n-550x550.jpg 550w, https:\/\/www.suzanavisan.com\/wp-content\/uploads\/2019\/05\/14364732_1076038015825388_7253634602779933896_n-600x600.jpg 600w, https:\/\/www.suzanavisan.com\/wp-content\/uploads\/2019\/05\/14364732_1076038015825388_7253634602779933896_n-100x100.jpg 100w, https:\/\/www.suzanavisan.com\/wp-content\/uploads\/2019\/05\/14364732_1076038015825388_7253634602779933896_n.jpg 960w\" sizes=\"auto, (max-width: 300px) 100vw, 300px\" \/>            <\/a>\n                    <a href=\"https:\/\/www.suzanavisan.com\/wp-content\/uploads\/2019\/05\/15192582_1144893888939800_8154236983599934857_n.jpg\" data-rel=\"prettyPhoto[single_pretty_photo]\" title=\"15192582_1144893888939800_8154236983599934857_n\" >\n            <img loading=\"lazy\" decoding=\"async\" width=\"300\" height=\"300\" src=\"https:\/\/www.suzanavisan.com\/wp-content\/uploads\/2019\/05\/15192582_1144893888939800_8154236983599934857_n-300x300.jpg\" class=\"attachment-medium size-medium\" alt=\"\" srcset=\"https:\/\/www.suzanavisan.com\/wp-content\/uploads\/2019\/05\/15192582_1144893888939800_8154236983599934857_n-300x300.jpg 300w, https:\/\/www.suzanavisan.com\/wp-content\/uploads\/2019\/05\/15192582_1144893888939800_8154236983599934857_n-150x150.jpg 150w, https:\/\/www.suzanavisan.com\/wp-content\/uploads\/2019\/05\/15192582_1144893888939800_8154236983599934857_n-768x768.jpg 768w, https:\/\/www.suzanavisan.com\/wp-content\/uploads\/2019\/05\/15192582_1144893888939800_8154236983599934857_n-550x550.jpg 550w, https:\/\/www.suzanavisan.com\/wp-content\/uploads\/2019\/05\/15192582_1144893888939800_8154236983599934857_n-600x600.jpg 600w, https:\/\/www.suzanavisan.com\/wp-content\/uploads\/2019\/05\/15192582_1144893888939800_8154236983599934857_n-100x100.jpg 100w, https:\/\/www.suzanavisan.com\/wp-content\/uploads\/2019\/05\/15192582_1144893888939800_8154236983599934857_n.jpg 960w\" sizes=\"auto, (max-width: 300px) 100vw, 300px\" \/>            <\/a>\n            <\/div>\n<\/div>[\/vc_column][\/vc_row]<\/p>\n<\/div>","protected":false},"excerpt":{"rendered":"<p>[vc_row content_width=&#8221;grid&#8221; content_aligment=&#8221;center&#8221; center_bck_image=&#8221;yes&#8221; css=&#8221;.vc_custom_1556807002388{padding-top: 110px !important;padding-bottom: 85px !important;}&#8221;][vc_column css=&#8221;.vc_custom_1556806673321{padding-right: 5% !important;padding-left: 5% !important;}&#8221; offset=&#8221;vc_col-lg-6 vc_col-md-12&#8243; el_class=&#8221;content-no-margin-list&#8221;][vc_empty_space height=&#8221;50px&#8221;][vc_empty_space height=&#8221;14px&#8221;][vc_column_text] Im Vergleich zum Schminken ist das Zupfen der Augenbrauen eine dauerhafte Ver\u00e4nderung, die nicht verschwindet, wenn Sie sich das Gesicht waschen und das gesamte Make-up entfernen&#8230;.<\/p>\n","protected":false},"author":1,"featured_media":0,"parent":0,"menu_order":0,"comment_status":"closed","ping_status":"closed","template":"full-width.php","meta":{"footnotes":""},"class_list":["post-11166","page","type-page","status-publish","hentry"],"translation":{"provider":"WPGlobus","version":"3.0.2","language":"de","enabled_languages":["en","de"],"languages":{"en":{"title":true,"content":true,"excerpt":false},"de":{"title":true,"content":true,"excerpt":false}}},"yoast_head":"<!-- This site is optimized with the Yoast SEO plugin v27.4 - https:\/\/yoast.com\/product\/yoast-seo-wordpress\/ -->\n<title>Eyebrow Styling - Suzana Visan - Professional Make-up Artist<\/title>\n<meta name=\"robots\" content=\"index, follow, max-snippet:-1, max-image-preview:large, max-video-preview:-1\" \/>\n<link rel=\"canonical\" href=\"https:\/\/www.suzanavisan.com\/eyebrows-styling\/\" \/>\n<meta property=\"og:locale\" content=\"de_DE\" \/>\n<meta property=\"og:type\" content=\"article\" \/>\n<meta property=\"og:title\" content=\"Eyebrow Styling - Suzana Visan - Professional Make-up Artist\" \/>\n<meta property=\"og:url\" content=\"https:\/\/www.suzanavisan.com\/eyebrows-styling\/\" \/>\n<meta property=\"og:site_name\" content=\"Suzana Visan - Professional Make-up Artist\" \/>\n<meta property=\"article:publisher\" content=\"https:\/\/www.facebook.com\/Suzana-Visan-Make-up-Artist-229504383812093\/\" \/>\n<meta property=\"article:modified_time\" content=\"2020-10-12T13:00:41+00:00\" \/>\n<meta name=\"twitter:card\" content=\"summary_large_image\" \/>\n<meta name=\"twitter:label1\" content=\"Est. reading time\" \/>\n\t<meta name=\"twitter:data1\" content=\"3 minutes\" \/>\n<script type=\"application\/ld+json\" class=\"yoast-schema-graph\">{\"@context\":\"https:\\\/\\\/schema.org\",\"@graph\":[{\"@type\":\"WebPage\",\"@id\":\"https:\\\/\\\/www.suzanavisan.com\\\/eyebrows-styling\\\/\",\"url\":\"https:\\\/\\\/www.suzanavisan.com\\\/eyebrows-styling\\\/\",\"name\":\"Eyebrow Styling - Suzana Visan - Professional Make-up Artist\",\"isPartOf\":{\"@id\":\"https:\\\/\\\/www.suzanavisan.com\\\/#website\"},\"datePublished\":\"2019-05-02T14:35:39+00:00\",\"dateModified\":\"2020-10-12T13:00:41+00:00\",\"breadcrumb\":{\"@id\":\"https:\\\/\\\/www.suzanavisan.com\\\/eyebrows-styling\\\/#breadcrumb\"},\"inLanguage\":\"de-DE\",\"potentialAction\":[{\"@type\":\"ReadAction\",\"target\":[\"https:\\\/\\\/www.suzanavisan.com\\\/eyebrows-styling\\\/\"]}]},{\"@type\":\"BreadcrumbList\",\"@id\":\"https:\\\/\\\/www.suzanavisan.com\\\/eyebrows-styling\\\/#breadcrumb\",\"itemListElement\":[{\"@type\":\"ListItem\",\"position\":1,\"name\":\"Home\",\"item\":\"https:\\\/\\\/www.suzanavisan.com\\\/\"},{\"@type\":\"ListItem\",\"position\":2,\"name\":\"Eyebrow Styling\"}]},{\"@type\":\"WebSite\",\"@id\":\"https:\\\/\\\/www.suzanavisan.com\\\/#website\",\"url\":\"https:\\\/\\\/www.suzanavisan.com\\\/\",\"name\":\"Suzana Visan - Professional Make-up Artist\",\"description\":\"Professional Make-up Artist | Official Website\",\"publisher\":{\"@id\":\"https:\\\/\\\/www.suzanavisan.com\\\/#organization\"},\"potentialAction\":[{\"@type\":\"SearchAction\",\"target\":{\"@type\":\"EntryPoint\",\"urlTemplate\":\"https:\\\/\\\/www.suzanavisan.com\\\/?s={search_term_string}\"},\"query-input\":{\"@type\":\"PropertyValueSpecification\",\"valueRequired\":true,\"valueName\":\"search_term_string\"}}],\"inLanguage\":\"de-DE\"},{\"@type\":\"Organization\",\"@id\":\"https:\\\/\\\/www.suzanavisan.com\\\/#organization\",\"name\":\"Suzana Visan, Make-up Artist\",\"url\":\"https:\\\/\\\/www.suzanavisan.com\\\/\",\"logo\":{\"@type\":\"ImageObject\",\"inLanguage\":\"de-DE\",\"@id\":\"https:\\\/\\\/www.suzanavisan.com\\\/#\\\/schema\\\/logo\\\/image\\\/\",\"url\":\"https:\\\/\\\/www.suzanavisan.com\\\/wp-content\\\/uploads\\\/2019\\\/02\\\/logo-suzana-1.png\",\"contentUrl\":\"https:\\\/\\\/www.suzanavisan.com\\\/wp-content\\\/uploads\\\/2019\\\/02\\\/logo-suzana-1.png\",\"width\":239,\"height\":65,\"caption\":\"Suzana Visan, Make-up Artist\"},\"image\":{\"@id\":\"https:\\\/\\\/www.suzanavisan.com\\\/#\\\/schema\\\/logo\\\/image\\\/\"},\"sameAs\":[\"https:\\\/\\\/www.facebook.com\\\/Suzana-Visan-Make-up-Artist-229504383812093\\\/\",\"https:\\\/\\\/www.instagram.com\\\/explore\\\/locations\\\/880977788\\\/suzana-visan-make-up-studio\",\"https:\\\/\\\/www.youtube.com\\\/channel\\\/UCPNnJ9bxATbNdfjERVoKEdw\"]}]}<\/script>\n<!-- \/ Yoast SEO plugin. -->","yoast_head_json":{"title":"Eyebrow Styling - Suzana Visan - Professional Make-up Artist","robots":{"index":"index","follow":"follow","max-snippet":"max-snippet:-1","max-image-preview":"max-image-preview:large","max-video-preview":"max-video-preview:-1"},"canonical":"https:\/\/www.suzanavisan.com\/eyebrows-styling\/","og_locale":"de_DE","og_type":"article","og_title":"Eyebrow Styling - Suzana Visan - Professional Make-up Artist","og_url":"https:\/\/www.suzanavisan.com\/eyebrows-styling\/","og_site_name":"Suzana Visan - Professional Make-up Artist","article_publisher":"https:\/\/www.facebook.com\/Suzana-Visan-Make-up-Artist-229504383812093\/","article_modified_time":"2020-10-12T13:00:41+00:00","twitter_card":"summary_large_image","twitter_misc":{"Est. reading time":"3 minutes"},"schema":{"@context":"https:\/\/schema.org","@graph":[{"@type":"WebPage","@id":"https:\/\/www.suzanavisan.com\/eyebrows-styling\/","url":"https:\/\/www.suzanavisan.com\/eyebrows-styling\/","name":"Eyebrow Styling - Suzana Visan - Professional Make-up Artist","isPartOf":{"@id":"https:\/\/www.suzanavisan.com\/#website"},"datePublished":"2019-05-02T14:35:39+00:00","dateModified":"2020-10-12T13:00:41+00:00","breadcrumb":{"@id":"https:\/\/www.suzanavisan.com\/eyebrows-styling\/#breadcrumb"},"inLanguage":"de-DE","potentialAction":[{"@type":"ReadAction","target":["https:\/\/www.suzanavisan.com\/eyebrows-styling\/"]}]},{"@type":"BreadcrumbList","@id":"https:\/\/www.suzanavisan.com\/eyebrows-styling\/#breadcrumb","itemListElement":[{"@type":"ListItem","position":1,"name":"Home","item":"https:\/\/www.suzanavisan.com\/"},{"@type":"ListItem","position":2,"name":"Eyebrow Styling"}]},{"@type":"WebSite","@id":"https:\/\/www.suzanavisan.com\/#website","url":"https:\/\/www.suzanavisan.com\/","name":"Suzana Visan - Professional Make-up Artist","description":"Professional Make-up Artist | Official Website","publisher":{"@id":"https:\/\/www.suzanavisan.com\/#organization"},"potentialAction":[{"@type":"SearchAction","target":{"@type":"EntryPoint","urlTemplate":"https:\/\/www.suzanavisan.com\/?s={search_term_string}"},"query-input":{"@type":"PropertyValueSpecification","valueRequired":true,"valueName":"search_term_string"}}],"inLanguage":"de-DE"},{"@type":"Organization","@id":"https:\/\/www.suzanavisan.com\/#organization","name":"Suzana Visan, Make-up Artist","url":"https:\/\/www.suzanavisan.com\/","logo":{"@type":"ImageObject","inLanguage":"de-DE","@id":"https:\/\/www.suzanavisan.com\/#\/schema\/logo\/image\/","url":"https:\/\/www.suzanavisan.com\/wp-content\/uploads\/2019\/02\/logo-suzana-1.png","contentUrl":"https:\/\/www.suzanavisan.com\/wp-content\/uploads\/2019\/02\/logo-suzana-1.png","width":239,"height":65,"caption":"Suzana Visan, Make-up Artist"},"image":{"@id":"https:\/\/www.suzanavisan.com\/#\/schema\/logo\/image\/"},"sameAs":["https:\/\/www.facebook.com\/Suzana-Visan-Make-up-Artist-229504383812093\/","https:\/\/www.instagram.com\/explore\/locations\/880977788\/suzana-visan-make-up-studio","https:\/\/www.youtube.com\/channel\/UCPNnJ9bxATbNdfjERVoKEdw"]}]}},"_links":{"self":[{"href":"https:\/\/www.suzanavisan.com\/de\/wp-json\/wp\/v2\/pages\/11166","targetHints":{"allow":["GET"]}}],"collection":[{"href":"https:\/\/www.suzanavisan.com\/de\/wp-json\/wp\/v2\/pages"}],"about":[{"href":"https:\/\/www.suzanavisan.com\/de\/wp-json\/wp\/v2\/types\/page"}],"author":[{"embeddable":true,"href":"https:\/\/www.suzanavisan.com\/de\/wp-json\/wp\/v2\/users\/1"}],"replies":[{"embeddable":true,"href":"https:\/\/www.suzanavisan.com\/de\/wp-json\/wp\/v2\/comments?post=11166"}],"version-history":[{"count":10,"href":"https:\/\/www.suzanavisan.com\/de\/wp-json\/wp\/v2\/pages\/11166\/revisions"}],"predecessor-version":[{"id":11605,"href":"https:\/\/www.suzanavisan.com\/de\/wp-json\/wp\/v2\/pages\/11166\/revisions\/11605"}],"wp:attachment":[{"href":"https:\/\/www.suzanavisan.com\/de\/wp-json\/wp\/v2\/media?parent=11166"}],"curies":[{"name":"wp","href":"https:\/\/api.w.org\/{rel}","templated":true}]}}