{"id":11262,"date":"2019-05-22T08:12:48","date_gmt":"2019-05-22T08:12:48","guid":{"rendered":"http:\/\/www.suzanavisan.com\/?page_id=11262"},"modified":"2020-10-08T16:02:56","modified_gmt":"2020-10-08T16:02:56","slug":"vip","status":"publish","type":"page","link":"https:\/\/www.suzanavisan.com\/de\/vip\/","title":{"rendered":"Very Important Projects"},"content":{"rendered":"<div class=\"wpb-content-wrapper\"><p>[vc_row content_width=&#8221;grid&#8221; center_bck_image=&#8221;no&#8221; css=&#8221;.vc_custom_1477553301485{padding-top: 10% !important;padding-bottom: 10% !important;background-image: url(http:\/\/kendall.elated-themes.com\/wp-content\/uploads\/2016\/10\/15pages-title-img-1.jpg?id=8447) !important;}&#8221;][vc_column width=&#8221;5\/6&#8243; offset=&#8221;vc_col-lg-offset-3 vc_col-lg-6 vc_col-md-offset-1 vc_col-md-10 vc_col-sm-offset-1&#8243; css=&#8221;.vc_custom_1477309255185{padding-right: 3% !important;padding-left: 3% !important;}&#8221;]<div class=\"eltd-section-title-outer-holder\" style=\"text-align: center\">\n\n    \t<div class=\"eltd-section-title-title-holder\">\n\t\t<h2 class=\"eltd-section-title\" style=\";font-size: 80px;color: #ffffff;;line-height: 77px;;;\">\n\t\t\tVery Important Projects\t\t<\/h2>\n\t<\/div>\n    \t<span class=\"eltd-title-separator \"><\/span>\n    \n<\/div>[\/vc_column][\/vc_row][vc_row center_bck_image=&#8221;no&#8221; css=&#8221;.vc_custom_1476879140153{padding-bottom: 100px !important;}&#8221;][vc_column css=&#8221;.vc_custom_1476878257617{margin-top: -130px !important;}&#8221;]<div class=\"eltd-elements-holder eltd-responsive-mode-768\" ><div class=\"eltd-elements-holder-item eltd-horizontal-alignment-center\" data-item-class=\"eltd-elements-holder-custom-975587\" data-1024-1280=\"60px 0 0 0\" data-768-1024=\"80px 0 0 0\" data-600-768=\"90px 0 0 0\" data-480-600=\"150px 10px 0 10px\" data-480=\"150px 10px 0 10px\" >\n\t<div class=\"eltd-elements-holder-item-inner\">\n\t\t<div class=\"eltd-elements-holder-item-content eltd-elements-holder-custom-975587\" style=\"padding: -130px 0 0 0\">\n\t\t\t[vc_single_image image=&#8221;11525&#8243; img_size=&#8221;full&#8221; alignment=&#8221;center&#8221;]\t\t<\/div>\n\t<\/div>\n<\/div><\/div>[\/vc_column][\/vc_row][vc_row content_width=&#8221;grid&#8221; center_bck_image=&#8221;no&#8221; css=&#8221;.vc_custom_1477309299040{padding-bottom: 50px !important;}&#8221;][vc_column width=&#8221;5\/6&#8243; offset=&#8221;vc_col-lg-offset-2 vc_col-lg-8 vc_col-md-offset-1 vc_col-md-10 vc_col-sm-offset-1&#8243; css=&#8221;.vc_custom_1553795991546{padding-right: 3% !important;padding-left: 3% !important;}&#8221;]<div class=\"eltd-section-title-outer-holder\" style=\"text-align: center\">\n\n    \t<div class=\"eltd-section-title-title-holder\">\n\t\t<h2 class=\"eltd-section-title\" style=\";;;;;;;\">\n\t\t\tIn den letzten 10 Jahren habe ich folgende Very Important Projects erreicht\t\t<\/h2>\n\t<\/div>\n    \t<span class=\"eltd-title-separator eltd-enable-separator\"><\/span>\n    \n<\/div>[\/vc_column][\/vc_row][vc_row content_width=&#8221;grid&#8221; center_bck_image=&#8221;no&#8221; css=&#8221;.vc_custom_1477309299040{padding-bottom: 50px !important;}&#8221;][vc_column][vc_column_text]<\/p>\n<p style=\"text-align: center;\"><strong>Suzana Visan Make-up Studio, Bukarest, Rum\u00e4nien<\/strong><br \/>\nFreelance Make-up Artist, Augenbrauen Stylistin und Make-Up Trainerin<br \/>\nMake-Up f\u00fcr Hochzeiten \u2013 etwa 350 gl\u00fcckliche Kundinnen pro Jahr<br \/>\nMake-Up f\u00fcr verschiedene Events<br \/>\nAugenbrauen Styling (Henna Spa Technik)<br \/>\nDo-it-Yourself Make-Up \u2013 Gruppenworkshops (10 Workshops pro Jahr und 20 Teilnehmerinnen pro Workshop)<br \/>\nEinzelsessions<\/p>\n<p>[\/vc_column_text][vc_zigzag el_width=&#8221;10&#8243; css=&#8221;.vc_custom_1558708649984{margin-top: 30px !important;}&#8221;][\/vc_column][\/vc_row][vc_row content_width=&#8221;grid&#8221; center_bck_image=&#8221;no&#8221; css=&#8221;.vc_custom_1477309299040{padding-bottom: 50px !important;}&#8221;][vc_column][vc_column_text]<\/p>\n<p style=\"text-align: center;\"><strong>Beauty und Mode:<\/strong><br \/>\nHerbst\/Winter Kampagne f\u00fcr Designerin Ludmila Corlateanu, Studio Zeta, Paris<br \/>\nSommer 2018 Kampagne f\u00fcr Designerin Ludmila Corlateanu \u2013 \u201eMilla Milla Collection\u201c, Mailand, Italien<br \/>\nSAAS Clothing Modekampagne, 2014, Bukarest<br \/>\nIl Paso Sommer 2016 Modekampagne, Bukarest<\/p>\n<p>[\/vc_column_text][vc_zigzag el_width=&#8221;10&#8243; css=&#8221;.vc_custom_1558708649984{margin-top: 30px !important;}&#8221;][\/vc_column][\/vc_row][vc_row content_width=&#8221;grid&#8221; center_bck_image=&#8221;no&#8221; css=&#8221;.vc_custom_1477309299040{padding-bottom: 50px !important;}&#8221;][vc_column][vc_column_text]<\/p>\n<div id=\"m_-5922213269481992272gmail-m_3080195539165552535yui_3_16_0_ym19_1_1556121812273_86382\" dir=\"ltr\" style=\"text-align: center;\"><strong>Modevideos<\/strong>:<br \/>\n\u201ePrincess malade\u201c (2013) und \u201eBelle du Jour\u201c (2014) von Cristina Savulescu<\/div>\n<div dir=\"ltr\" style=\"text-align: center;\">\n<p><strong>Modeshows:<\/strong><\/p>\n<p>Designerin Elena Perseil \u2013 Simply White Collection, 2017, Bukarest<br \/>\nRevlon Hair Fashion Show 2017, Bukarest<br \/>\nSoir\u00e9e de la Mode \u2013 in Memoriam Alexander McQueen\u201c, 2015, Bukarest<br \/>\nCluj Fashion Week, 2013<\/p>\n<\/div>\n<p>[\/vc_column_text][vc_zigzag el_width=&#8221;10&#8243; css=&#8221;.vc_custom_1558708649984{margin-top: 30px !important;}&#8221;][\/vc_column][\/vc_row][vc_row content_width=&#8221;grid&#8221; center_bck_image=&#8221;no&#8221; css=&#8221;.vc_custom_1477309299040{padding-bottom: 50px !important;}&#8221;][vc_column][vc_column_text]<\/p>\n<div id=\"m_-5922213269481992272gmail-m_3080195539165552535yui_3_16_0_ym19_1_1556121812273_86384\" dir=\"ltr\" style=\"text-align: center;\"><strong>Editorials:<\/strong><br \/>\nFallstaff Wien, ProTV Magazin, V for Vintage, Intercoiffure Romania, Ideal Marriage und viele mehr.<\/div>\n<div dir=\"ltr\" style=\"text-align: center;\"><strong>Business Fotoshootings:<\/strong><br \/>\nHewlett Packard, Rompetrol, OMV, Unicredit Bank, Roche, Telekom<\/div>\n<div dir=\"ltr\" style=\"text-align: center;\">\n<p><strong>Make-Up Workshops:<\/strong><\/p>\n<p>Make up Workshop \u201eSun Talks\u201c mit 150 TeilnehmerInnen<br \/>\nTrainerin an der \u201eFundatia Calea Victoriei\u201c<br \/>\nFirmen Events: Microsoft, Oracle, Deutsche Bank, Raiffeisen Bank, Orange<\/p>\n<\/div>\n<p>[\/vc_column_text][vc_zigzag el_width=&#8221;10&#8243; css=&#8221;.vc_custom_1558708649984{margin-top: 30px !important;}&#8221;][\/vc_column][\/vc_row][vc_row content_width=&#8221;grid&#8221; center_bck_image=&#8221;no&#8221; css=&#8221;.vc_custom_1477309299040{padding-bottom: 50px !important;}&#8221;][vc_column][vc_column_text]<\/p>\n<p style=\"text-align: center;\"><strong>Werbeagenturen:<\/strong><br \/>\nSaatchi &amp; Saatchi, Leo Burnett, IB Communication, McCann<\/p>\n<p style=\"text-align: center;\"><strong>Modelagenturen:<\/strong><br \/>\nMRA Models Agency, Best Models Agency, Mandarina Models<\/p>\n<p style=\"text-align: center;\"><strong>TV:<\/strong><br \/>\nUEFA Champions League, Channel 5, London UK- Make-Up f\u00fcr die ModeratorInnen<br \/>\nPRO TV, PRO TV International &amp; Pro Sport \u2013 Rum\u00e4niens bekannteste TV-Sender: Make-Up f\u00fcr die ModeratorInnen und die G\u00e4ste, Fotoshootings, Promo<br \/>\nTVR 1 \u2013 Official TV \u2013 Make-up f\u00fcr die ModeratorInnen und die G\u00e4ste<\/p>\n<p style=\"text-align: center;\"><strong>Oper &amp; Theater:<\/strong><br \/>\nTel Aviv Oper \u2013 Make-Up f\u00fcr das Theater und die Oper<\/p>\n<p>[\/vc_column_text][vc_zigzag el_width=&#8221;10&#8243; css=&#8221;.vc_custom_1558708649984{margin-top: 30px !important;}&#8221;][\/vc_column][\/vc_row]<\/p>\n<\/div>","protected":false},"excerpt":{"rendered":"<p>[vc_row content_width=&#8221;grid&#8221; center_bck_image=&#8221;no&#8221; css=&#8221;.vc_custom_1477553301485{padding-top: 10% !important;padding-bottom: 10% !important;background-image: url(http:\/\/kendall.elated-themes.com\/wp-content\/uploads\/2016\/10\/15pages-title-img-1.jpg?id=8447) !important;}&#8221;][vc_column width=&#8221;5\/6&#8243; offset=&#8221;vc_col-lg-offset-3 vc_col-lg-6 vc_col-md-offset-1 vc_col-md-10 vc_col-sm-offset-1&#8243; css=&#8221;.vc_custom_1477309255185{padding-right: 3% !important;padding-left: 3% !important;}&#8221;][\/vc_column][\/vc_row][vc_row center_bck_image=&#8221;no&#8221; css=&#8221;.vc_custom_1476879140153{padding-bottom: 100px !important;}&#8221;][vc_column css=&#8221;.vc_custom_1476878257617{margin-top: -130px !important;}&#8221;][\/vc_column][\/vc_row][vc_row content_width=&#8221;grid&#8221; center_bck_image=&#8221;no&#8221; css=&#8221;.vc_custom_1477309299040{padding-bottom: 50px !important;}&#8221;][vc_column width=&#8221;5\/6&#8243; offset=&#8221;vc_col-lg-offset-2 vc_col-lg-8 vc_col-md-offset-1 vc_col-md-10 vc_col-sm-offset-1&#8243; css=&#8221;.vc_custom_1553795991546{padding-right: 3% !important;padding-left: 3% !important;}&#8221;][\/vc_column][\/vc_row][vc_row content_width=&#8221;grid&#8221;&#8230;<\/p>\n","protected":false},"author":1,"featured_media":0,"parent":0,"menu_order":0,"comment_status":"closed","ping_status":"closed","template":"full-width.php","meta":{"footnotes":""},"class_list":["post-11262","page","type-page","status-publish","hentry"],"translation":{"provider":"WPGlobus","version":"3.0.2","language":"de","enabled_languages":["en","de"],"languages":{"en":{"title":true,"content":true,"excerpt":false},"de":{"title":true,"content":true,"excerpt":false}}},"yoast_head":"<!-- This site is optimized with the Yoast SEO plugin v27.4 - https:\/\/yoast.com\/product\/yoast-seo-wordpress\/ -->\n<title>Very Important Projects - Suzana Visan - Professional Make-up Artist<\/title>\n<meta name=\"robots\" content=\"index, follow, max-snippet:-1, max-image-preview:large, max-video-preview:-1\" \/>\n<link rel=\"canonical\" href=\"https:\/\/www.suzanavisan.com\/vip\/\" \/>\n<meta property=\"og:locale\" content=\"de_DE\" \/>\n<meta property=\"og:type\" content=\"article\" \/>\n<meta property=\"og:title\" content=\"Very Important Projects - Suzana Visan - Professional Make-up Artist\" \/>\n<meta property=\"og:url\" content=\"https:\/\/www.suzanavisan.com\/vip\/\" \/>\n<meta property=\"og:site_name\" content=\"Suzana Visan - Professional Make-up Artist\" \/>\n<meta property=\"article:publisher\" content=\"https:\/\/www.facebook.com\/Suzana-Visan-Make-up-Artist-229504383812093\/\" \/>\n<meta property=\"article:modified_time\" content=\"2020-10-08T16:02:56+00:00\" \/>\n<meta name=\"twitter:card\" content=\"summary_large_image\" \/>\n<meta name=\"twitter:label1\" content=\"Est. reading time\" \/>\n\t<meta name=\"twitter:data1\" content=\"6 minutes\" \/>\n<script type=\"application\/ld+json\" class=\"yoast-schema-graph\">{\"@context\":\"https:\\\/\\\/schema.org\",\"@graph\":[{\"@type\":\"WebPage\",\"@id\":\"https:\\\/\\\/www.suzanavisan.com\\\/vip\\\/\",\"url\":\"https:\\\/\\\/www.suzanavisan.com\\\/vip\\\/\",\"name\":\"Very Important Projects - Suzana Visan - Professional Make-up Artist\",\"isPartOf\":{\"@id\":\"https:\\\/\\\/www.suzanavisan.com\\\/#website\"},\"datePublished\":\"2019-05-22T08:12:48+00:00\",\"dateModified\":\"2020-10-08T16:02:56+00:00\",\"breadcrumb\":{\"@id\":\"https:\\\/\\\/www.suzanavisan.com\\\/vip\\\/#breadcrumb\"},\"inLanguage\":\"de-DE\",\"potentialAction\":[{\"@type\":\"ReadAction\",\"target\":[\"https:\\\/\\\/www.suzanavisan.com\\\/vip\\\/\"]}]},{\"@type\":\"BreadcrumbList\",\"@id\":\"https:\\\/\\\/www.suzanavisan.com\\\/vip\\\/#breadcrumb\",\"itemListElement\":[{\"@type\":\"ListItem\",\"position\":1,\"name\":\"Home\",\"item\":\"https:\\\/\\\/www.suzanavisan.com\\\/\"},{\"@type\":\"ListItem\",\"position\":2,\"name\":\"Very important projects\"}]},{\"@type\":\"WebSite\",\"@id\":\"https:\\\/\\\/www.suzanavisan.com\\\/#website\",\"url\":\"https:\\\/\\\/www.suzanavisan.com\\\/\",\"name\":\"Suzana Visan - Professional Make-up Artist\",\"description\":\"Professional Make-up Artist | Official Website\",\"publisher\":{\"@id\":\"https:\\\/\\\/www.suzanavisan.com\\\/#organization\"},\"potentialAction\":[{\"@type\":\"SearchAction\",\"target\":{\"@type\":\"EntryPoint\",\"urlTemplate\":\"https:\\\/\\\/www.suzanavisan.com\\\/?s={search_term_string}\"},\"query-input\":{\"@type\":\"PropertyValueSpecification\",\"valueRequired\":true,\"valueName\":\"search_term_string\"}}],\"inLanguage\":\"de-DE\"},{\"@type\":\"Organization\",\"@id\":\"https:\\\/\\\/www.suzanavisan.com\\\/#organization\",\"name\":\"Suzana Visan, Make-up Artist\",\"url\":\"https:\\\/\\\/www.suzanavisan.com\\\/\",\"logo\":{\"@type\":\"ImageObject\",\"inLanguage\":\"de-DE\",\"@id\":\"https:\\\/\\\/www.suzanavisan.com\\\/#\\\/schema\\\/logo\\\/image\\\/\",\"url\":\"https:\\\/\\\/www.suzanavisan.com\\\/wp-content\\\/uploads\\\/2019\\\/02\\\/logo-suzana-1.png\",\"contentUrl\":\"https:\\\/\\\/www.suzanavisan.com\\\/wp-content\\\/uploads\\\/2019\\\/02\\\/logo-suzana-1.png\",\"width\":239,\"height\":65,\"caption\":\"Suzana Visan, Make-up Artist\"},\"image\":{\"@id\":\"https:\\\/\\\/www.suzanavisan.com\\\/#\\\/schema\\\/logo\\\/image\\\/\"},\"sameAs\":[\"https:\\\/\\\/www.facebook.com\\\/Suzana-Visan-Make-up-Artist-229504383812093\\\/\",\"https:\\\/\\\/www.instagram.com\\\/explore\\\/locations\\\/880977788\\\/suzana-visan-make-up-studio\",\"https:\\\/\\\/www.youtube.com\\\/channel\\\/UCPNnJ9bxATbNdfjERVoKEdw\"]}]}<\/script>\n<!-- \/ Yoast SEO plugin. -->","yoast_head_json":{"title":"Very Important Projects - Suzana Visan - Professional Make-up Artist","robots":{"index":"index","follow":"follow","max-snippet":"max-snippet:-1","max-image-preview":"max-image-preview:large","max-video-preview":"max-video-preview:-1"},"canonical":"https:\/\/www.suzanavisan.com\/vip\/","og_locale":"de_DE","og_type":"article","og_title":"Very Important Projects - Suzana Visan - Professional Make-up Artist","og_url":"https:\/\/www.suzanavisan.com\/vip\/","og_site_name":"Suzana Visan - Professional Make-up Artist","article_publisher":"https:\/\/www.facebook.com\/Suzana-Visan-Make-up-Artist-229504383812093\/","article_modified_time":"2020-10-08T16:02:56+00:00","twitter_card":"summary_large_image","twitter_misc":{"Est. reading time":"6 minutes"},"schema":{"@context":"https:\/\/schema.org","@graph":[{"@type":"WebPage","@id":"https:\/\/www.suzanavisan.com\/vip\/","url":"https:\/\/www.suzanavisan.com\/vip\/","name":"Very Important Projects - Suzana Visan - Professional Make-up Artist","isPartOf":{"@id":"https:\/\/www.suzanavisan.com\/#website"},"datePublished":"2019-05-22T08:12:48+00:00","dateModified":"2020-10-08T16:02:56+00:00","breadcrumb":{"@id":"https:\/\/www.suzanavisan.com\/vip\/#breadcrumb"},"inLanguage":"de-DE","potentialAction":[{"@type":"ReadAction","target":["https:\/\/www.suzanavisan.com\/vip\/"]}]},{"@type":"BreadcrumbList","@id":"https:\/\/www.suzanavisan.com\/vip\/#breadcrumb","itemListElement":[{"@type":"ListItem","position":1,"name":"Home","item":"https:\/\/www.suzanavisan.com\/"},{"@type":"ListItem","position":2,"name":"Very important projects"}]},{"@type":"WebSite","@id":"https:\/\/www.suzanavisan.com\/#website","url":"https:\/\/www.suzanavisan.com\/","name":"Suzana Visan - Professional Make-up Artist","description":"Professional Make-up Artist | Official Website","publisher":{"@id":"https:\/\/www.suzanavisan.com\/#organization"},"potentialAction":[{"@type":"SearchAction","target":{"@type":"EntryPoint","urlTemplate":"https:\/\/www.suzanavisan.com\/?s={search_term_string}"},"query-input":{"@type":"PropertyValueSpecification","valueRequired":true,"valueName":"search_term_string"}}],"inLanguage":"de-DE"},{"@type":"Organization","@id":"https:\/\/www.suzanavisan.com\/#organization","name":"Suzana Visan, Make-up Artist","url":"https:\/\/www.suzanavisan.com\/","logo":{"@type":"ImageObject","inLanguage":"de-DE","@id":"https:\/\/www.suzanavisan.com\/#\/schema\/logo\/image\/","url":"https:\/\/www.suzanavisan.com\/wp-content\/uploads\/2019\/02\/logo-suzana-1.png","contentUrl":"https:\/\/www.suzanavisan.com\/wp-content\/uploads\/2019\/02\/logo-suzana-1.png","width":239,"height":65,"caption":"Suzana Visan, Make-up Artist"},"image":{"@id":"https:\/\/www.suzanavisan.com\/#\/schema\/logo\/image\/"},"sameAs":["https:\/\/www.facebook.com\/Suzana-Visan-Make-up-Artist-229504383812093\/","https:\/\/www.instagram.com\/explore\/locations\/880977788\/suzana-visan-make-up-studio","https:\/\/www.youtube.com\/channel\/UCPNnJ9bxATbNdfjERVoKEdw"]}]}},"_links":{"self":[{"href":"https:\/\/www.suzanavisan.com\/de\/wp-json\/wp\/v2\/pages\/11262","targetHints":{"allow":["GET"]}}],"collection":[{"href":"https:\/\/www.suzanavisan.com\/de\/wp-json\/wp\/v2\/pages"}],"about":[{"href":"https:\/\/www.suzanavisan.com\/de\/wp-json\/wp\/v2\/types\/page"}],"author":[{"embeddable":true,"href":"https:\/\/www.suzanavisan.com\/de\/wp-json\/wp\/v2\/users\/1"}],"replies":[{"embeddable":true,"href":"https:\/\/www.suzanavisan.com\/de\/wp-json\/wp\/v2\/comments?post=11262"}],"version-history":[{"count":20,"href":"https:\/\/www.suzanavisan.com\/de\/wp-json\/wp\/v2\/pages\/11262\/revisions"}],"predecessor-version":[{"id":11591,"href":"https:\/\/www.suzanavisan.com\/de\/wp-json\/wp\/v2\/pages\/11262\/revisions\/11591"}],"wp:attachment":[{"href":"https:\/\/www.suzanavisan.com\/de\/wp-json\/wp\/v2\/media?parent=11262"}],"curies":[{"name":"wp","href":"https:\/\/api.w.org\/{rel}","templated":true}]}}