{"id":11736,"date":"2024-02-01T14:39:22","date_gmt":"2024-02-01T14:39:22","guid":{"rendered":"https:\/\/www.suzanavisan.com\/?page_id=11736"},"modified":"2025-11-17T14:53:23","modified_gmt":"2025-11-17T14:53:23","slug":"group-workshops","status":"publish","type":"page","link":"https:\/\/www.suzanavisan.com\/de\/group-workshops\/","title":{"rendered":"Group Workshops"},"content":{"rendered":"<div class=\"wpb-content-wrapper\"><p>[vc_row center_bck_image=&#8221;no&#8221;][vc_column][vc_column_text css=&#8221;&#8221;]<\/p>\n<p style=\"text-align: center;\"><strong>Besondere sch\u00f6nheiterlebnis mit den Gruppen Workshops!<\/strong><br \/>\n<strong>Komm am Bord mit mir auf eine glamur\u00f6se Reise, wo wir unsere individuelle Sch\u00f6nheit gemeinsam feiern. <\/strong><\/p>\n<p>[\/vc_column_text][\/vc_column][\/vc_row][vc_row center_bck_image=&#8221;no&#8221;][vc_column][vc_empty_space][vc_empty_space height=&#8221;12px&#8221;][\/vc_column][\/vc_row][vc_row content_width=&#8221;grid&#8221; center_bck_image=&#8221;no&#8221;][vc_column width=&#8221;1\/2&#8243;][vc_single_image image=&#8221;11868&#8243; img_size=&#8221;medium&#8221; css_animation=&#8221;fadeIn&#8221;][\/vc_column][vc_column width=&#8221;1\/2&#8243;][vc_column_text css=&#8221;&#8221;]<\/p>\n<h3 class=\"workshop-title\">Beauty Date for Two<\/h3>\n<p>Zu zweit ist\u00a0<b>Sch\u00f6nheit noch sch\u00f6ner<\/b> \u2013 erlebt gemeinsam ein <b>besonderes Beauty-Date<\/b>\u00a0voller\u00a0<b>Lachen, Inspiration<\/b>\u00a0und\u00a0<b>unvergesslicher Momente<\/b>.[\/vc_column_text][vc_empty_space height=&#8221;10px&#8221;]<a href=\"https:\/\/www.suzanavisan.com\/de\/beauty-date-for-two\/\" target=\"_self\" style=\"color: #ffffff;background:linear-gradient(to right,#c48561 0,#c48561 50%,#c48561 100%);background-size: 200% 200%;\" class=\"eltd-btn eltd-btn-small eltd-btn-solid eltd-btn-custom-hover-color eltd-btn-icon eltd-btn-gradient_hover\" data-hover-color=\"#ffffff\" data-solid-start-background-color=\"#c48561\" data-solid-end-background-color=\"#c48561\" >\n    <span class=\"eltd-btn-text\">Discover more<\/span>\n    <span aria-hidden=\"true\" class=\"eltd-icon-font-elegant arrow_expand \" ><\/span><\/a>[\/vc_column][\/vc_row][vc_row center_bck_image=&#8221;no&#8221;][vc_column][vc_empty_space]<div class=\"eltd-separator-holder clearfix  eltd-separator-center\">\n\t<div class=\"eltd-separator\" style=\"border-image: linear-gradient(to right, #898989 0%, #abb8c3 100%); border-image-slice: 1;;border-style: solid;width: 100%\"><\/div>\n<\/div>\n[vc_empty_space][\/vc_column][\/vc_row][vc_row content_width=&#8221;grid&#8221; center_bck_image=&#8221;no&#8221;][vc_column width=&#8221;1\/2&#8243;][vc_single_image image=&#8221;11675&#8243; img_size=&#8221;medium&#8221; css_animation=&#8221;fadeIn&#8221;][\/vc_column][vc_column width=&#8221;1\/2&#8243;][vc_column_text css=&#8221;&#8221;]<\/p>\n<h3 class=\"workshop-title\">Makeup party \u201cGirls just wanna have fun\u201d<\/h3>\n<div id=\"m_7125331751459904608m_-8159018700407163473yiv8127922115yui_3_16_0_ym19_1_1559458885469_3951\">\n<p>Feiert eure\u00a0<b>Freundschaft<\/b>\u00a0und entdeckt\u00a0<b>die Welt der Sch\u00f6nheit<\/b>\u00a0\u2013 mit viel\u00a0<b>Spa\u00df, Makeup\u00a0und jeder Menge Glow<\/b>.\u00a0Perfekt f\u00fcr einen\u00a0<strong>Polterabend,\u00a0Geburtstags<wbr \/>feier,\u00a0Bat Mizva<\/strong>\u00a0oder\u00a0zum <strong>18. Geburtstag<\/strong>.<\/p>\n<\/div>\n<p>[\/vc_column_text][vc_empty_space height=&#8221;10px&#8221;]<a href=\"https:\/\/www.suzanavisan.com\/de\/make-up-party-girls-just-wanna-have-fun\/\" target=\"_self\" style=\"color: #ffffff;background:linear-gradient(to right,#c48561 0,#c48561 50%,#c48561 100%);background-size: 200% 200%;\" class=\"eltd-btn eltd-btn-small eltd-btn-solid eltd-btn-custom-hover-color eltd-btn-icon eltd-btn-gradient_hover\" data-hover-color=\"#ffffff\" data-solid-start-background-color=\"#c48561\" data-solid-end-background-color=\"#c48561\" >\n    <span class=\"eltd-btn-text\">Discover more<\/span>\n    <span aria-hidden=\"true\" class=\"eltd-icon-font-elegant arrow_expand \" ><\/span><\/a>[\/vc_column][\/vc_row][vc_row center_bck_image=&#8221;no&#8221;][vc_column][vc_empty_space]<div class=\"eltd-separator-holder clearfix  eltd-separator-center\">\n\t<div class=\"eltd-separator\" style=\"border-image: linear-gradient(to right, #898989 0%, #abb8c3 100%); border-image-slice: 1;;border-style: solid;width: 100%\"><\/div>\n<\/div>\n[vc_empty_space][\/vc_column][\/vc_row][vc_row content_width=&#8221;grid&#8221; center_bck_image=&#8221;no&#8221;][vc_column width=&#8221;1\/2&#8243;][vc_single_image image=&#8221;11674&#8243; img_size=&#8221;medium&#8221; css_animation=&#8221;fadeIn&#8221;][\/vc_column][vc_column width=&#8221;1\/2&#8243;][vc_column_text css=&#8221;&#8221;]<\/p>\n<h3 class=\"workshop-title\">Mom &amp; Me Beauty Date<\/h3>\n<div id=\"m_7125331751459904608m_-8159018700407163473yiv8127922115yui_3_16_0_ym19_1_1559458885469_3951\">\n<p>Ein\u00a0\u00a0<b>liebevolles<\/b>\u00a0<b>Beauty-Erlebnis<\/b>, das Generationen verbindet \u2013 wo Mutter und Tochter gemeinsam ihre\u00a0<b>nat\u00fcrliche Sch\u00f6nheit\u00a0<\/b>und\u00a0<b>innere Strahlkraft<\/b>\u00a0entdecken.<\/p>\n<\/div>\n<p>[\/vc_column_text][vc_empty_space height=&#8221;10px&#8221;]<a href=\"https:\/\/www.suzanavisan.com\/de\/mom-me-beauty-date\/\" target=\"_self\" style=\"color: #ffffff;background:linear-gradient(to right,#c48561 0,#c48561 50%,#c48561 100%);background-size: 200% 200%;\" class=\"eltd-btn eltd-btn-small eltd-btn-solid eltd-btn-custom-hover-color eltd-btn-icon eltd-btn-gradient_hover\" data-hover-color=\"#ffffff\" data-solid-start-background-color=\"#c48561\" data-solid-end-background-color=\"#c48561\" >\n    <span class=\"eltd-btn-text\">Discover more<\/span>\n    <span aria-hidden=\"true\" class=\"eltd-icon-font-elegant arrow_expand \" ><\/span><\/a>[\/vc_column][\/vc_row][vc_row center_bck_image=&#8221;no&#8221;][vc_column][vc_empty_space]<div class=\"eltd-separator-holder clearfix  eltd-separator-center\">\n\t<div class=\"eltd-separator\" style=\"border-image: linear-gradient(to right, #898989 0%, #abb8c3 100%); border-image-slice: 1;;border-style: solid;width: 100%\"><\/div>\n<\/div>\n[vc_empty_space][\/vc_column][\/vc_row][vc_row content_width=&#8221;grid&#8221; center_bck_image=&#8221;no&#8221;][vc_column width=&#8221;1\/2&#8243;][vc_single_image image=&#8221;11677&#8243; img_size=&#8221;medium&#8221; css_animation=&#8221;fadeIn&#8221;][\/vc_column][vc_column width=&#8221;1\/2&#8243;][vc_column_text css=&#8221;&#8221;]<\/p>\n<h3 class=\"workshop-title\">Team-Building Makeup Workshop<\/h3>\n<div id=\"m_7125331751459904608m_-8159018700407163473yiv8127922115yui_3_16_0_ym19_1_1559458885469_3951\">\n<p>St\u00e4rkt euer Team auf eine neue,\u00a0<b>feminine Art\u00a0<\/b>\u2013 mit einem\u00a0<b>Beauty-Workshop<\/b>, der\u00a0<b>Spa\u00df, Selbstbewusstsein <\/b>und\u00a0<b>Zusammenhalt<\/b>\u00a0schenkt.<\/p>\n<\/div>\n<p>[\/vc_column_text][vc_empty_space height=&#8221;10px&#8221;]<a href=\"https:\/\/www.suzanavisan.com\/de\/team-builduing-makeup-workshop\/\" target=\"_self\" style=\"color: #ffffff;background:linear-gradient(to right,#c48561 0,#c48561 50%,#c48561 100%);background-size: 200% 200%;\" class=\"eltd-btn eltd-btn-small eltd-btn-solid eltd-btn-custom-hover-color eltd-btn-icon eltd-btn-gradient_hover\" data-hover-color=\"#ffffff\" data-solid-start-background-color=\"#c48561\" data-solid-end-background-color=\"#c48561\" >\n    <span class=\"eltd-btn-text\">Discover more<\/span>\n    <span aria-hidden=\"true\" class=\"eltd-icon-font-elegant arrow_expand \" ><\/span><\/a>[\/vc_column][\/vc_row][vc_row center_bck_image=&#8221;no&#8221;][vc_column][vc_empty_space]<div class=\"eltd-separator-holder clearfix  eltd-separator-center\">\n\t<div class=\"eltd-separator\" style=\"border-image: linear-gradient(to right, #898989 0%, #abb8c3 100%); border-image-slice: 1;;border-style: solid;width: 100%\"><\/div>\n<\/div>\n[vc_empty_space][\/vc_column][\/vc_row][vc_row content_width=&#8221;grid&#8221; center_bck_image=&#8221;no&#8221;][vc_column width=&#8221;1\/2&#8243;][vc_single_image image=&#8221;12272&#8243; img_size=&#8221;medium&#8221; css_animation=&#8221;fadeIn&#8221;][\/vc_column][vc_column width=&#8221;1\/2&#8243;][vc_column_text css=&#8221;&#8221;]<\/p>\n<h3 class=\"workshop-title\">Unlock your Beauty : Demo Presentation<\/h3>\n<div id=\"m_7125331751459904608m_-8159018700407163473yiv8127922115yui_3_16_0_ym19_1_1559458885469_3951\">\n<p>Durch eine\u00a0<strong>Live Makeup Demo<\/strong>\u00a0und eine\u00a0<strong>pers\u00f6nliche Beratung<\/strong>, lernt ihr, eure\u00a0<strong>individuelle Ausstrahlung\u00a0<\/strong>zu unterstreichen.<\/p>\n<\/div>\n<p>[\/vc_column_text][vc_empty_space height=&#8221;10px&#8221;]<a href=\"https:\/\/www.suzanavisan.com\/de\/unlock-your-beauty-demo-presentation\/\" target=\"_self\" style=\"color: #ffffff;background:linear-gradient(to right,#c48561 0,#c48561 50%,#c48561 100%);background-size: 200% 200%;\" class=\"eltd-btn eltd-btn-small eltd-btn-solid eltd-btn-custom-hover-color eltd-btn-icon eltd-btn-gradient_hover\" data-hover-color=\"#ffffff\" data-solid-start-background-color=\"#c48561\" data-solid-end-background-color=\"#c48561\" >\n    <span class=\"eltd-btn-text\">Discover more<\/span>\n    <span aria-hidden=\"true\" class=\"eltd-icon-font-elegant arrow_expand \" ><\/span><\/a>[\/vc_column][\/vc_row][vc_row center_bck_image=&#8221;no&#8221;][vc_column][vc_empty_space]<div class=\"eltd-separator-holder clearfix  eltd-separator-center\">\n\t<div class=\"eltd-separator\" style=\"border-image: linear-gradient(to right, #898989 0%, #abb8c3 100%); border-image-slice: 1;;border-style: solid;width: 100%\"><\/div>\n<\/div>\n[vc_empty_space][\/vc_column][\/vc_row]<\/p>\n<\/div>","protected":false},"excerpt":{"rendered":"<p>[vc_row center_bck_image=&#8221;no&#8221;][vc_column][vc_column_text css=&#8221;&#8221;] Besondere sch\u00f6nheiterlebnis mit den Gruppen Workshops! Komm am Bord mit mir auf eine glamur\u00f6se Reise, wo wir unsere individuelle Sch\u00f6nheit gemeinsam feiern. [\/vc_column_text][\/vc_column][\/vc_row][vc_row center_bck_image=&#8221;no&#8221;][vc_column][vc_empty_space][vc_empty_space height=&#8221;12px&#8221;][\/vc_column][\/vc_row][vc_row content_width=&#8221;grid&#8221; center_bck_image=&#8221;no&#8221;][vc_column width=&#8221;1\/2&#8243;][vc_single_image image=&#8221;11868&#8243; img_size=&#8221;medium&#8221; css_animation=&#8221;fadeIn&#8221;][\/vc_column][vc_column width=&#8221;1\/2&#8243;][vc_column_text css=&#8221;&#8221;] Beauty Date for Two Zu zweit ist\u00a0Sch\u00f6nheit noch sch\u00f6ner&#8230;<\/p>\n","protected":false},"author":1,"featured_media":0,"parent":0,"menu_order":0,"comment_status":"closed","ping_status":"closed","template":"full-width.php","meta":{"footnotes":""},"class_list":["post-11736","page","type-page","status-publish","hentry"],"translation":{"provider":"WPGlobus","version":"3.0.2","language":"de","enabled_languages":["en","de"],"languages":{"en":{"title":true,"content":true,"excerpt":false},"de":{"title":true,"content":true,"excerpt":false}}},"yoast_head":"<!-- This site is optimized with the Yoast SEO plugin v27.4 - https:\/\/yoast.com\/product\/yoast-seo-wordpress\/ -->\n<title>Group Workshops - Suzana Visan - Professional Make-up Artist<\/title>\n<meta name=\"robots\" content=\"index, follow, max-snippet:-1, max-image-preview:large, max-video-preview:-1\" \/>\n<link rel=\"canonical\" href=\"https:\/\/www.suzanavisan.com\/group-workshops\/\" \/>\n<meta property=\"og:locale\" content=\"de_DE\" \/>\n<meta property=\"og:type\" content=\"article\" \/>\n<meta property=\"og:title\" content=\"Group Workshops - Suzana Visan - Professional Make-up Artist\" \/>\n<meta property=\"og:url\" content=\"https:\/\/www.suzanavisan.com\/group-workshops\/\" \/>\n<meta property=\"og:site_name\" content=\"Suzana Visan - Professional Make-up Artist\" \/>\n<meta property=\"article:publisher\" content=\"https:\/\/www.facebook.com\/Suzana-Visan-Make-up-Artist-229504383812093\/\" \/>\n<meta property=\"article:modified_time\" content=\"2025-11-17T14:53:23+00:00\" \/>\n<meta name=\"twitter:card\" content=\"summary_large_image\" \/>\n<meta name=\"twitter:label1\" content=\"Est. reading time\" \/>\n\t<meta name=\"twitter:data1\" content=\"3 minutes\" \/>\n<script type=\"application\/ld+json\" class=\"yoast-schema-graph\">{\"@context\":\"https:\\\/\\\/schema.org\",\"@graph\":[{\"@type\":\"WebPage\",\"@id\":\"https:\\\/\\\/www.suzanavisan.com\\\/group-workshops\\\/\",\"url\":\"https:\\\/\\\/www.suzanavisan.com\\\/group-workshops\\\/\",\"name\":\"Group Workshops - Suzana Visan - Professional Make-up Artist\",\"isPartOf\":{\"@id\":\"https:\\\/\\\/www.suzanavisan.com\\\/#website\"},\"datePublished\":\"2024-02-01T14:39:22+00:00\",\"dateModified\":\"2025-11-17T14:53:23+00:00\",\"breadcrumb\":{\"@id\":\"https:\\\/\\\/www.suzanavisan.com\\\/group-workshops\\\/#breadcrumb\"},\"inLanguage\":\"de-DE\",\"potentialAction\":[{\"@type\":\"ReadAction\",\"target\":[\"https:\\\/\\\/www.suzanavisan.com\\\/group-workshops\\\/\"]}]},{\"@type\":\"BreadcrumbList\",\"@id\":\"https:\\\/\\\/www.suzanavisan.com\\\/group-workshops\\\/#breadcrumb\",\"itemListElement\":[{\"@type\":\"ListItem\",\"position\":1,\"name\":\"Home\",\"item\":\"https:\\\/\\\/www.suzanavisan.com\\\/\"},{\"@type\":\"ListItem\",\"position\":2,\"name\":\"Group Workshops\"}]},{\"@type\":\"WebSite\",\"@id\":\"https:\\\/\\\/www.suzanavisan.com\\\/#website\",\"url\":\"https:\\\/\\\/www.suzanavisan.com\\\/\",\"name\":\"Suzana Visan - Professional Make-up Artist\",\"description\":\"Professional Make-up Artist | Official Website\",\"publisher\":{\"@id\":\"https:\\\/\\\/www.suzanavisan.com\\\/#organization\"},\"potentialAction\":[{\"@type\":\"SearchAction\",\"target\":{\"@type\":\"EntryPoint\",\"urlTemplate\":\"https:\\\/\\\/www.suzanavisan.com\\\/?s={search_term_string}\"},\"query-input\":{\"@type\":\"PropertyValueSpecification\",\"valueRequired\":true,\"valueName\":\"search_term_string\"}}],\"inLanguage\":\"de-DE\"},{\"@type\":\"Organization\",\"@id\":\"https:\\\/\\\/www.suzanavisan.com\\\/#organization\",\"name\":\"Suzana Visan, Make-up Artist\",\"url\":\"https:\\\/\\\/www.suzanavisan.com\\\/\",\"logo\":{\"@type\":\"ImageObject\",\"inLanguage\":\"de-DE\",\"@id\":\"https:\\\/\\\/www.suzanavisan.com\\\/#\\\/schema\\\/logo\\\/image\\\/\",\"url\":\"https:\\\/\\\/www.suzanavisan.com\\\/wp-content\\\/uploads\\\/2019\\\/02\\\/logo-suzana-1.png\",\"contentUrl\":\"https:\\\/\\\/www.suzanavisan.com\\\/wp-content\\\/uploads\\\/2019\\\/02\\\/logo-suzana-1.png\",\"width\":239,\"height\":65,\"caption\":\"Suzana Visan, Make-up Artist\"},\"image\":{\"@id\":\"https:\\\/\\\/www.suzanavisan.com\\\/#\\\/schema\\\/logo\\\/image\\\/\"},\"sameAs\":[\"https:\\\/\\\/www.facebook.com\\\/Suzana-Visan-Make-up-Artist-229504383812093\\\/\",\"https:\\\/\\\/www.instagram.com\\\/explore\\\/locations\\\/880977788\\\/suzana-visan-make-up-studio\",\"https:\\\/\\\/www.youtube.com\\\/channel\\\/UCPNnJ9bxATbNdfjERVoKEdw\"]}]}<\/script>\n<!-- \/ Yoast SEO plugin. -->","yoast_head_json":{"title":"Group Workshops - Suzana Visan - Professional Make-up Artist","robots":{"index":"index","follow":"follow","max-snippet":"max-snippet:-1","max-image-preview":"max-image-preview:large","max-video-preview":"max-video-preview:-1"},"canonical":"https:\/\/www.suzanavisan.com\/group-workshops\/","og_locale":"de_DE","og_type":"article","og_title":"Group Workshops - Suzana Visan - Professional Make-up Artist","og_url":"https:\/\/www.suzanavisan.com\/group-workshops\/","og_site_name":"Suzana Visan - Professional Make-up Artist","article_publisher":"https:\/\/www.facebook.com\/Suzana-Visan-Make-up-Artist-229504383812093\/","article_modified_time":"2025-11-17T14:53:23+00:00","twitter_card":"summary_large_image","twitter_misc":{"Est. reading time":"3 minutes"},"schema":{"@context":"https:\/\/schema.org","@graph":[{"@type":"WebPage","@id":"https:\/\/www.suzanavisan.com\/group-workshops\/","url":"https:\/\/www.suzanavisan.com\/group-workshops\/","name":"Group Workshops - Suzana Visan - Professional Make-up Artist","isPartOf":{"@id":"https:\/\/www.suzanavisan.com\/#website"},"datePublished":"2024-02-01T14:39:22+00:00","dateModified":"2025-11-17T14:53:23+00:00","breadcrumb":{"@id":"https:\/\/www.suzanavisan.com\/group-workshops\/#breadcrumb"},"inLanguage":"de-DE","potentialAction":[{"@type":"ReadAction","target":["https:\/\/www.suzanavisan.com\/group-workshops\/"]}]},{"@type":"BreadcrumbList","@id":"https:\/\/www.suzanavisan.com\/group-workshops\/#breadcrumb","itemListElement":[{"@type":"ListItem","position":1,"name":"Home","item":"https:\/\/www.suzanavisan.com\/"},{"@type":"ListItem","position":2,"name":"Group Workshops"}]},{"@type":"WebSite","@id":"https:\/\/www.suzanavisan.com\/#website","url":"https:\/\/www.suzanavisan.com\/","name":"Suzana Visan - Professional Make-up Artist","description":"Professional Make-up Artist | Official Website","publisher":{"@id":"https:\/\/www.suzanavisan.com\/#organization"},"potentialAction":[{"@type":"SearchAction","target":{"@type":"EntryPoint","urlTemplate":"https:\/\/www.suzanavisan.com\/?s={search_term_string}"},"query-input":{"@type":"PropertyValueSpecification","valueRequired":true,"valueName":"search_term_string"}}],"inLanguage":"de-DE"},{"@type":"Organization","@id":"https:\/\/www.suzanavisan.com\/#organization","name":"Suzana Visan, Make-up Artist","url":"https:\/\/www.suzanavisan.com\/","logo":{"@type":"ImageObject","inLanguage":"de-DE","@id":"https:\/\/www.suzanavisan.com\/#\/schema\/logo\/image\/","url":"https:\/\/www.suzanavisan.com\/wp-content\/uploads\/2019\/02\/logo-suzana-1.png","contentUrl":"https:\/\/www.suzanavisan.com\/wp-content\/uploads\/2019\/02\/logo-suzana-1.png","width":239,"height":65,"caption":"Suzana Visan, Make-up Artist"},"image":{"@id":"https:\/\/www.suzanavisan.com\/#\/schema\/logo\/image\/"},"sameAs":["https:\/\/www.facebook.com\/Suzana-Visan-Make-up-Artist-229504383812093\/","https:\/\/www.instagram.com\/explore\/locations\/880977788\/suzana-visan-make-up-studio","https:\/\/www.youtube.com\/channel\/UCPNnJ9bxATbNdfjERVoKEdw"]}]}},"_links":{"self":[{"href":"https:\/\/www.suzanavisan.com\/de\/wp-json\/wp\/v2\/pages\/11736","targetHints":{"allow":["GET"]}}],"collection":[{"href":"https:\/\/www.suzanavisan.com\/de\/wp-json\/wp\/v2\/pages"}],"about":[{"href":"https:\/\/www.suzanavisan.com\/de\/wp-json\/wp\/v2\/types\/page"}],"author":[{"embeddable":true,"href":"https:\/\/www.suzanavisan.com\/de\/wp-json\/wp\/v2\/users\/1"}],"replies":[{"embeddable":true,"href":"https:\/\/www.suzanavisan.com\/de\/wp-json\/wp\/v2\/comments?post=11736"}],"version-history":[{"count":6,"href":"https:\/\/www.suzanavisan.com\/de\/wp-json\/wp\/v2\/pages\/11736\/revisions"}],"predecessor-version":[{"id":13007,"href":"https:\/\/www.suzanavisan.com\/de\/wp-json\/wp\/v2\/pages\/11736\/revisions\/13007"}],"wp:attachment":[{"href":"https:\/\/www.suzanavisan.com\/de\/wp-json\/wp\/v2\/media?parent=11736"}],"curies":[{"name":"wp","href":"https:\/\/api.w.org\/{rel}","templated":true}]}}