{"id":11818,"date":"2024-02-02T15:17:17","date_gmt":"2024-02-02T15:17:17","guid":{"rendered":"https:\/\/www.suzanavisan.com\/?page_id=11818"},"modified":"2025-11-14T16:00:07","modified_gmt":"2025-11-14T16:00:07","slug":"quick-chic-makeup-for-busy-ladies-moms-on-the-run","status":"publish","type":"page","link":"https:\/\/www.suzanavisan.com\/de\/quick-chic-makeup-for-busy-ladies-moms-on-the-run\/","title":{"rendered":"Quick &#038; Chic: Makeup f\u00fcr Moms On-The-Run"},"content":{"rendered":"<div class=\"wpb-content-wrapper\"><p>[vc_row center_bck_image=&#8221;no&#8221;][vc_column width=&#8221;1\/2&#8243;][vc_column_text css=&#8221;&#8221;]<\/p>\n<h3 class=\"workshop-title\"><strong>Quick &amp; Chic: Makeup f\u00fcr Moms On-The-Run<\/strong><\/h3>\n<p>Ideal f\u00fcr alle \u201cmoms on-the-run\u201d, die in nur <strong>wenigen Minuten gut aussehen<\/strong> und sich <strong>gut f\u00fchlen<\/strong> m\u00f6chten. Der perfekte \u201cGlow\u201d braucht nicht viel Zeit \u2013 in nur <strong>wenigen Schritten<\/strong> kannst du strahlen, egal wie voll dein Tag ist.<\/p>\n<h4 style=\"text-align: center;\"><strong><span style=\"color: #958176;\">Was dich in diesem Workshop erwartet:<\/span><\/strong><\/h4>\n<p>\u2713 <strong>Praktische Tipps &amp; zeitsparende Make-up Tricks<\/strong>, mit denen du in wenigen Minuten einen <strong>frischen, gepflegten Look<\/strong> erzielst.<\/p>\n<p>\u2713 Entdecke <strong>Makeup Essentials<\/strong> und <strong>vielf\u00e4ltig einsetzbare Produkte<\/strong>, die deine <strong>Morgenroutine<\/strong> erleichter<wbr \/>n<\/p>\n<p>\u2713 Erfahre wie du dich den ganzen Tag sch\u00f6ner f\u00fchlst und ein <strong>langanhaltendes Ergebnis<\/strong> erzielst \u2013 <strong>ohne st\u00e4ndiges Nachschminken<\/strong>.<\/p>\n<p>\u2713 <strong>Individuelle Beratung <\/strong>&#8211; lerne <strong>Makeup Strategien und Beauty-Hacks<\/strong>, die zu deinem Stil, Hauttyp und deinen pers\u00f6nlichen Vorlieben passen.<\/p>\n<p>\u2713 <strong>Makeup Bag Check<\/strong>: bring deine Produkte mit und finde heraus, was zu dir passt, was weniger \u2013 und wie du deine Schminktasche besser organisieren kannst.<\/p>\n<p>\u2713 <strong>Kurze, st\u00e4rkende<\/strong> Selbstreflexion (optional) \u2013 f\u00fcr mehr <strong>Selbstliebe<\/strong>, Verbindung zu deiner <strong>inneren Sch\u00f6nheit<\/strong> und ein <strong>gest\u00e4rktes Selbstbewusstsein<\/strong>.<\/p>\n<p>\u2713 <strong>Pers\u00f6nliche Handouts zum Mitnehmen<\/strong> \u2013 als <strong>Unterst\u00fctzung<\/strong> und <strong>Orientierung<\/strong>\u00a0f\u00fcr deine zuk\u00fcnftigen\u00a0<strong>Beauty-Choices<\/strong>[\/vc_column_text][\/vc_column][vc_column width=&#8221;1\/2&#8243;][vc_single_image image=&#8221;11660&#8243; img_size=&#8221;large&#8221;][\/vc_column][\/vc_row][vc_row center_bck_image=&#8221;no&#8221;][vc_column][vc_column_text css=&#8221;&#8221;]<strong>Makeup Tools Kit inklusive, damit du gleich am n\u00e4chsten Tag weiter\u00fcben kannst &amp; \u00dcberraschungsgeschenke.\u00a0<\/strong>[\/vc_column_text][\/vc_column][\/vc_row][vc_row center_bck_image=&#8221;no&#8221;][vc_column][vc_empty_space height=&#8221;16px&#8221;][\/vc_column][\/vc_row][vc_row center_bck_image=&#8221;no&#8221;][vc_column][vc_column_text css=&#8221;&#8221;]<strong>Dieser Workshop kann eine oder zwei Sessions umfassen:<\/strong><\/p>\n<p><strong>Haupt-Session: 1 Stunde\/1,5 Stunden<\/strong><\/p>\n<p><strong>Follow-up-Session: 40 min\/ 1 Stunde<\/strong><\/p>\n<p><strong>Alle Details zu den einzelnen Sessions findest du <a href=\"https:\/\/www.suzanavisan.com\/main-sesion-follow-up\/\">hier<\/a>.<\/strong>[\/vc_column_text][\/vc_column][\/vc_row][vc_row center_bck_image=&#8221;no&#8221;][vc_column][vc_empty_space][vc_column_text css=&#8221;&#8221;]<\/p>\n<h4 style=\"text-align: center;\">Warum nicht Freude schenken? Mit einem personalisierten, liebevoll verpackten Gutschein kann jeder Workshop zum ultimativen Geschenk werden.<br \/>\nKontaktiere mich<\/h4>\n<p>[\/vc_column_text][vc_empty_space][\/vc_column][\/vc_row][vc_row content_width=&#8221;grid&#8221; content_aligment=&#8221;center&#8221; center_bck_image=&#8221;no&#8221;][vc_column]<a href=\"https:\/\/www.suzanavisan.com\/de\/contact-me\/\" target=\"_self\" style=\"color: #ffffff;background:linear-gradient(to right,#c48561 0,#c48561 50%,#c48561 100%);background-size: 200% 200%;\" class=\"eltd-btn eltd-btn-small eltd-btn-solid eltd-btn-custom-hover-color eltd-btn-icon eltd-btn-gradient_hover\" data-hover-color=\"#ffffff\" data-solid-start-background-color=\"#c48561\" data-solid-end-background-color=\"#c48561\" >\n    <span class=\"eltd-btn-text\">F\u00fcr mehr Info kontaktiere mich<\/span>\n    <span aria-hidden=\"true\" class=\"eltd-icon-font-elegant icon_contacts_alt \" ><\/span><\/a>[\/vc_column][\/vc_row][vc_row content_width=&#8221;grid&#8221; content_aligment=&#8221;center&#8221; center_bck_image=&#8221;no&#8221;][vc_column][vc_empty_space height=&#8221;12px&#8221;]\n    <span class=\"eltd-icon-shortcode normal eltd-icon-medium\" style=\"margin: 15px\" data-hover-color=\"#c48561\" data-color=\"#c48561\">\n                    <a class=\"\"  href=\"https:\/\/wa.me\/436605118354\" target=\"_self\">\n        \n        <i class=\"eltd-icon-font-awesome fa fa-whatsapp eltd-icon-element\" style=\"color: #c48561\" ><\/i>\n                    <\/a>\n            <\/span>\n\n\n    <span class=\"eltd-icon-shortcode normal eltd-icon-medium\" style=\"margin: 15px\" data-hover-color=\"#c48561\" data-color=\"#c48561\">\n                    <a class=\"\"  href=\"https:\/\/www.instagram.com\/suzanavisan_beautytips\/\" target=\"_self\">\n        \n        <i class=\"eltd-icon-font-awesome fa fa-instagram eltd-icon-element\" style=\"color: #c48561\" ><\/i>\n                    <\/a>\n            <\/span>\n\n\n    <span class=\"eltd-icon-shortcode normal eltd-icon-medium\" style=\"margin: 15px\" data-hover-color=\"#c48561\" data-color=\"#c48561\">\n                    <a class=\"\"  href=\"https:\/\/www.facebook.com\/Suzana-Visan-Make-up-Artist-229504383812093\/\" target=\"_self\">\n        \n        <i class=\"eltd-icon-font-awesome fa fa-facebook-official eltd-icon-element\" style=\"color: #c48561\" ><\/i>\n                    <\/a>\n            <\/span>\n\n[\/vc_column][\/vc_row][vc_row center_bck_image=&#8221;no&#8221;][vc_column][vc_empty_space][vc_column_text css=&#8221;&#8221;]<\/p>\n<h4 style=\"text-align: center;\">You might be interested also in <a style=\"color: #958176;\" href=\"https:\/\/www.suzanavisan.com\/colour-analysis-session-unveil-your-true-personal-colors\/\">Color Analysis \u2013 Discover Your True Colors<\/a> or <a style=\"color: #958176;\" href=\"https:\/\/www.suzanavisan.com\/beauty-date-for-two\/\">Beauty Date For Two<\/a><\/h4>\n<h4 style=\"text-align: center;\">Book a <strong>bundle of workshops<\/strong> and contact me for your offer with <strong>discount<\/strong>.<\/h4>\n<p>[\/vc_column_text][vc_empty_space][\/vc_column][\/vc_row][vc_row center_bck_image=&#8221;no&#8221;][vc_column][vc_raw_html css=&#8221;&#8221;]JTVCZm9vZ2FsbGVyeSUyMGlkJTNEJTIyMTI5NDUlMjIlNUQ=[\/vc_raw_html][\/vc_column][\/vc_row]<\/p>\n<\/div>","protected":false},"excerpt":{"rendered":"<p>[vc_row center_bck_image=&#8221;no&#8221;][vc_column width=&#8221;1\/2&#8243;][vc_column_text css=&#8221;&#8221;] Quick &amp; Chic: Makeup f\u00fcr Moms On-The-Run Ideal f\u00fcr alle \u201cmoms on-the-run\u201d, die in nur wenigen Minuten gut aussehen und sich gut f\u00fchlen m\u00f6chten. Der perfekte \u201cGlow\u201d braucht nicht viel Zeit \u2013 in nur wenigen Schritten kannst du strahlen, egal wie&#8230;<\/p>\n","protected":false},"author":1,"featured_media":0,"parent":0,"menu_order":0,"comment_status":"closed","ping_status":"closed","template":"","meta":{"footnotes":""},"class_list":["post-11818","page","type-page","status-publish","hentry"],"translation":{"provider":"WPGlobus","version":"3.0.2","language":"de","enabled_languages":["en","de"],"languages":{"en":{"title":true,"content":true,"excerpt":false},"de":{"title":true,"content":true,"excerpt":false}}},"yoast_head":"<!-- This site is optimized with the Yoast SEO plugin v27.4 - https:\/\/yoast.com\/product\/yoast-seo-wordpress\/ -->\n<title>Quick &amp; Chic: Makeup f\u00fcr Moms On-The-Run - Suzana Visan - Professional Make-up Artist<\/title>\n<meta name=\"robots\" content=\"index, follow, max-snippet:-1, max-image-preview:large, max-video-preview:-1\" \/>\n<link rel=\"canonical\" href=\"https:\/\/www.suzanavisan.com\/quick-chic-makeup-for-busy-ladies-moms-on-the-run\/\" \/>\n<meta property=\"og:locale\" content=\"de_DE\" \/>\n<meta property=\"og:type\" content=\"article\" \/>\n<meta property=\"og:title\" content=\"Quick &amp; Chic: Makeup f\u00fcr Moms On-The-Run - Suzana Visan - Professional Make-up Artist\" \/>\n<meta property=\"og:url\" content=\"https:\/\/www.suzanavisan.com\/quick-chic-makeup-for-busy-ladies-moms-on-the-run\/\" \/>\n<meta property=\"og:site_name\" content=\"Suzana Visan - Professional Make-up Artist\" \/>\n<meta property=\"article:publisher\" content=\"https:\/\/www.facebook.com\/Suzana-Visan-Make-up-Artist-229504383812093\/\" \/>\n<meta property=\"article:modified_time\" content=\"2025-11-14T16:00:07+00:00\" \/>\n<meta name=\"twitter:card\" content=\"summary_large_image\" \/>\n<meta name=\"twitter:label1\" content=\"Est. reading time\" \/>\n\t<meta name=\"twitter:data1\" content=\"2 minutes\" \/>\n<script type=\"application\/ld+json\" class=\"yoast-schema-graph\">{\"@context\":\"https:\\\/\\\/schema.org\",\"@graph\":[{\"@type\":\"WebPage\",\"@id\":\"https:\\\/\\\/www.suzanavisan.com\\\/quick-chic-makeup-for-busy-ladies-moms-on-the-run\\\/\",\"url\":\"https:\\\/\\\/www.suzanavisan.com\\\/quick-chic-makeup-for-busy-ladies-moms-on-the-run\\\/\",\"name\":\"Quick & Chic: Makeup f\u00fcr Moms On-The-Run - Suzana Visan - Professional Make-up Artist\",\"isPartOf\":{\"@id\":\"https:\\\/\\\/www.suzanavisan.com\\\/#website\"},\"datePublished\":\"2024-02-02T15:17:17+00:00\",\"dateModified\":\"2025-11-14T16:00:07+00:00\",\"breadcrumb\":{\"@id\":\"https:\\\/\\\/www.suzanavisan.com\\\/quick-chic-makeup-for-busy-ladies-moms-on-the-run\\\/#breadcrumb\"},\"inLanguage\":\"de-DE\",\"potentialAction\":[{\"@type\":\"ReadAction\",\"target\":[\"https:\\\/\\\/www.suzanavisan.com\\\/quick-chic-makeup-for-busy-ladies-moms-on-the-run\\\/\"]}]},{\"@type\":\"BreadcrumbList\",\"@id\":\"https:\\\/\\\/www.suzanavisan.com\\\/quick-chic-makeup-for-busy-ladies-moms-on-the-run\\\/#breadcrumb\",\"itemListElement\":[{\"@type\":\"ListItem\",\"position\":1,\"name\":\"Home\",\"item\":\"https:\\\/\\\/www.suzanavisan.com\\\/\"},{\"@type\":\"ListItem\",\"position\":2,\"name\":\"Quick &#038; Chic: Makeup for moms on-the-run\"}]},{\"@type\":\"WebSite\",\"@id\":\"https:\\\/\\\/www.suzanavisan.com\\\/#website\",\"url\":\"https:\\\/\\\/www.suzanavisan.com\\\/\",\"name\":\"Suzana Visan - Professional Make-up Artist\",\"description\":\"Professional Make-up Artist | Official Website\",\"publisher\":{\"@id\":\"https:\\\/\\\/www.suzanavisan.com\\\/#organization\"},\"potentialAction\":[{\"@type\":\"SearchAction\",\"target\":{\"@type\":\"EntryPoint\",\"urlTemplate\":\"https:\\\/\\\/www.suzanavisan.com\\\/?s={search_term_string}\"},\"query-input\":{\"@type\":\"PropertyValueSpecification\",\"valueRequired\":true,\"valueName\":\"search_term_string\"}}],\"inLanguage\":\"de-DE\"},{\"@type\":\"Organization\",\"@id\":\"https:\\\/\\\/www.suzanavisan.com\\\/#organization\",\"name\":\"Suzana Visan, Make-up Artist\",\"url\":\"https:\\\/\\\/www.suzanavisan.com\\\/\",\"logo\":{\"@type\":\"ImageObject\",\"inLanguage\":\"de-DE\",\"@id\":\"https:\\\/\\\/www.suzanavisan.com\\\/#\\\/schema\\\/logo\\\/image\\\/\",\"url\":\"https:\\\/\\\/www.suzanavisan.com\\\/wp-content\\\/uploads\\\/2019\\\/02\\\/logo-suzana-1.png\",\"contentUrl\":\"https:\\\/\\\/www.suzanavisan.com\\\/wp-content\\\/uploads\\\/2019\\\/02\\\/logo-suzana-1.png\",\"width\":239,\"height\":65,\"caption\":\"Suzana Visan, Make-up Artist\"},\"image\":{\"@id\":\"https:\\\/\\\/www.suzanavisan.com\\\/#\\\/schema\\\/logo\\\/image\\\/\"},\"sameAs\":[\"https:\\\/\\\/www.facebook.com\\\/Suzana-Visan-Make-up-Artist-229504383812093\\\/\",\"https:\\\/\\\/www.instagram.com\\\/explore\\\/locations\\\/880977788\\\/suzana-visan-make-up-studio\",\"https:\\\/\\\/www.youtube.com\\\/channel\\\/UCPNnJ9bxATbNdfjERVoKEdw\"]}]}<\/script>\n<!-- \/ Yoast SEO plugin. -->","yoast_head_json":{"title":"Quick & Chic: Makeup f\u00fcr Moms On-The-Run - Suzana Visan - Professional Make-up Artist","robots":{"index":"index","follow":"follow","max-snippet":"max-snippet:-1","max-image-preview":"max-image-preview:large","max-video-preview":"max-video-preview:-1"},"canonical":"https:\/\/www.suzanavisan.com\/quick-chic-makeup-for-busy-ladies-moms-on-the-run\/","og_locale":"de_DE","og_type":"article","og_title":"Quick & Chic: Makeup f\u00fcr Moms On-The-Run - Suzana Visan - Professional Make-up Artist","og_url":"https:\/\/www.suzanavisan.com\/quick-chic-makeup-for-busy-ladies-moms-on-the-run\/","og_site_name":"Suzana Visan - Professional Make-up Artist","article_publisher":"https:\/\/www.facebook.com\/Suzana-Visan-Make-up-Artist-229504383812093\/","article_modified_time":"2025-11-14T16:00:07+00:00","twitter_card":"summary_large_image","twitter_misc":{"Est. reading time":"2 minutes"},"schema":{"@context":"https:\/\/schema.org","@graph":[{"@type":"WebPage","@id":"https:\/\/www.suzanavisan.com\/quick-chic-makeup-for-busy-ladies-moms-on-the-run\/","url":"https:\/\/www.suzanavisan.com\/quick-chic-makeup-for-busy-ladies-moms-on-the-run\/","name":"Quick & Chic: Makeup f\u00fcr Moms On-The-Run - Suzana Visan - Professional Make-up Artist","isPartOf":{"@id":"https:\/\/www.suzanavisan.com\/#website"},"datePublished":"2024-02-02T15:17:17+00:00","dateModified":"2025-11-14T16:00:07+00:00","breadcrumb":{"@id":"https:\/\/www.suzanavisan.com\/quick-chic-makeup-for-busy-ladies-moms-on-the-run\/#breadcrumb"},"inLanguage":"de-DE","potentialAction":[{"@type":"ReadAction","target":["https:\/\/www.suzanavisan.com\/quick-chic-makeup-for-busy-ladies-moms-on-the-run\/"]}]},{"@type":"BreadcrumbList","@id":"https:\/\/www.suzanavisan.com\/quick-chic-makeup-for-busy-ladies-moms-on-the-run\/#breadcrumb","itemListElement":[{"@type":"ListItem","position":1,"name":"Home","item":"https:\/\/www.suzanavisan.com\/"},{"@type":"ListItem","position":2,"name":"Quick &#038; Chic: Makeup for moms on-the-run"}]},{"@type":"WebSite","@id":"https:\/\/www.suzanavisan.com\/#website","url":"https:\/\/www.suzanavisan.com\/","name":"Suzana Visan - Professional Make-up Artist","description":"Professional Make-up Artist | Official Website","publisher":{"@id":"https:\/\/www.suzanavisan.com\/#organization"},"potentialAction":[{"@type":"SearchAction","target":{"@type":"EntryPoint","urlTemplate":"https:\/\/www.suzanavisan.com\/?s={search_term_string}"},"query-input":{"@type":"PropertyValueSpecification","valueRequired":true,"valueName":"search_term_string"}}],"inLanguage":"de-DE"},{"@type":"Organization","@id":"https:\/\/www.suzanavisan.com\/#organization","name":"Suzana Visan, Make-up Artist","url":"https:\/\/www.suzanavisan.com\/","logo":{"@type":"ImageObject","inLanguage":"de-DE","@id":"https:\/\/www.suzanavisan.com\/#\/schema\/logo\/image\/","url":"https:\/\/www.suzanavisan.com\/wp-content\/uploads\/2019\/02\/logo-suzana-1.png","contentUrl":"https:\/\/www.suzanavisan.com\/wp-content\/uploads\/2019\/02\/logo-suzana-1.png","width":239,"height":65,"caption":"Suzana Visan, Make-up Artist"},"image":{"@id":"https:\/\/www.suzanavisan.com\/#\/schema\/logo\/image\/"},"sameAs":["https:\/\/www.facebook.com\/Suzana-Visan-Make-up-Artist-229504383812093\/","https:\/\/www.instagram.com\/explore\/locations\/880977788\/suzana-visan-make-up-studio","https:\/\/www.youtube.com\/channel\/UCPNnJ9bxATbNdfjERVoKEdw"]}]}},"_links":{"self":[{"href":"https:\/\/www.suzanavisan.com\/de\/wp-json\/wp\/v2\/pages\/11818","targetHints":{"allow":["GET"]}}],"collection":[{"href":"https:\/\/www.suzanavisan.com\/de\/wp-json\/wp\/v2\/pages"}],"about":[{"href":"https:\/\/www.suzanavisan.com\/de\/wp-json\/wp\/v2\/types\/page"}],"author":[{"embeddable":true,"href":"https:\/\/www.suzanavisan.com\/de\/wp-json\/wp\/v2\/users\/1"}],"replies":[{"embeddable":true,"href":"https:\/\/www.suzanavisan.com\/de\/wp-json\/wp\/v2\/comments?post=11818"}],"version-history":[{"count":5,"href":"https:\/\/www.suzanavisan.com\/de\/wp-json\/wp\/v2\/pages\/11818\/revisions"}],"predecessor-version":[{"id":12981,"href":"https:\/\/www.suzanavisan.com\/de\/wp-json\/wp\/v2\/pages\/11818\/revisions\/12981"}],"wp:attachment":[{"href":"https:\/\/www.suzanavisan.com\/de\/wp-json\/wp\/v2\/media?parent=11818"}],"curies":[{"name":"wp","href":"https:\/\/api.w.org\/{rel}","templated":true}]}}