{"id":11823,"date":"2024-02-02T15:22:43","date_gmt":"2024-02-02T15:22:43","guid":{"rendered":"https:\/\/www.suzanavisan.com\/?page_id=11823"},"modified":"2025-11-14T16:04:38","modified_gmt":"2025-11-14T16:04:38","slug":"timeless-beauty-makeup-for-50","status":"publish","type":"page","link":"https:\/\/www.suzanavisan.com\/de\/timeless-beauty-makeup-for-50\/","title":{"rendered":"Timeless Beauty: Makeup f\u00fcr 50+"},"content":{"rendered":"<div class=\"wpb-content-wrapper\"><p>[vc_row center_bck_image=&#8221;no&#8221;][vc_column width=&#8221;1\/2&#8243;][vc_column_text css=&#8221;&#8221;]<\/p>\n<h3 class=\"workshop-title\"><strong>Timeless Beauty: Makeup f\u00fcr 50+<\/strong><\/h3>\n<p>Entdecke <strong>deine innere <\/strong>und<strong> \u00e4u\u00dfere Sch\u00f6nheit<\/strong> und lerne, in <strong>jedem Alter<\/strong> deine <strong>eigene Sch\u00f6nheit<\/strong> zu feiern. Begib dich auf eine wundersch\u00f6ne Beauty Reise des Selbstausdrucks und genie\u00dfe gemeinsam mit mir <strong>die Sch\u00f6nheit jeden Alters<\/strong>.<\/p>\n<h4 style=\"text-align: center;\"><strong><span style=\"color: #958176;\">Was dich in diesem Workshop erwartet:<\/span><\/strong><\/h4>\n<p>\u2713\u00a0<strong>Individuell abgestimmte Pflege- &amp; Makeup Tipps<\/strong>\u00a0f\u00fcr einen frischen Look<\/p>\n<p>\u2713\u00a0<strong>Pers\u00f6nliche Beratung<\/strong> zu Farbwahl, Makeup Stil und Techniken, die zu deinen Vorlieben und deinem Typ passen<\/p>\n<p>\u2713\u00a0<strong>Schritt-f\u00fcr-Schritt-<wbr \/>Anleitung<\/strong>\u00a0f\u00fcr einen strahlenden Sofort-Lifting-Effekt, abgestimmt auf deine Gesichtsz\u00fcge<\/p>\n<p>\u2713\u00a0<strong>Anti-Aging Tips &amp; Tricks<\/strong>:\u00a0erfahre wie du\u00a0<strong>die Zeichen der Hautalterung erkennst<\/strong> und durch welche Makeup Handgriffe du diese <strong>kaschieren<\/strong>\u00a0kannst<\/p>\n<p>\u2713\u00a0<strong>Produktberatung<\/strong>:\u00a0bekomme Informationen \u00fcber\u00a0<strong>Makeup-Produkte<\/strong>, die f\u00fcr deine Haut geeignet sind (Hauttyp, Bed\u00fcrfnisse, Alter)<\/p>\n<p>\u2713\u00a0<strong>Makeup Bag Check<\/strong>: bring deine Produkte mit \u2013 wir sehen gemeinsam, was f\u00fcr dich funktioniert, was nicht und wie du deine Schminktasche einfacher organisieren kannst<\/p>\n<p>\u2713\u00a0<strong>Kurze, best\u00e4rkende \u00dcbung<\/strong> (optional): eine liebevolle Selbstreflexion, um <strong>Selbstliebe zu st\u00e4rken<\/strong>,dich neu mit deiner\u00a0<strong>Sch\u00f6nheit zu verbinden<\/strong>\u00a0und dein\u00a0<strong>Selbstbewusstsein<\/strong>\u00a0zu f\u00f6rdern<\/p>\n<p>\u2713 Erhalte\u00a0<strong>hilfreiche Handouts<\/strong>, die dich bei zuk\u00fcnftigen Entscheidungen unterst\u00fctzen[\/vc_column_text][\/vc_column][vc_column width=&#8221;1\/2&#8243;][vc_single_image image=&#8221;12088&#8243; img_size=&#8221;large&#8221;][\/vc_column][\/vc_row][vc_row center_bck_image=&#8221;no&#8221;][vc_column][vc_empty_space height=&#8221;16px&#8221;][\/vc_column][\/vc_row][vc_row center_bck_image=&#8221;no&#8221;][vc_column][vc_column_text css=&#8221;&#8221;]<strong>Makeup Tools Kit inklusive<\/strong>, damit du gleich am n\u00e4chsten Tag weiter\u00fcben kannst \u2013 plus <strong>\u00dcberraschungsgeschenke\u00a0<\/strong><\/p>\n<p>Der Workshop besteht aus\u00a0<strong>zwei Terminen<\/strong>:<\/p>\n<p><strong>Haupt-Session<\/strong>: 2 Stunden<\/p>\n<p><strong>Follow-up Session<\/strong>: 1 Stunde<\/p>\n<p>Alle Details zu den einzelnen Sessions findest du <a href=\"https:\/\/www.suzanavisan.com\/de\/main-sesion-follow-up\/\">hier<\/a>.<\/p>\n<p>[\/vc_column_text][\/vc_column][\/vc_row][vc_row center_bck_image=&#8221;no&#8221;][vc_column][vc_empty_space][vc_column_text css=&#8221;&#8221;]<\/p>\n<h4 style=\"text-align: center;\">Warum nicht Freude schenken? Mit einem personalisierten, liebevoll verpackten Gutschein kann jeder Workshop zum ultimativen Geschenk werden.<\/h4>\n<p>[\/vc_column_text][vc_empty_space][\/vc_column][\/vc_row][vc_row content_width=&#8221;grid&#8221; content_aligment=&#8221;center&#8221; center_bck_image=&#8221;no&#8221;][vc_column]<a href=\"https:\/\/www.suzanavisan.com\/de\/contact-me\/\" target=\"_self\" style=\"color: #ffffff;background:linear-gradient(to right,#c48561 0,#c48561 50%,#c48561 100%);background-size: 200% 200%;\" class=\"eltd-btn eltd-btn-small eltd-btn-solid eltd-btn-custom-hover-color eltd-btn-icon eltd-btn-gradient_hover\" data-hover-color=\"#ffffff\" data-solid-start-background-color=\"#c48561\" data-solid-end-background-color=\"#c48561\" >\n    <span class=\"eltd-btn-text\">F\u00fcr mehr Info kontaktiere mich<\/span>\n    <span aria-hidden=\"true\" class=\"eltd-icon-font-elegant icon_contacts_alt \" ><\/span><\/a>[\/vc_column][\/vc_row][vc_row content_width=&#8221;grid&#8221; content_aligment=&#8221;center&#8221; center_bck_image=&#8221;no&#8221;][vc_column][vc_empty_space height=&#8221;12px&#8221;]\n    <span class=\"eltd-icon-shortcode normal eltd-icon-medium\" style=\"margin: 15px\" data-hover-color=\"#c48561\" data-color=\"#c48561\">\n                    <a class=\"\"  href=\"https:\/\/wa.me\/436605118354\" target=\"_self\">\n        \n        <i class=\"eltd-icon-font-awesome fa fa-whatsapp eltd-icon-element\" style=\"color: #c48561\" ><\/i>\n                    <\/a>\n            <\/span>\n\n\n    <span class=\"eltd-icon-shortcode normal eltd-icon-medium\" style=\"margin: 15px\" data-hover-color=\"#c48561\" data-color=\"#c48561\">\n                    <a class=\"\"  href=\"https:\/\/www.instagram.com\/suzanavisan_beautytips\/\" target=\"_self\">\n        \n        <i class=\"eltd-icon-font-awesome fa fa-instagram eltd-icon-element\" style=\"color: #c48561\" ><\/i>\n                    <\/a>\n            <\/span>\n\n\n    <span class=\"eltd-icon-shortcode normal eltd-icon-medium\" style=\"margin: 15px\" data-hover-color=\"#c48561\" data-color=\"#c48561\">\n                    <a class=\"\"  href=\"https:\/\/www.facebook.com\/Suzana-Visan-Make-up-Artist-229504383812093\/\" target=\"_self\">\n        \n        <i class=\"eltd-icon-font-awesome fa fa-facebook-official eltd-icon-element\" style=\"color: #c48561\" ><\/i>\n                    <\/a>\n            <\/span>\n\n[\/vc_column][\/vc_row][vc_row center_bck_image=&#8221;no&#8221;][vc_column][vc_empty_space][vc_column_text css=&#8221;&#8221;]<\/p>\n<h4 style=\"text-align: center;\">You might be interested also in <a style=\"color: #958176;\" href=\"https:\/\/www.suzanavisan.com\/colour-analysis-session-unveil-your-true-personal-colors\/\">Color Analysis \u2013 Discover Your True Colors<\/a> or <a style=\"color: #958176;\" href=\"https:\/\/www.suzanavisan.com\/mom-me-beauty-date\/\">Mom &amp; Me Beauty Date<\/a><\/h4>\n<h4 style=\"text-align: center;\">Book a <strong>bundle of workshops<\/strong> and contact me for your offer with <strong>discount<\/strong>.<\/h4>\n<p>[\/vc_column_text][vc_empty_space][\/vc_column][\/vc_row][vc_row center_bck_image=&#8221;no&#8221;][vc_column][vc_raw_html css=&#8221;&#8221;]JTVCZm9vZ2FsbGVyeSUyMGlkJTNEJTIyMTI5MzQlMjIlNUQ=[\/vc_raw_html][\/vc_column][\/vc_row]<\/p>\n<\/div>","protected":false},"excerpt":{"rendered":"<p>[vc_row center_bck_image=&#8221;no&#8221;][vc_column width=&#8221;1\/2&#8243;][vc_column_text css=&#8221;&#8221;] Timeless Beauty: Makeup f\u00fcr 50+ Entdecke deine innere und \u00e4u\u00dfere Sch\u00f6nheit und lerne, in jedem Alter deine eigene Sch\u00f6nheit zu feiern. Begib dich auf eine wundersch\u00f6ne Beauty Reise des Selbstausdrucks und genie\u00dfe gemeinsam mit mir die Sch\u00f6nheit jeden Alters. Was dich&#8230;<\/p>\n","protected":false},"author":1,"featured_media":0,"parent":0,"menu_order":0,"comment_status":"closed","ping_status":"closed","template":"","meta":{"footnotes":""},"class_list":["post-11823","page","type-page","status-publish","hentry"],"translation":{"provider":"WPGlobus","version":"3.0.2","language":"de","enabled_languages":["en","de"],"languages":{"en":{"title":true,"content":true,"excerpt":false},"de":{"title":true,"content":true,"excerpt":false}}},"yoast_head":"<!-- This site is optimized with the Yoast SEO plugin v27.4 - https:\/\/yoast.com\/product\/yoast-seo-wordpress\/ -->\n<title>Timeless Beauty: Makeup f\u00fcr 50+ - Suzana Visan - Professional Make-up Artist<\/title>\n<meta name=\"robots\" content=\"index, follow, max-snippet:-1, max-image-preview:large, max-video-preview:-1\" \/>\n<link rel=\"canonical\" href=\"https:\/\/www.suzanavisan.com\/timeless-beauty-makeup-for-50\/\" \/>\n<meta property=\"og:locale\" content=\"de_DE\" \/>\n<meta property=\"og:type\" content=\"article\" \/>\n<meta property=\"og:title\" content=\"Timeless Beauty: Makeup f\u00fcr 50+ - Suzana Visan - Professional Make-up Artist\" \/>\n<meta property=\"og:url\" content=\"https:\/\/www.suzanavisan.com\/timeless-beauty-makeup-for-50\/\" \/>\n<meta property=\"og:site_name\" content=\"Suzana Visan - Professional Make-up Artist\" \/>\n<meta property=\"article:publisher\" content=\"https:\/\/www.facebook.com\/Suzana-Visan-Make-up-Artist-229504383812093\/\" \/>\n<meta property=\"article:modified_time\" content=\"2025-11-14T16:04:38+00:00\" \/>\n<meta name=\"twitter:card\" content=\"summary_large_image\" \/>\n<meta name=\"twitter:label1\" content=\"Est. reading time\" \/>\n\t<meta name=\"twitter:data1\" content=\"2 minutes\" \/>\n<script type=\"application\/ld+json\" class=\"yoast-schema-graph\">{\"@context\":\"https:\\\/\\\/schema.org\",\"@graph\":[{\"@type\":\"WebPage\",\"@id\":\"https:\\\/\\\/www.suzanavisan.com\\\/timeless-beauty-makeup-for-50\\\/\",\"url\":\"https:\\\/\\\/www.suzanavisan.com\\\/timeless-beauty-makeup-for-50\\\/\",\"name\":\"Timeless Beauty: Makeup f\u00fcr 50+ - Suzana Visan - Professional Make-up Artist\",\"isPartOf\":{\"@id\":\"https:\\\/\\\/www.suzanavisan.com\\\/#website\"},\"datePublished\":\"2024-02-02T15:22:43+00:00\",\"dateModified\":\"2025-11-14T16:04:38+00:00\",\"breadcrumb\":{\"@id\":\"https:\\\/\\\/www.suzanavisan.com\\\/timeless-beauty-makeup-for-50\\\/#breadcrumb\"},\"inLanguage\":\"de-DE\",\"potentialAction\":[{\"@type\":\"ReadAction\",\"target\":[\"https:\\\/\\\/www.suzanavisan.com\\\/timeless-beauty-makeup-for-50\\\/\"]}]},{\"@type\":\"BreadcrumbList\",\"@id\":\"https:\\\/\\\/www.suzanavisan.com\\\/timeless-beauty-makeup-for-50\\\/#breadcrumb\",\"itemListElement\":[{\"@type\":\"ListItem\",\"position\":1,\"name\":\"Home\",\"item\":\"https:\\\/\\\/www.suzanavisan.com\\\/\"},{\"@type\":\"ListItem\",\"position\":2,\"name\":\"Timeless Beauty: Makeup for 50+\"}]},{\"@type\":\"WebSite\",\"@id\":\"https:\\\/\\\/www.suzanavisan.com\\\/#website\",\"url\":\"https:\\\/\\\/www.suzanavisan.com\\\/\",\"name\":\"Suzana Visan - Professional Make-up Artist\",\"description\":\"Professional Make-up Artist | Official Website\",\"publisher\":{\"@id\":\"https:\\\/\\\/www.suzanavisan.com\\\/#organization\"},\"potentialAction\":[{\"@type\":\"SearchAction\",\"target\":{\"@type\":\"EntryPoint\",\"urlTemplate\":\"https:\\\/\\\/www.suzanavisan.com\\\/?s={search_term_string}\"},\"query-input\":{\"@type\":\"PropertyValueSpecification\",\"valueRequired\":true,\"valueName\":\"search_term_string\"}}],\"inLanguage\":\"de-DE\"},{\"@type\":\"Organization\",\"@id\":\"https:\\\/\\\/www.suzanavisan.com\\\/#organization\",\"name\":\"Suzana Visan, Make-up Artist\",\"url\":\"https:\\\/\\\/www.suzanavisan.com\\\/\",\"logo\":{\"@type\":\"ImageObject\",\"inLanguage\":\"de-DE\",\"@id\":\"https:\\\/\\\/www.suzanavisan.com\\\/#\\\/schema\\\/logo\\\/image\\\/\",\"url\":\"https:\\\/\\\/www.suzanavisan.com\\\/wp-content\\\/uploads\\\/2019\\\/02\\\/logo-suzana-1.png\",\"contentUrl\":\"https:\\\/\\\/www.suzanavisan.com\\\/wp-content\\\/uploads\\\/2019\\\/02\\\/logo-suzana-1.png\",\"width\":239,\"height\":65,\"caption\":\"Suzana Visan, Make-up Artist\"},\"image\":{\"@id\":\"https:\\\/\\\/www.suzanavisan.com\\\/#\\\/schema\\\/logo\\\/image\\\/\"},\"sameAs\":[\"https:\\\/\\\/www.facebook.com\\\/Suzana-Visan-Make-up-Artist-229504383812093\\\/\",\"https:\\\/\\\/www.instagram.com\\\/explore\\\/locations\\\/880977788\\\/suzana-visan-make-up-studio\",\"https:\\\/\\\/www.youtube.com\\\/channel\\\/UCPNnJ9bxATbNdfjERVoKEdw\"]}]}<\/script>\n<!-- \/ Yoast SEO plugin. -->","yoast_head_json":{"title":"Timeless Beauty: Makeup f\u00fcr 50+ - Suzana Visan - Professional Make-up Artist","robots":{"index":"index","follow":"follow","max-snippet":"max-snippet:-1","max-image-preview":"max-image-preview:large","max-video-preview":"max-video-preview:-1"},"canonical":"https:\/\/www.suzanavisan.com\/timeless-beauty-makeup-for-50\/","og_locale":"de_DE","og_type":"article","og_title":"Timeless Beauty: Makeup f\u00fcr 50+ - Suzana Visan - Professional Make-up Artist","og_url":"https:\/\/www.suzanavisan.com\/timeless-beauty-makeup-for-50\/","og_site_name":"Suzana Visan - Professional Make-up Artist","article_publisher":"https:\/\/www.facebook.com\/Suzana-Visan-Make-up-Artist-229504383812093\/","article_modified_time":"2025-11-14T16:04:38+00:00","twitter_card":"summary_large_image","twitter_misc":{"Est. reading time":"2 minutes"},"schema":{"@context":"https:\/\/schema.org","@graph":[{"@type":"WebPage","@id":"https:\/\/www.suzanavisan.com\/timeless-beauty-makeup-for-50\/","url":"https:\/\/www.suzanavisan.com\/timeless-beauty-makeup-for-50\/","name":"Timeless Beauty: Makeup f\u00fcr 50+ - Suzana Visan - Professional Make-up Artist","isPartOf":{"@id":"https:\/\/www.suzanavisan.com\/#website"},"datePublished":"2024-02-02T15:22:43+00:00","dateModified":"2025-11-14T16:04:38+00:00","breadcrumb":{"@id":"https:\/\/www.suzanavisan.com\/timeless-beauty-makeup-for-50\/#breadcrumb"},"inLanguage":"de-DE","potentialAction":[{"@type":"ReadAction","target":["https:\/\/www.suzanavisan.com\/timeless-beauty-makeup-for-50\/"]}]},{"@type":"BreadcrumbList","@id":"https:\/\/www.suzanavisan.com\/timeless-beauty-makeup-for-50\/#breadcrumb","itemListElement":[{"@type":"ListItem","position":1,"name":"Home","item":"https:\/\/www.suzanavisan.com\/"},{"@type":"ListItem","position":2,"name":"Timeless Beauty: Makeup for 50+"}]},{"@type":"WebSite","@id":"https:\/\/www.suzanavisan.com\/#website","url":"https:\/\/www.suzanavisan.com\/","name":"Suzana Visan - Professional Make-up Artist","description":"Professional Make-up Artist | Official Website","publisher":{"@id":"https:\/\/www.suzanavisan.com\/#organization"},"potentialAction":[{"@type":"SearchAction","target":{"@type":"EntryPoint","urlTemplate":"https:\/\/www.suzanavisan.com\/?s={search_term_string}"},"query-input":{"@type":"PropertyValueSpecification","valueRequired":true,"valueName":"search_term_string"}}],"inLanguage":"de-DE"},{"@type":"Organization","@id":"https:\/\/www.suzanavisan.com\/#organization","name":"Suzana Visan, Make-up Artist","url":"https:\/\/www.suzanavisan.com\/","logo":{"@type":"ImageObject","inLanguage":"de-DE","@id":"https:\/\/www.suzanavisan.com\/#\/schema\/logo\/image\/","url":"https:\/\/www.suzanavisan.com\/wp-content\/uploads\/2019\/02\/logo-suzana-1.png","contentUrl":"https:\/\/www.suzanavisan.com\/wp-content\/uploads\/2019\/02\/logo-suzana-1.png","width":239,"height":65,"caption":"Suzana Visan, Make-up Artist"},"image":{"@id":"https:\/\/www.suzanavisan.com\/#\/schema\/logo\/image\/"},"sameAs":["https:\/\/www.facebook.com\/Suzana-Visan-Make-up-Artist-229504383812093\/","https:\/\/www.instagram.com\/explore\/locations\/880977788\/suzana-visan-make-up-studio","https:\/\/www.youtube.com\/channel\/UCPNnJ9bxATbNdfjERVoKEdw"]}]}},"_links":{"self":[{"href":"https:\/\/www.suzanavisan.com\/de\/wp-json\/wp\/v2\/pages\/11823","targetHints":{"allow":["GET"]}}],"collection":[{"href":"https:\/\/www.suzanavisan.com\/de\/wp-json\/wp\/v2\/pages"}],"about":[{"href":"https:\/\/www.suzanavisan.com\/de\/wp-json\/wp\/v2\/types\/page"}],"author":[{"embeddable":true,"href":"https:\/\/www.suzanavisan.com\/de\/wp-json\/wp\/v2\/users\/1"}],"replies":[{"embeddable":true,"href":"https:\/\/www.suzanavisan.com\/de\/wp-json\/wp\/v2\/comments?post=11823"}],"version-history":[{"count":5,"href":"https:\/\/www.suzanavisan.com\/de\/wp-json\/wp\/v2\/pages\/11823\/revisions"}],"predecessor-version":[{"id":12984,"href":"https:\/\/www.suzanavisan.com\/de\/wp-json\/wp\/v2\/pages\/11823\/revisions\/12984"}],"wp:attachment":[{"href":"https:\/\/www.suzanavisan.com\/de\/wp-json\/wp\/v2\/media?parent=11823"}],"curies":[{"name":"wp","href":"https:\/\/api.w.org\/{rel}","templated":true}]}}