{"id":11827,"date":"2024-02-02T15:27:42","date_gmt":"2024-02-02T15:27:42","guid":{"rendered":"https:\/\/www.suzanavisan.com\/?page_id=11827"},"modified":"2025-11-14T16:03:46","modified_gmt":"2025-11-14T16:03:46","slug":"teen-beauty-basics-makeup-for-teenagers","status":"publish","type":"page","link":"https:\/\/www.suzanavisan.com\/de\/teen-beauty-basics-makeup-for-teenagers\/","title":{"rendered":"Teen Beauty : Makeup f\u00fcr Teenager"},"content":{"rendered":"<div class=\"wpb-content-wrapper\"><p>[vc_row center_bck_image=&#8221;no&#8221;][vc_column width=&#8221;1\/2&#8243;][vc_column_text css=&#8221;&#8221;]<\/p>\n<h3 class=\"workshop-title\"><strong>Teen Beauty : Makeup f\u00fcr Teenager<\/strong><\/h3>\n<p>Ich begleite dich auf einer Beauty Reise, wo du lernst, deine <strong>einzigartigen Eigenschaften zu betonen<\/strong> und dein <strong>Selbstbewusstsein zu st\u00e4rken<\/strong>, w\u00e4hrend wir gemeinsam die <strong>Welt der Sch\u00f6nheit<\/strong> erkunden. Diese Reise bietet eine <strong>sichere Umgebung<\/strong>, in der du <strong>ausprobieren<\/strong>, <strong>lernen und Fragen stellen<\/strong> kannst.<\/p>\n<h4 style=\"text-align: center;\"><strong><span style=\"color: #958176;\">Was dich in diesem Workshop erwartet:<\/span><\/strong><\/h4>\n<p>\u2713\u00a0<strong>Hautpflege-Basics<\/strong>:\u00a0Lerne\u00a0<strong>die Grundlagen<\/strong>\u00a0der\u00a0<strong>Hautpflege<\/strong>\u00a0kenn<wbr \/>en, die zu deiner Haut passt<\/p>\n<p>\u2713\u00a0<strong>Nat\u00fcrliches &amp; altersgerechtes Makeup<\/strong>:\u00a0Entdecke, wie du einen\u00a0<strong>frischen Look<\/strong>\u00a0kreierst, der deine Sch\u00f6nheit unterstreicht \u2013\u00a0<strong>ohne zu erwachsen<\/strong>\u00a0zu wirken<\/p>\n<p>\u2713 Erhalte Tipps \u00fcber\u00a0<strong>welche Makeup Farben<\/strong>\u00a0am besten zu dir passen<\/p>\n<p>\u2713\u00a0<strong>Pickel richtig abdecken<\/strong>:\u00a0Lerne, wie du\u00a0<strong>Unreinheiten und Akne kaschierst<\/strong>, ohne die Poren zu verstopfen oder die Haut zu reizen<\/p>\n<p>\u2713\u00a0<strong>Produkte &amp; Tool Grundlagen<\/strong>:\u00a0Verstehe, welche Produkte und Tools f\u00fcr eine\u00a0<strong>einfache Alltagsroutine<\/strong>\u00a0brauchst \u2013 sicher und geeignet f\u00fcr junge Haut<\/p>\n<p>\u2713\u00a0<strong>Einfache &amp; schnelle Makeup Techniken<\/strong>\u00a0f\u00fcr Schule, Freizeit oder besondere Anl\u00e4sse<\/p>\n<p>\u2713\u00a0<strong>Makeup als Ausdruck deiner Pers\u00f6nlichkeit<\/strong>:\u00a0Entdecke, wie du dich kreativ ausdr\u00fccken kannst \u2013 im Einklang mit Schul- und Familienregeln<\/p>\n<p>\u2713 Eine kurze, liebevolle Selbstreflexion, die\u00a0<strong>Selbstbewusstsein st\u00e4rkt, Selbstliebe n\u00e4hrt<\/strong>\u00a0und dich mit deiner\u00a0<strong>nat\u00fcrlichen Sch\u00f6nheit verbindet<\/strong>\u00a0(optional)<\/p>\n<p>\u2713 Erhalte\u00a0<strong>hilfreiche Take-Home Handouts<\/strong>, die dich bei zuk\u00fcnftigen Entscheidungen unterst\u00fctzen[\/vc_column_text][\/vc_column][vc_column width=&#8221;1\/2&#8243;][vc_single_image image=&#8221;11865&#8243; img_size=&#8221;large&#8221;][\/vc_column][\/vc_row][vc_row center_bck_image=&#8221;no&#8221;][vc_column][vc_column_text css=&#8221;&#8221;]Der Workshop besteht aus\u00a0<strong>einer Session (1\u20131,5 Stunden)<\/strong>.<\/p>\n<p><strong>Altersgerechte \u00dcberraschungen inklusive!<\/strong><\/p>\n<p><strong>Makeup Tools Kit<\/strong> optional erh\u00e4ltlich, damit du gleich am n\u00e4chsten Tag weiter\u00fcben kannst.[\/vc_column_text][\/vc_column][\/vc_row][vc_row center_bck_image=&#8221;no&#8221;][vc_column][vc_empty_space][vc_column_text css=&#8221;&#8221;]<\/p>\n<h4 style=\"text-align: center;\">M\u00f6chtest du Freude und Wohlbefinden schenken? Mit einem personalisierten, liebevoll verpackten Gutschein kann jeder Workshop zum ultimativen Geschenk werden<\/h4>\n<p>[\/vc_column_text][vc_empty_space][\/vc_column][\/vc_row][vc_row content_width=&#8221;grid&#8221; content_aligment=&#8221;center&#8221; center_bck_image=&#8221;no&#8221;][vc_column]<a href=\"https:\/\/www.suzanavisan.com\/de\/contact-me\/\" target=\"_self\" style=\"color: #ffffff;background:linear-gradient(to right,#c48561 0,#c48561 50%,#c48561 100%);background-size: 200% 200%;\" class=\"eltd-btn eltd-btn-small eltd-btn-solid eltd-btn-custom-hover-color eltd-btn-icon eltd-btn-gradient_hover\" data-hover-color=\"#ffffff\" data-solid-start-background-color=\"#c48561\" data-solid-end-background-color=\"#c48561\" >\n    <span class=\"eltd-btn-text\">F\u00fcr mehr Info kontaktiere mich<\/span>\n    <span aria-hidden=\"true\" class=\"eltd-icon-font-elegant icon_contacts_alt \" ><\/span><\/a>[\/vc_column][\/vc_row][vc_row content_width=&#8221;grid&#8221; content_aligment=&#8221;center&#8221; center_bck_image=&#8221;no&#8221;][vc_column][vc_empty_space height=&#8221;12px&#8221;]\n    <span class=\"eltd-icon-shortcode normal eltd-icon-medium\" style=\"margin: 15px\" data-hover-color=\"#c48561\" data-color=\"#c48561\">\n                    <a class=\"\"  href=\"https:\/\/wa.me\/436605118354\" target=\"_self\">\n        \n        <i class=\"eltd-icon-font-awesome fa fa-whatsapp eltd-icon-element\" style=\"color: #c48561\" ><\/i>\n                    <\/a>\n            <\/span>\n\n\n    <span class=\"eltd-icon-shortcode normal eltd-icon-medium\" style=\"margin: 15px\" data-hover-color=\"#c48561\" data-color=\"#c48561\">\n                    <a class=\"\"  href=\"https:\/\/www.instagram.com\/suzanavisan_beautytips\/\" target=\"_self\">\n        \n        <i class=\"eltd-icon-font-awesome fa fa-instagram eltd-icon-element\" style=\"color: #c48561\" ><\/i>\n                    <\/a>\n            <\/span>\n\n\n    <span class=\"eltd-icon-shortcode normal eltd-icon-medium\" style=\"margin: 15px\" data-hover-color=\"#c48561\" data-color=\"#c48561\">\n                    <a class=\"\"  href=\"https:\/\/www.facebook.com\/Suzana-Visan-Make-up-Artist-229504383812093\/\" target=\"_self\">\n        \n        <i class=\"eltd-icon-font-awesome fa fa-facebook-official eltd-icon-element\" style=\"color: #c48561\" ><\/i>\n                    <\/a>\n            <\/span>\n\n[\/vc_column][\/vc_row][vc_row center_bck_image=&#8221;no&#8221;][vc_column][vc_empty_space][vc_column_text css=&#8221;&#8221;]<\/p>\n<h4 style=\"text-align: center;\">You might be interested also in <a style=\"color: #958176;\" href=\"https:\/\/www.suzanavisan.com\/colour-analysis-session-unveil-your-true-personal-colors\/\">Color Analysis \u2013 Discover Your True Colors<\/a> or <a style=\"color: #958176;\" href=\"https:\/\/www.suzanavisan.com\/mom-me-beauty-date\/\">Mom &amp; Me Beauty Date <\/a>or <a style=\"color: #c48561;\" href=\"https:\/\/www.suzanavisan.com\/make-up-party-girls-just-wanna-have-fun\/\">Makeup Party \u201cGirls Just Wanna Have Fun\u201d<\/a><\/h4>\n<h4 style=\"text-align: center;\">Book a <strong>bundle of workshops<\/strong> and contact me for your offer with <strong>discount<\/strong>.<\/h4>\n<p>[\/vc_column_text][vc_empty_space][\/vc_column][\/vc_row][vc_row center_bck_image=&#8221;no&#8221;][vc_column][vc_raw_html css=&#8221;&#8221;]JTVCZm9vZ2FsbGVyeSUyMGlkJTNEJTIyMTI5NDElMjIlNUQ=[\/vc_raw_html][\/vc_column][\/vc_row]<\/p>\n<\/div>","protected":false},"excerpt":{"rendered":"<p>[vc_row center_bck_image=&#8221;no&#8221;][vc_column width=&#8221;1\/2&#8243;][vc_column_text css=&#8221;&#8221;] Teen Beauty : Makeup f\u00fcr Teenager Ich begleite dich auf einer Beauty Reise, wo du lernst, deine einzigartigen Eigenschaften zu betonen und dein Selbstbewusstsein zu st\u00e4rken, w\u00e4hrend wir gemeinsam die Welt der Sch\u00f6nheit erkunden. Diese Reise bietet eine sichere Umgebung, in&#8230;<\/p>\n","protected":false},"author":1,"featured_media":0,"parent":0,"menu_order":0,"comment_status":"closed","ping_status":"closed","template":"","meta":{"footnotes":""},"class_list":["post-11827","page","type-page","status-publish","hentry"],"translation":{"provider":"WPGlobus","version":"3.0.2","language":"de","enabled_languages":["en","de"],"languages":{"en":{"title":true,"content":true,"excerpt":false},"de":{"title":true,"content":true,"excerpt":false}}},"yoast_head":"<!-- This site is optimized with the Yoast SEO plugin v27.4 - https:\/\/yoast.com\/product\/yoast-seo-wordpress\/ -->\n<title>Teen Beauty : Makeup f\u00fcr Teenager - Suzana Visan - Professional Make-up Artist<\/title>\n<meta name=\"robots\" content=\"index, follow, max-snippet:-1, max-image-preview:large, max-video-preview:-1\" \/>\n<link rel=\"canonical\" href=\"https:\/\/www.suzanavisan.com\/teen-beauty-basics-makeup-for-teenagers\/\" \/>\n<meta property=\"og:locale\" content=\"de_DE\" \/>\n<meta property=\"og:type\" content=\"article\" \/>\n<meta property=\"og:title\" content=\"Teen Beauty : Makeup f\u00fcr Teenager - Suzana Visan - Professional Make-up Artist\" \/>\n<meta property=\"og:url\" content=\"https:\/\/www.suzanavisan.com\/teen-beauty-basics-makeup-for-teenagers\/\" \/>\n<meta property=\"og:site_name\" content=\"Suzana Visan - Professional Make-up Artist\" \/>\n<meta property=\"article:publisher\" content=\"https:\/\/www.facebook.com\/Suzana-Visan-Make-up-Artist-229504383812093\/\" \/>\n<meta property=\"article:modified_time\" content=\"2025-11-14T16:03:46+00:00\" \/>\n<meta name=\"twitter:card\" content=\"summary_large_image\" \/>\n<meta name=\"twitter:label1\" content=\"Est. reading time\" \/>\n\t<meta name=\"twitter:data1\" content=\"2 minutes\" \/>\n<script type=\"application\/ld+json\" class=\"yoast-schema-graph\">{\"@context\":\"https:\\\/\\\/schema.org\",\"@graph\":[{\"@type\":\"WebPage\",\"@id\":\"https:\\\/\\\/www.suzanavisan.com\\\/teen-beauty-basics-makeup-for-teenagers\\\/\",\"url\":\"https:\\\/\\\/www.suzanavisan.com\\\/teen-beauty-basics-makeup-for-teenagers\\\/\",\"name\":\"Teen Beauty : Makeup f\u00fcr Teenager - Suzana Visan - Professional Make-up Artist\",\"isPartOf\":{\"@id\":\"https:\\\/\\\/www.suzanavisan.com\\\/#website\"},\"datePublished\":\"2024-02-02T15:27:42+00:00\",\"dateModified\":\"2025-11-14T16:03:46+00:00\",\"breadcrumb\":{\"@id\":\"https:\\\/\\\/www.suzanavisan.com\\\/teen-beauty-basics-makeup-for-teenagers\\\/#breadcrumb\"},\"inLanguage\":\"de-DE\",\"potentialAction\":[{\"@type\":\"ReadAction\",\"target\":[\"https:\\\/\\\/www.suzanavisan.com\\\/teen-beauty-basics-makeup-for-teenagers\\\/\"]}]},{\"@type\":\"BreadcrumbList\",\"@id\":\"https:\\\/\\\/www.suzanavisan.com\\\/teen-beauty-basics-makeup-for-teenagers\\\/#breadcrumb\",\"itemListElement\":[{\"@type\":\"ListItem\",\"position\":1,\"name\":\"Home\",\"item\":\"https:\\\/\\\/www.suzanavisan.com\\\/\"},{\"@type\":\"ListItem\",\"position\":2,\"name\":\"Teen Beauty: makeup for teenagers\"}]},{\"@type\":\"WebSite\",\"@id\":\"https:\\\/\\\/www.suzanavisan.com\\\/#website\",\"url\":\"https:\\\/\\\/www.suzanavisan.com\\\/\",\"name\":\"Suzana Visan - Professional Make-up Artist\",\"description\":\"Professional Make-up Artist | Official Website\",\"publisher\":{\"@id\":\"https:\\\/\\\/www.suzanavisan.com\\\/#organization\"},\"potentialAction\":[{\"@type\":\"SearchAction\",\"target\":{\"@type\":\"EntryPoint\",\"urlTemplate\":\"https:\\\/\\\/www.suzanavisan.com\\\/?s={search_term_string}\"},\"query-input\":{\"@type\":\"PropertyValueSpecification\",\"valueRequired\":true,\"valueName\":\"search_term_string\"}}],\"inLanguage\":\"de-DE\"},{\"@type\":\"Organization\",\"@id\":\"https:\\\/\\\/www.suzanavisan.com\\\/#organization\",\"name\":\"Suzana Visan, Make-up Artist\",\"url\":\"https:\\\/\\\/www.suzanavisan.com\\\/\",\"logo\":{\"@type\":\"ImageObject\",\"inLanguage\":\"de-DE\",\"@id\":\"https:\\\/\\\/www.suzanavisan.com\\\/#\\\/schema\\\/logo\\\/image\\\/\",\"url\":\"https:\\\/\\\/www.suzanavisan.com\\\/wp-content\\\/uploads\\\/2019\\\/02\\\/logo-suzana-1.png\",\"contentUrl\":\"https:\\\/\\\/www.suzanavisan.com\\\/wp-content\\\/uploads\\\/2019\\\/02\\\/logo-suzana-1.png\",\"width\":239,\"height\":65,\"caption\":\"Suzana Visan, Make-up Artist\"},\"image\":{\"@id\":\"https:\\\/\\\/www.suzanavisan.com\\\/#\\\/schema\\\/logo\\\/image\\\/\"},\"sameAs\":[\"https:\\\/\\\/www.facebook.com\\\/Suzana-Visan-Make-up-Artist-229504383812093\\\/\",\"https:\\\/\\\/www.instagram.com\\\/explore\\\/locations\\\/880977788\\\/suzana-visan-make-up-studio\",\"https:\\\/\\\/www.youtube.com\\\/channel\\\/UCPNnJ9bxATbNdfjERVoKEdw\"]}]}<\/script>\n<!-- \/ Yoast SEO plugin. -->","yoast_head_json":{"title":"Teen Beauty : Makeup f\u00fcr Teenager - Suzana Visan - Professional Make-up Artist","robots":{"index":"index","follow":"follow","max-snippet":"max-snippet:-1","max-image-preview":"max-image-preview:large","max-video-preview":"max-video-preview:-1"},"canonical":"https:\/\/www.suzanavisan.com\/teen-beauty-basics-makeup-for-teenagers\/","og_locale":"de_DE","og_type":"article","og_title":"Teen Beauty : Makeup f\u00fcr Teenager - Suzana Visan - Professional Make-up Artist","og_url":"https:\/\/www.suzanavisan.com\/teen-beauty-basics-makeup-for-teenagers\/","og_site_name":"Suzana Visan - Professional Make-up Artist","article_publisher":"https:\/\/www.facebook.com\/Suzana-Visan-Make-up-Artist-229504383812093\/","article_modified_time":"2025-11-14T16:03:46+00:00","twitter_card":"summary_large_image","twitter_misc":{"Est. reading time":"2 minutes"},"schema":{"@context":"https:\/\/schema.org","@graph":[{"@type":"WebPage","@id":"https:\/\/www.suzanavisan.com\/teen-beauty-basics-makeup-for-teenagers\/","url":"https:\/\/www.suzanavisan.com\/teen-beauty-basics-makeup-for-teenagers\/","name":"Teen Beauty : Makeup f\u00fcr Teenager - Suzana Visan - Professional Make-up Artist","isPartOf":{"@id":"https:\/\/www.suzanavisan.com\/#website"},"datePublished":"2024-02-02T15:27:42+00:00","dateModified":"2025-11-14T16:03:46+00:00","breadcrumb":{"@id":"https:\/\/www.suzanavisan.com\/teen-beauty-basics-makeup-for-teenagers\/#breadcrumb"},"inLanguage":"de-DE","potentialAction":[{"@type":"ReadAction","target":["https:\/\/www.suzanavisan.com\/teen-beauty-basics-makeup-for-teenagers\/"]}]},{"@type":"BreadcrumbList","@id":"https:\/\/www.suzanavisan.com\/teen-beauty-basics-makeup-for-teenagers\/#breadcrumb","itemListElement":[{"@type":"ListItem","position":1,"name":"Home","item":"https:\/\/www.suzanavisan.com\/"},{"@type":"ListItem","position":2,"name":"Teen Beauty: makeup for teenagers"}]},{"@type":"WebSite","@id":"https:\/\/www.suzanavisan.com\/#website","url":"https:\/\/www.suzanavisan.com\/","name":"Suzana Visan - Professional Make-up Artist","description":"Professional Make-up Artist | Official Website","publisher":{"@id":"https:\/\/www.suzanavisan.com\/#organization"},"potentialAction":[{"@type":"SearchAction","target":{"@type":"EntryPoint","urlTemplate":"https:\/\/www.suzanavisan.com\/?s={search_term_string}"},"query-input":{"@type":"PropertyValueSpecification","valueRequired":true,"valueName":"search_term_string"}}],"inLanguage":"de-DE"},{"@type":"Organization","@id":"https:\/\/www.suzanavisan.com\/#organization","name":"Suzana Visan, Make-up Artist","url":"https:\/\/www.suzanavisan.com\/","logo":{"@type":"ImageObject","inLanguage":"de-DE","@id":"https:\/\/www.suzanavisan.com\/#\/schema\/logo\/image\/","url":"https:\/\/www.suzanavisan.com\/wp-content\/uploads\/2019\/02\/logo-suzana-1.png","contentUrl":"https:\/\/www.suzanavisan.com\/wp-content\/uploads\/2019\/02\/logo-suzana-1.png","width":239,"height":65,"caption":"Suzana Visan, Make-up Artist"},"image":{"@id":"https:\/\/www.suzanavisan.com\/#\/schema\/logo\/image\/"},"sameAs":["https:\/\/www.facebook.com\/Suzana-Visan-Make-up-Artist-229504383812093\/","https:\/\/www.instagram.com\/explore\/locations\/880977788\/suzana-visan-make-up-studio","https:\/\/www.youtube.com\/channel\/UCPNnJ9bxATbNdfjERVoKEdw"]}]}},"_links":{"self":[{"href":"https:\/\/www.suzanavisan.com\/de\/wp-json\/wp\/v2\/pages\/11827","targetHints":{"allow":["GET"]}}],"collection":[{"href":"https:\/\/www.suzanavisan.com\/de\/wp-json\/wp\/v2\/pages"}],"about":[{"href":"https:\/\/www.suzanavisan.com\/de\/wp-json\/wp\/v2\/types\/page"}],"author":[{"embeddable":true,"href":"https:\/\/www.suzanavisan.com\/de\/wp-json\/wp\/v2\/users\/1"}],"replies":[{"embeddable":true,"href":"https:\/\/www.suzanavisan.com\/de\/wp-json\/wp\/v2\/comments?post=11827"}],"version-history":[{"count":5,"href":"https:\/\/www.suzanavisan.com\/de\/wp-json\/wp\/v2\/pages\/11827\/revisions"}],"predecessor-version":[{"id":12983,"href":"https:\/\/www.suzanavisan.com\/de\/wp-json\/wp\/v2\/pages\/11827\/revisions\/12983"}],"wp:attachment":[{"href":"https:\/\/www.suzanavisan.com\/de\/wp-json\/wp\/v2\/media?parent=11827"}],"curies":[{"name":"wp","href":"https:\/\/api.w.org\/{rel}","templated":true}]}}