{"id":11846,"date":"2024-02-05T08:43:46","date_gmt":"2024-02-05T08:43:46","guid":{"rendered":"https:\/\/www.suzanavisan.com\/?page_id=11846"},"modified":"2025-11-14T15:38:12","modified_gmt":"2025-11-14T15:38:12","slug":"mom-me-beauty-date","status":"publish","type":"page","link":"https:\/\/www.suzanavisan.com\/de\/mom-me-beauty-date\/","title":{"rendered":"Mom &#038; Me Beauty Date"},"content":{"rendered":"<div class=\"wpb-content-wrapper\"><p>[vc_row center_bck_image=&#8221;no&#8221;][vc_column width=&#8221;1\/2&#8243;][vc_column_text css=&#8221;&#8221;]<\/p>\n<h3 class=\"workshop-title\"><strong>Mom &amp; Me Beauty Date<\/strong><\/h3>\n<p>Hier teilen\u00a0Mutter\u00a0und\u00a0Tochter\u00a0die\u00a0<wbr \/>Freude an Sch\u00f6nheit! Ein einzigartiges und\u00a0verbindendes Erlebnis, bei dem die eigene, strahlende Sch\u00f6nheit unabh\u00e4ngig vom Alter gefeiert wird. Als\u00a0Geschenkf\u00fcr deine Mama \u2013 oder als Geschenk f\u00fcr deine Tochter.<\/p>\n<h4 style=\"text-align: center;\"><strong><span style=\"color: #958176;\">Was euch erwartet: <\/span><\/strong><\/h4>\n<p>\u2713 Entdeckt welche\u00a0<strong>Makeup\u00a0Farben<\/strong> am besten zu euch passen, welche Farben ihr <strong>vermeiden solltet<\/strong>, und wie ihr die Farben richtig <strong>kombinieren k\u00f6nntet<\/strong>\u00a0(Gesicht, Wangen, Lippen)<\/p>\n<p>\u2713 Lernt, wie ihr eure\u00a0<strong>sch\u00f6nsten Gesichtsz\u00fcge<\/strong> mit Makeup <strong>typgerecht<\/strong>\u00a0betont \u2013 abgestimmt auf\u00a0<strong>Pers\u00f6nlichkeit, Alter, Lebensstil &amp; Bed\u00fcrfnisse<\/strong><\/p>\n<p>\u2713 Erfahrt, wie ihr einen\u00a0<strong>ebenm\u00e4\u00dfigen, langanhaltenden Teint<\/strong>\u00a0kreiert<\/p>\n<p>\u2713 Erhaltet\u00a0<strong>Tipps zur Produktwahl<\/strong>, passend zu\u00a0<strong>Hauttyp, Budget, Alter &amp; individuellen Bed\u00fcrfnissen<\/strong><\/p>\n<p>\u2713 Unterst\u00fctzt euch gegenseitig beim\u00a0<strong>Entdecken eurer inneren Sch\u00f6nheit <\/strong>mit einer kurzen<strong>\u00a0Self-Love &amp; Self-Care<\/strong> \u00dcbung mit dem Spiegel (optional)<\/p>\n<p>\u2713 Nehmt\u00a0<strong>Handouts mit nach Hause<\/strong>, die euch auch nach dem Workshop begleiten und eure <strong>zuk\u00fcnftigen Produktentscheidungen<\/strong>\u00a0<wbr \/>erleichtern[\/vc_column_text][\/vc_column][vc_column width=&#8221;1\/2&#8243;][vc_single_image image=&#8221;11674&#8243; img_size=&#8221;large&#8221;][\/vc_column][\/vc_row][vc_row center_bck_image=&#8221;no&#8221;][vc_column][vc_empty_space height=&#8221;16px&#8221;][\/vc_column][\/vc_row][vc_row center_bck_image=&#8221;no&#8221;][vc_column][vc_column_text css=&#8221;&#8221;]<strong>Makeup Tools Kit inklusive, damit du gleich am n\u00e4chsten Tag weiter\u00fcben kannst (bei der Option mit zwei Sessions) &amp; \u00dcberraschungsgeschenke.<\/strong><\/p>\n<p><strong>Dieser Workshop kann eine oder zwei Sessions umfassen:<\/strong><\/p>\n<p><strong>Haupt-Session: 2,5 Stunden<\/strong><\/p>\n<p><strong>Follow-up-Session: 1,5 Stunde<\/strong><\/p>\n<p><strong>Alle Details zu den einzelnen Sessions findest du <a href=\"https:\/\/www.suzanavisan.com\/main-sesion-follow-up\/\">hier<\/a>.<\/strong>[\/vc_column_text][\/vc_column][\/vc_row][vc_row center_bck_image=&#8221;no&#8221;][vc_column][vc_empty_space][vc_column_text css=&#8221;&#8221;]<\/p>\n<h4 style=\"text-align: center;\"><strong>Warum nicht Freude schenken? Mit einem personalisierten, liebevoll verpackten Gutschein kann jeder Workshop zum ultimativen Geschenk werden.<\/strong><\/h4>\n<p>[\/vc_column_text][vc_empty_space][\/vc_column][\/vc_row][vc_row content_width=&#8221;grid&#8221; content_aligment=&#8221;center&#8221; center_bck_image=&#8221;no&#8221;][vc_column]<a href=\"https:\/\/www.suzanavisan.com\/de\/contact-me\/\" target=\"_self\" style=\"color: #ffffff;background:linear-gradient(to right,#c48561 0,#c48561 50%,#c48561 100%);background-size: 200% 200%;\" class=\"eltd-btn eltd-btn-small eltd-btn-solid eltd-btn-custom-hover-color eltd-btn-icon eltd-btn-gradient_hover\" data-hover-color=\"#ffffff\" data-solid-start-background-color=\"#c48561\" data-solid-end-background-color=\"#c48561\" >\n    <span class=\"eltd-btn-text\">F\u00fcr mehr Info kontaktiere mich<\/span>\n    <span aria-hidden=\"true\" class=\"eltd-icon-font-elegant icon_contacts_alt \" ><\/span><\/a>[\/vc_column][\/vc_row][vc_row content_width=&#8221;grid&#8221; content_aligment=&#8221;center&#8221; center_bck_image=&#8221;no&#8221;][vc_column][vc_empty_space height=&#8221;12px&#8221;]\n    <span class=\"eltd-icon-shortcode normal eltd-icon-medium\" style=\"margin: 15px\" data-hover-color=\"#c48561\" data-color=\"#c48561\">\n                    <a class=\"\"  href=\"https:\/\/wa.me\/436605118354\" target=\"_self\">\n        \n        <i class=\"eltd-icon-font-awesome fa fa-whatsapp eltd-icon-element\" style=\"color: #c48561\" ><\/i>\n                    <\/a>\n            <\/span>\n\n\n    <span class=\"eltd-icon-shortcode normal eltd-icon-medium\" style=\"margin: 15px\" data-hover-color=\"#c48561\" data-color=\"#c48561\">\n                    <a class=\"\"  href=\"https:\/\/www.instagram.com\/suzanavisan_beautytips\/\" target=\"_self\">\n        \n        <i class=\"eltd-icon-font-awesome fa fa-instagram eltd-icon-element\" style=\"color: #c48561\" ><\/i>\n                    <\/a>\n            <\/span>\n\n\n    <span class=\"eltd-icon-shortcode normal eltd-icon-medium\" style=\"margin: 15px\" data-hover-color=\"#c48561\" data-color=\"#c48561\">\n                    <a class=\"\"  href=\"https:\/\/www.facebook.com\/Suzana-Visan-Make-up-Artist-229504383812093\/\" target=\"_self\">\n        \n        <i class=\"eltd-icon-font-awesome fa fa-facebook-official eltd-icon-element\" style=\"color: #c48561\" ><\/i>\n                    <\/a>\n            <\/span>\n\n[\/vc_column][\/vc_row][vc_row center_bck_image=&#8221;no&#8221;][vc_column][vc_empty_space][vc_column_text css=&#8221;&#8221;]<\/p>\n<h4 style=\"text-align: center;\">You might be interested also in <a style=\"color: #958176;\" href=\"https:\/\/www.suzanavisan.com\/colour-analysis-session-unveil-your-true-personal-colors\/\">Color Analysis \u2013 Discover Your True Colors<\/a> or\u00a0<a style=\"color: #958176;\" href=\"https:\/\/www.suzanavisan.com\/makeover-journey-2-in-1-color-makeup\/\">Makeover Journey \u2013 Color Analysis &amp; Self-Makeup<\/a><\/h4>\n<h4 style=\"text-align: center;\">Book a <strong>bundle of workshops<\/strong> and contact me for your offer with <strong>discount<\/strong>.<\/h4>\n<p>[\/vc_column_text][vc_empty_space][\/vc_column][\/vc_row][vc_row center_bck_image=&#8221;no&#8221;][vc_column]<div class=\"eltd-image-gallery\">\n\t<div class=\"eltd-image-gallery-grid eltd-gallery-columns-5 \" >\n\t\t\t\t\t<div class=\"eltd-gallery-image\">\n\t\t\t\t\t\t\t\t<a href=\"https:\/\/www.suzanavisan.com\/wp-content\/uploads\/2024\/02\/IMG_8430.jpg\" data-rel=\"prettyPhoto[single_pretty_photo]\" title=\"IMG_8430\">\n\t\t\t\t\t\t\t\t\t\t\t\t\t\t\t\t<img loading=\"lazy\" decoding=\"async\" src=\"https:\/\/www.suzanavisan.com\/wp-content\/uploads\/2024\/02\/IMG_8430-220x300.jpg\" alt=\"\" width=\"220\" height=\"300\" \/>\t\t\t\t\t\t\t\t\t\t\t\t\t\t<\/a>\n\t\t\t\t\t\t<\/div>\n\t\t\t\t\t<div class=\"eltd-gallery-image\">\n\t\t\t\t\t\t\t\t<a href=\"https:\/\/www.suzanavisan.com\/wp-content\/uploads\/2024\/02\/IMG_8449.jpg\" data-rel=\"prettyPhoto[single_pretty_photo]\" title=\"IMG_8449\">\n\t\t\t\t\t\t\t\t\t\t\t\t\t\t\t\t<img loading=\"lazy\" decoding=\"async\" src=\"https:\/\/www.suzanavisan.com\/wp-content\/uploads\/2024\/02\/IMG_8449-220x300.jpg\" alt=\"\" width=\"220\" height=\"300\" \/>\t\t\t\t\t\t\t\t\t\t\t\t\t\t<\/a>\n\t\t\t\t\t\t<\/div>\n\t\t\t\t\t<div class=\"eltd-gallery-image\">\n\t\t\t\t\t\t\t\t<a href=\"https:\/\/www.suzanavisan.com\/wp-content\/uploads\/2024\/02\/IMG_8450.jpg\" data-rel=\"prettyPhoto[single_pretty_photo]\" title=\"IMG_8450\">\n\t\t\t\t\t\t\t\t\t\t\t\t\t\t\t\t<img loading=\"lazy\" decoding=\"async\" src=\"https:\/\/www.suzanavisan.com\/wp-content\/uploads\/2024\/02\/IMG_8450-220x300.jpg\" alt=\"\" width=\"220\" height=\"300\" \/>\t\t\t\t\t\t\t\t\t\t\t\t\t\t<\/a>\n\t\t\t\t\t\t<\/div>\n\t\t\t\t\t<div class=\"eltd-gallery-image\">\n\t\t\t\t\t\t\t\t<a href=\"https:\/\/www.suzanavisan.com\/wp-content\/uploads\/2024\/02\/IMG_8453.jpg\" data-rel=\"prettyPhoto[single_pretty_photo]\" title=\"IMG_8453\">\n\t\t\t\t\t\t\t\t\t\t\t\t\t\t\t\t<img loading=\"lazy\" decoding=\"async\" src=\"https:\/\/www.suzanavisan.com\/wp-content\/uploads\/2024\/02\/IMG_8453-220x300.jpg\" alt=\"\" width=\"220\" height=\"300\" \/>\t\t\t\t\t\t\t\t\t\t\t\t\t\t<\/a>\n\t\t\t\t\t\t<\/div>\n\t\t\t<\/div>\n<\/div>[\/vc_column][\/vc_row]<\/p>\n<\/div>","protected":false},"excerpt":{"rendered":"<p>[vc_row center_bck_image=&#8221;no&#8221;][vc_column width=&#8221;1\/2&#8243;][vc_column_text css=&#8221;&#8221;] Mom &amp; Me Beauty Date Hier teilen\u00a0Mutter\u00a0und\u00a0Tochter\u00a0die\u00a0Freude an Sch\u00f6nheit! Ein einzigartiges und\u00a0verbindendes Erlebnis, bei dem die eigene, strahlende Sch\u00f6nheit unabh\u00e4ngig vom Alter gefeiert wird. Als\u00a0Geschenkf\u00fcr deine Mama \u2013 oder als Geschenk f\u00fcr deine Tochter. Was euch erwartet: \u2713 Entdeckt welche\u00a0Makeup\u00a0Farben am&#8230;<\/p>\n","protected":false},"author":1,"featured_media":0,"parent":0,"menu_order":0,"comment_status":"closed","ping_status":"closed","template":"","meta":{"footnotes":""},"class_list":["post-11846","page","type-page","status-publish","hentry"],"translation":{"provider":"WPGlobus","version":"3.0.2","language":"de","enabled_languages":["en","de"],"languages":{"en":{"title":true,"content":true,"excerpt":false},"de":{"title":true,"content":true,"excerpt":false}}},"yoast_head":"<!-- This site is optimized with the Yoast SEO plugin v27.4 - https:\/\/yoast.com\/product\/yoast-seo-wordpress\/ -->\n<title>Mom &amp; Me Beauty Date - Suzana Visan - Professional Make-up Artist<\/title>\n<meta name=\"robots\" content=\"index, follow, max-snippet:-1, max-image-preview:large, max-video-preview:-1\" \/>\n<link rel=\"canonical\" href=\"https:\/\/www.suzanavisan.com\/mom-me-beauty-date\/\" \/>\n<meta property=\"og:locale\" content=\"de_DE\" \/>\n<meta property=\"og:type\" content=\"article\" \/>\n<meta property=\"og:title\" content=\"Mom &amp; Me Beauty Date - Suzana Visan - Professional Make-up Artist\" \/>\n<meta property=\"og:url\" content=\"https:\/\/www.suzanavisan.com\/mom-me-beauty-date\/\" \/>\n<meta property=\"og:site_name\" content=\"Suzana Visan - Professional Make-up Artist\" \/>\n<meta property=\"article:publisher\" content=\"https:\/\/www.facebook.com\/Suzana-Visan-Make-up-Artist-229504383812093\/\" \/>\n<meta property=\"article:modified_time\" content=\"2025-11-14T15:38:12+00:00\" \/>\n<meta name=\"twitter:card\" content=\"summary_large_image\" \/>\n<meta name=\"twitter:label1\" content=\"Est. reading time\" \/>\n\t<meta name=\"twitter:data1\" content=\"3 minutes\" \/>\n<script type=\"application\/ld+json\" class=\"yoast-schema-graph\">{\"@context\":\"https:\\\/\\\/schema.org\",\"@graph\":[{\"@type\":\"WebPage\",\"@id\":\"https:\\\/\\\/www.suzanavisan.com\\\/mom-me-beauty-date\\\/\",\"url\":\"https:\\\/\\\/www.suzanavisan.com\\\/mom-me-beauty-date\\\/\",\"name\":\"Mom & Me Beauty Date - Suzana Visan - Professional Make-up Artist\",\"isPartOf\":{\"@id\":\"https:\\\/\\\/www.suzanavisan.com\\\/#website\"},\"datePublished\":\"2024-02-05T08:43:46+00:00\",\"dateModified\":\"2025-11-14T15:38:12+00:00\",\"breadcrumb\":{\"@id\":\"https:\\\/\\\/www.suzanavisan.com\\\/mom-me-beauty-date\\\/#breadcrumb\"},\"inLanguage\":\"de-DE\",\"potentialAction\":[{\"@type\":\"ReadAction\",\"target\":[\"https:\\\/\\\/www.suzanavisan.com\\\/mom-me-beauty-date\\\/\"]}]},{\"@type\":\"BreadcrumbList\",\"@id\":\"https:\\\/\\\/www.suzanavisan.com\\\/mom-me-beauty-date\\\/#breadcrumb\",\"itemListElement\":[{\"@type\":\"ListItem\",\"position\":1,\"name\":\"Home\",\"item\":\"https:\\\/\\\/www.suzanavisan.com\\\/\"},{\"@type\":\"ListItem\",\"position\":2,\"name\":\"Mom &#038; Me Beauty Date\"}]},{\"@type\":\"WebSite\",\"@id\":\"https:\\\/\\\/www.suzanavisan.com\\\/#website\",\"url\":\"https:\\\/\\\/www.suzanavisan.com\\\/\",\"name\":\"Suzana Visan - Professional Make-up Artist\",\"description\":\"Professional Make-up Artist | Official Website\",\"publisher\":{\"@id\":\"https:\\\/\\\/www.suzanavisan.com\\\/#organization\"},\"potentialAction\":[{\"@type\":\"SearchAction\",\"target\":{\"@type\":\"EntryPoint\",\"urlTemplate\":\"https:\\\/\\\/www.suzanavisan.com\\\/?s={search_term_string}\"},\"query-input\":{\"@type\":\"PropertyValueSpecification\",\"valueRequired\":true,\"valueName\":\"search_term_string\"}}],\"inLanguage\":\"de-DE\"},{\"@type\":\"Organization\",\"@id\":\"https:\\\/\\\/www.suzanavisan.com\\\/#organization\",\"name\":\"Suzana Visan, Make-up Artist\",\"url\":\"https:\\\/\\\/www.suzanavisan.com\\\/\",\"logo\":{\"@type\":\"ImageObject\",\"inLanguage\":\"de-DE\",\"@id\":\"https:\\\/\\\/www.suzanavisan.com\\\/#\\\/schema\\\/logo\\\/image\\\/\",\"url\":\"https:\\\/\\\/www.suzanavisan.com\\\/wp-content\\\/uploads\\\/2019\\\/02\\\/logo-suzana-1.png\",\"contentUrl\":\"https:\\\/\\\/www.suzanavisan.com\\\/wp-content\\\/uploads\\\/2019\\\/02\\\/logo-suzana-1.png\",\"width\":239,\"height\":65,\"caption\":\"Suzana Visan, Make-up Artist\"},\"image\":{\"@id\":\"https:\\\/\\\/www.suzanavisan.com\\\/#\\\/schema\\\/logo\\\/image\\\/\"},\"sameAs\":[\"https:\\\/\\\/www.facebook.com\\\/Suzana-Visan-Make-up-Artist-229504383812093\\\/\",\"https:\\\/\\\/www.instagram.com\\\/explore\\\/locations\\\/880977788\\\/suzana-visan-make-up-studio\",\"https:\\\/\\\/www.youtube.com\\\/channel\\\/UCPNnJ9bxATbNdfjERVoKEdw\"]}]}<\/script>\n<!-- \/ Yoast SEO plugin. -->","yoast_head_json":{"title":"Mom & Me Beauty Date - Suzana Visan - Professional Make-up Artist","robots":{"index":"index","follow":"follow","max-snippet":"max-snippet:-1","max-image-preview":"max-image-preview:large","max-video-preview":"max-video-preview:-1"},"canonical":"https:\/\/www.suzanavisan.com\/mom-me-beauty-date\/","og_locale":"de_DE","og_type":"article","og_title":"Mom & Me Beauty Date - Suzana Visan - Professional Make-up Artist","og_url":"https:\/\/www.suzanavisan.com\/mom-me-beauty-date\/","og_site_name":"Suzana Visan - Professional Make-up Artist","article_publisher":"https:\/\/www.facebook.com\/Suzana-Visan-Make-up-Artist-229504383812093\/","article_modified_time":"2025-11-14T15:38:12+00:00","twitter_card":"summary_large_image","twitter_misc":{"Est. reading time":"3 minutes"},"schema":{"@context":"https:\/\/schema.org","@graph":[{"@type":"WebPage","@id":"https:\/\/www.suzanavisan.com\/mom-me-beauty-date\/","url":"https:\/\/www.suzanavisan.com\/mom-me-beauty-date\/","name":"Mom & Me Beauty Date - Suzana Visan - Professional Make-up Artist","isPartOf":{"@id":"https:\/\/www.suzanavisan.com\/#website"},"datePublished":"2024-02-05T08:43:46+00:00","dateModified":"2025-11-14T15:38:12+00:00","breadcrumb":{"@id":"https:\/\/www.suzanavisan.com\/mom-me-beauty-date\/#breadcrumb"},"inLanguage":"de-DE","potentialAction":[{"@type":"ReadAction","target":["https:\/\/www.suzanavisan.com\/mom-me-beauty-date\/"]}]},{"@type":"BreadcrumbList","@id":"https:\/\/www.suzanavisan.com\/mom-me-beauty-date\/#breadcrumb","itemListElement":[{"@type":"ListItem","position":1,"name":"Home","item":"https:\/\/www.suzanavisan.com\/"},{"@type":"ListItem","position":2,"name":"Mom &#038; Me Beauty Date"}]},{"@type":"WebSite","@id":"https:\/\/www.suzanavisan.com\/#website","url":"https:\/\/www.suzanavisan.com\/","name":"Suzana Visan - Professional Make-up Artist","description":"Professional Make-up Artist | Official Website","publisher":{"@id":"https:\/\/www.suzanavisan.com\/#organization"},"potentialAction":[{"@type":"SearchAction","target":{"@type":"EntryPoint","urlTemplate":"https:\/\/www.suzanavisan.com\/?s={search_term_string}"},"query-input":{"@type":"PropertyValueSpecification","valueRequired":true,"valueName":"search_term_string"}}],"inLanguage":"de-DE"},{"@type":"Organization","@id":"https:\/\/www.suzanavisan.com\/#organization","name":"Suzana Visan, Make-up Artist","url":"https:\/\/www.suzanavisan.com\/","logo":{"@type":"ImageObject","inLanguage":"de-DE","@id":"https:\/\/www.suzanavisan.com\/#\/schema\/logo\/image\/","url":"https:\/\/www.suzanavisan.com\/wp-content\/uploads\/2019\/02\/logo-suzana-1.png","contentUrl":"https:\/\/www.suzanavisan.com\/wp-content\/uploads\/2019\/02\/logo-suzana-1.png","width":239,"height":65,"caption":"Suzana Visan, Make-up Artist"},"image":{"@id":"https:\/\/www.suzanavisan.com\/#\/schema\/logo\/image\/"},"sameAs":["https:\/\/www.facebook.com\/Suzana-Visan-Make-up-Artist-229504383812093\/","https:\/\/www.instagram.com\/explore\/locations\/880977788\/suzana-visan-make-up-studio","https:\/\/www.youtube.com\/channel\/UCPNnJ9bxATbNdfjERVoKEdw"]}]}},"_links":{"self":[{"href":"https:\/\/www.suzanavisan.com\/de\/wp-json\/wp\/v2\/pages\/11846","targetHints":{"allow":["GET"]}}],"collection":[{"href":"https:\/\/www.suzanavisan.com\/de\/wp-json\/wp\/v2\/pages"}],"about":[{"href":"https:\/\/www.suzanavisan.com\/de\/wp-json\/wp\/v2\/types\/page"}],"author":[{"embeddable":true,"href":"https:\/\/www.suzanavisan.com\/de\/wp-json\/wp\/v2\/users\/1"}],"replies":[{"embeddable":true,"href":"https:\/\/www.suzanavisan.com\/de\/wp-json\/wp\/v2\/comments?post=11846"}],"version-history":[{"count":6,"href":"https:\/\/www.suzanavisan.com\/de\/wp-json\/wp\/v2\/pages\/11846\/revisions"}],"predecessor-version":[{"id":12969,"href":"https:\/\/www.suzanavisan.com\/de\/wp-json\/wp\/v2\/pages\/11846\/revisions\/12969"}],"wp:attachment":[{"href":"https:\/\/www.suzanavisan.com\/de\/wp-json\/wp\/v2\/media?parent=11846"}],"curies":[{"name":"wp","href":"https:\/\/api.w.org\/{rel}","templated":true}]}}