{"id":12102,"date":"2024-03-01T14:06:03","date_gmt":"2024-03-01T14:06:03","guid":{"rendered":"https:\/\/www.suzanavisan.com\/?page_id=12102"},"modified":"2025-11-15T20:09:29","modified_gmt":"2025-11-15T20:09:29","slug":"main-sesion-follow-up","status":"publish","type":"page","link":"https:\/\/www.suzanavisan.com\/de\/main-sesion-follow-up\/","title":{"rendered":"Main Sesion &#038; Follow-up"},"content":{"rendered":"<div class=\"wpb-content-wrapper\"><p>[vc_row center_bck_image=&#8221;no&#8221;][vc_column width=&#8221;1\/2&#8243;][vc_column_text css=&#8221;&#8221;]<\/p>\n<h3 style=\"text-align: left;\">Main Sesion &amp; Follow-up<\/h3>\n<h4 style=\"text-align: left;\"><strong><span style=\"color: #958176;\">Was erwartet dich in der Workshop-Einheit?<\/span><\/strong><\/h4>\n<p>Das ist unser erstes Treffen, <strong>die tats\u00e4chliche Makeup Lektion<\/strong>, in der ich dich durch alle Inhalte der von dir gew\u00e4hlten Workshop- Beschreibung f\u00fchre.<\/p>\n<h4 style=\"text-align: left;\"><strong><span style=\"color: #958176;\">Was ist eine Follow-up Makeup Einheit? <\/span><\/strong><\/h4>\n<p>Es ist <strong>deine Beauty Reise<\/strong>. Und so passiert oft, dass du nach unserer ersten Treffen noch <strong>weitere Unterstuzung<\/strong> auf deinem Weg ben\u00f6tigst. Deshalb treffen wir uns ein <strong>weiteres Mal<\/strong> und <strong>wiederholen das Gelernte<\/strong>, um die <strong>neuen F\u00e4higkeiten langfristig, schnell und m\u00fchelos zu festigen<\/strong>.<\/p>\n<p><span style=\"text-align: left;\"><strong>Was dich in dieser Einheitet erwartet:<\/strong><\/span><br \/>\n\u2713 Gemeinsam <strong>wiederholen <\/strong>wir die gelernten Schritte und <strong>verfeinern<\/strong> zus\u00e4tlich deine <strong>Technik<\/strong><\/p>\n<p>\u2713 Du erh\u00e4lst bei Bedarf <strong>weitere Tipps &amp; Tricks<\/strong>. Au\u00dferdem k\u00f6nnen wir <strong>\u00c4nderungen<\/strong> vornehmen, wenn etwas f\u00fcr dich noch nicht gut funktionieren sollte<\/p>\n<p>\u2713Dieses mal verwenden wir <strong>deine eigenen Produkte<\/strong>, damit du noch besser lernst, sie <strong>einzusetzen<\/strong> und <strong>perfekt f\u00fcr dich<\/strong> abgestimmt zu kombinieren<\/p>\n<p>\u2713 Wir werden die letzten Schritte und Version gemeinsam <strong>aufzeichnen<\/strong>, <strong>zusammengefasst<\/strong> in einem <strong>ganz personalisierten Tutorial<\/strong>, genau auf dich angepasst, zu dem du jederzeit zugriff hast<\/p>\n<p>\u2713 Die Einheit kann <strong>pers\u00f6nlich<\/strong> im Studio stattfinden oder <strong>online<\/strong>, bequem von zu Hause[\/vc_column_text][\/vc_column][vc_column width=&#8221;1\/2&#8243;][vc_single_image image=&#8221;12360&#8243; img_size=&#8221;large&#8221; css=&#8221;&#8221;][\/vc_column][\/vc_row][vc_row center_bck_image=&#8221;no&#8221;][vc_column][vc_column_text css=&#8221;&#8221;]<b><strong>Dauer<\/strong>: 1h<\/b>[\/vc_column_text][\/vc_column][\/vc_row][vc_row center_bck_image=&#8221;no&#8221;][vc_column][vc_column_text css=&#8221;&#8221;]<\/p>\n<h4 style=\"text-align: center;\"><strong><span style=\"color: #958176;\">Was ist das Makeup Tools Set ?\u00a0<\/span><\/strong><\/h4>\n<p>Weil es eine <strong>Beauty Reise<\/strong> ist, finde ich wichtig, dass du ein <strong>Set mit<\/strong> <strong>Beauty-Essentials<\/strong> bekommst, die dich auf deinem Weg begleiten. So kannst du das Gelernte gleich am n\u00e4chsten Tag zuhause m\u00fchelos anwenden.<\/p>\n<p>Dieses Set ist vollgepackt mit <strong>wichtigsten Makeup Tools<\/strong> wie Pinseln, Schw\u00e4mmen, Puderquasten und vielem mehr und stellt sicher, dass du perfekt f\u00fcr deine <strong>wunderbare Reise ausgestattet<\/strong> bist. Au\u00dferdem spart es dir <strong>Zeit, Geld<\/strong> und den <strong>Stress<\/strong>, in Gesch\u00e4ften suchen zu m\u00fcssen.<\/p>\n<p>*Kosmetiktasche, Pinselhalter und \u00dcberraschungsgeschenk sind darin ebenfalls enthalten.[\/vc_column_text][\/vc_column][\/vc_row][vc_row center_bck_image=&#8221;no&#8221;][vc_column][vc_empty_space][\/vc_column][\/vc_row][vc_row content_width=&#8221;grid&#8221; content_aligment=&#8221;center&#8221; center_bck_image=&#8221;no&#8221;][vc_column]<a href=\"https:\/\/www.suzanavisan.com\/contact-me\/\" target=\"_self\" style=\"color: #ffffff;background:linear-gradient(to right,#c48561 0,#c48561 50%,#c48561 100%);background-size: 200% 200%;\" class=\"eltd-btn eltd-btn-small eltd-btn-solid eltd-btn-custom-hover-color eltd-btn-icon eltd-btn-gradient_hover\" data-hover-color=\"#ffffff\" data-solid-start-background-color=\"#c48561\" data-solid-end-background-color=\"#c48561\" >\n    <span class=\"eltd-btn-text\">F\u00fcr mehr Info kontaktiere mich<\/span>\n    <span aria-hidden=\"true\" class=\"eltd-icon-font-elegant icon_contacts_alt \" ><\/span><\/a>[\/vc_column][\/vc_row][vc_row content_width=&#8221;grid&#8221; content_aligment=&#8221;center&#8221; center_bck_image=&#8221;no&#8221;][vc_column][vc_empty_space height=&#8221;12px&#8221;]\n    <span class=\"eltd-icon-shortcode normal eltd-icon-medium\" style=\"margin: 15px\" data-hover-color=\"#c48561\" data-color=\"#c48561\">\n                    <a class=\"\"  href=\"https:\/\/wa.me\/436605118354\" target=\"_self\">\n        \n        <i class=\"eltd-icon-font-awesome fa fa-whatsapp eltd-icon-element\" style=\"color: #c48561\" ><\/i>\n                    <\/a>\n            <\/span>\n\n\n    <span class=\"eltd-icon-shortcode normal eltd-icon-medium\" style=\"margin: 15px\" data-hover-color=\"#c48561\" data-color=\"#c48561\">\n                    <a class=\"\"  href=\"https:\/\/www.instagram.com\/suzanavisan_beautytips\/\" target=\"_self\">\n        \n        <i class=\"eltd-icon-font-awesome fa fa-instagram eltd-icon-element\" style=\"color: #c48561\" ><\/i>\n                    <\/a>\n            <\/span>\n\n\n    <span class=\"eltd-icon-shortcode normal eltd-icon-medium\" style=\"margin: 15px\" data-hover-color=\"#c48561\" data-color=\"#c48561\">\n                    <a class=\"\"  href=\"https:\/\/www.facebook.com\/Suzana-Visan-Make-up-Artist-229504383812093\/\" target=\"_self\">\n        \n        <i class=\"eltd-icon-font-awesome fa fa-facebook-official eltd-icon-element\" style=\"color: #c48561\" ><\/i>\n                    <\/a>\n            <\/span>\n\n[\/vc_column][\/vc_row]<\/p>\n<\/div>","protected":false},"excerpt":{"rendered":"<p>[vc_row center_bck_image=&#8221;no&#8221;][vc_column width=&#8221;1\/2&#8243;][vc_column_text css=&#8221;&#8221;] Main Sesion &amp; Follow-up Was erwartet dich in der Workshop-Einheit? Das ist unser erstes Treffen, die tats\u00e4chliche Makeup Lektion, in der ich dich durch alle Inhalte der von dir gew\u00e4hlten Workshop- Beschreibung f\u00fchre. Was ist eine Follow-up Makeup Einheit? Es ist&#8230;<\/p>\n","protected":false},"author":1,"featured_media":0,"parent":0,"menu_order":0,"comment_status":"closed","ping_status":"closed","template":"","meta":{"footnotes":""},"class_list":["post-12102","page","type-page","status-publish","hentry"],"translation":{"provider":"WPGlobus","version":"3.0.2","language":"de","enabled_languages":["en","de"],"languages":{"en":{"title":true,"content":true,"excerpt":false},"de":{"title":true,"content":true,"excerpt":false}}},"yoast_head":"<!-- This site is optimized with the Yoast SEO plugin v27.4 - https:\/\/yoast.com\/product\/yoast-seo-wordpress\/ -->\n<title>Main Sesion &amp; Follow-up - Suzana Visan - Professional Make-up Artist<\/title>\n<meta name=\"robots\" content=\"index, follow, max-snippet:-1, max-image-preview:large, max-video-preview:-1\" \/>\n<link rel=\"canonical\" href=\"https:\/\/www.suzanavisan.com\/main-sesion-follow-up\/\" \/>\n<meta property=\"og:locale\" content=\"de_DE\" \/>\n<meta property=\"og:type\" content=\"article\" \/>\n<meta property=\"og:title\" content=\"Main Sesion &amp; Follow-up - Suzana Visan - Professional Make-up Artist\" \/>\n<meta property=\"og:url\" content=\"https:\/\/www.suzanavisan.com\/main-sesion-follow-up\/\" \/>\n<meta property=\"og:site_name\" content=\"Suzana Visan - Professional Make-up Artist\" \/>\n<meta property=\"article:publisher\" content=\"https:\/\/www.facebook.com\/Suzana-Visan-Make-up-Artist-229504383812093\/\" \/>\n<meta property=\"article:modified_time\" content=\"2025-11-15T20:09:29+00:00\" \/>\n<meta name=\"twitter:card\" content=\"summary_large_image\" \/>\n<meta name=\"twitter:label1\" content=\"Est. reading time\" \/>\n\t<meta name=\"twitter:data1\" content=\"2 minutes\" \/>\n<script type=\"application\/ld+json\" class=\"yoast-schema-graph\">{\"@context\":\"https:\\\/\\\/schema.org\",\"@graph\":[{\"@type\":\"WebPage\",\"@id\":\"https:\\\/\\\/www.suzanavisan.com\\\/main-sesion-follow-up\\\/\",\"url\":\"https:\\\/\\\/www.suzanavisan.com\\\/main-sesion-follow-up\\\/\",\"name\":\"Main Sesion & Follow-up - Suzana Visan - Professional Make-up Artist\",\"isPartOf\":{\"@id\":\"https:\\\/\\\/www.suzanavisan.com\\\/#website\"},\"datePublished\":\"2024-03-01T14:06:03+00:00\",\"dateModified\":\"2025-11-15T20:09:29+00:00\",\"breadcrumb\":{\"@id\":\"https:\\\/\\\/www.suzanavisan.com\\\/main-sesion-follow-up\\\/#breadcrumb\"},\"inLanguage\":\"de-DE\",\"potentialAction\":[{\"@type\":\"ReadAction\",\"target\":[\"https:\\\/\\\/www.suzanavisan.com\\\/main-sesion-follow-up\\\/\"]}]},{\"@type\":\"BreadcrumbList\",\"@id\":\"https:\\\/\\\/www.suzanavisan.com\\\/main-sesion-follow-up\\\/#breadcrumb\",\"itemListElement\":[{\"@type\":\"ListItem\",\"position\":1,\"name\":\"Home\",\"item\":\"https:\\\/\\\/www.suzanavisan.com\\\/\"},{\"@type\":\"ListItem\",\"position\":2,\"name\":\"Main Sesion &#038; Follow-up\"}]},{\"@type\":\"WebSite\",\"@id\":\"https:\\\/\\\/www.suzanavisan.com\\\/#website\",\"url\":\"https:\\\/\\\/www.suzanavisan.com\\\/\",\"name\":\"Suzana Visan - Professional Make-up Artist\",\"description\":\"Professional Make-up Artist | Official Website\",\"publisher\":{\"@id\":\"https:\\\/\\\/www.suzanavisan.com\\\/#organization\"},\"potentialAction\":[{\"@type\":\"SearchAction\",\"target\":{\"@type\":\"EntryPoint\",\"urlTemplate\":\"https:\\\/\\\/www.suzanavisan.com\\\/?s={search_term_string}\"},\"query-input\":{\"@type\":\"PropertyValueSpecification\",\"valueRequired\":true,\"valueName\":\"search_term_string\"}}],\"inLanguage\":\"de-DE\"},{\"@type\":\"Organization\",\"@id\":\"https:\\\/\\\/www.suzanavisan.com\\\/#organization\",\"name\":\"Suzana Visan, Make-up Artist\",\"url\":\"https:\\\/\\\/www.suzanavisan.com\\\/\",\"logo\":{\"@type\":\"ImageObject\",\"inLanguage\":\"de-DE\",\"@id\":\"https:\\\/\\\/www.suzanavisan.com\\\/#\\\/schema\\\/logo\\\/image\\\/\",\"url\":\"https:\\\/\\\/www.suzanavisan.com\\\/wp-content\\\/uploads\\\/2019\\\/02\\\/logo-suzana-1.png\",\"contentUrl\":\"https:\\\/\\\/www.suzanavisan.com\\\/wp-content\\\/uploads\\\/2019\\\/02\\\/logo-suzana-1.png\",\"width\":239,\"height\":65,\"caption\":\"Suzana Visan, Make-up Artist\"},\"image\":{\"@id\":\"https:\\\/\\\/www.suzanavisan.com\\\/#\\\/schema\\\/logo\\\/image\\\/\"},\"sameAs\":[\"https:\\\/\\\/www.facebook.com\\\/Suzana-Visan-Make-up-Artist-229504383812093\\\/\",\"https:\\\/\\\/www.instagram.com\\\/explore\\\/locations\\\/880977788\\\/suzana-visan-make-up-studio\",\"https:\\\/\\\/www.youtube.com\\\/channel\\\/UCPNnJ9bxATbNdfjERVoKEdw\"]}]}<\/script>\n<!-- \/ Yoast SEO plugin. -->","yoast_head_json":{"title":"Main Sesion & Follow-up - Suzana Visan - Professional Make-up Artist","robots":{"index":"index","follow":"follow","max-snippet":"max-snippet:-1","max-image-preview":"max-image-preview:large","max-video-preview":"max-video-preview:-1"},"canonical":"https:\/\/www.suzanavisan.com\/main-sesion-follow-up\/","og_locale":"de_DE","og_type":"article","og_title":"Main Sesion & Follow-up - Suzana Visan - Professional Make-up Artist","og_url":"https:\/\/www.suzanavisan.com\/main-sesion-follow-up\/","og_site_name":"Suzana Visan - Professional Make-up Artist","article_publisher":"https:\/\/www.facebook.com\/Suzana-Visan-Make-up-Artist-229504383812093\/","article_modified_time":"2025-11-15T20:09:29+00:00","twitter_card":"summary_large_image","twitter_misc":{"Est. reading time":"2 minutes"},"schema":{"@context":"https:\/\/schema.org","@graph":[{"@type":"WebPage","@id":"https:\/\/www.suzanavisan.com\/main-sesion-follow-up\/","url":"https:\/\/www.suzanavisan.com\/main-sesion-follow-up\/","name":"Main Sesion & Follow-up - Suzana Visan - Professional Make-up Artist","isPartOf":{"@id":"https:\/\/www.suzanavisan.com\/#website"},"datePublished":"2024-03-01T14:06:03+00:00","dateModified":"2025-11-15T20:09:29+00:00","breadcrumb":{"@id":"https:\/\/www.suzanavisan.com\/main-sesion-follow-up\/#breadcrumb"},"inLanguage":"de-DE","potentialAction":[{"@type":"ReadAction","target":["https:\/\/www.suzanavisan.com\/main-sesion-follow-up\/"]}]},{"@type":"BreadcrumbList","@id":"https:\/\/www.suzanavisan.com\/main-sesion-follow-up\/#breadcrumb","itemListElement":[{"@type":"ListItem","position":1,"name":"Home","item":"https:\/\/www.suzanavisan.com\/"},{"@type":"ListItem","position":2,"name":"Main Sesion &#038; Follow-up"}]},{"@type":"WebSite","@id":"https:\/\/www.suzanavisan.com\/#website","url":"https:\/\/www.suzanavisan.com\/","name":"Suzana Visan - Professional Make-up Artist","description":"Professional Make-up Artist | Official Website","publisher":{"@id":"https:\/\/www.suzanavisan.com\/#organization"},"potentialAction":[{"@type":"SearchAction","target":{"@type":"EntryPoint","urlTemplate":"https:\/\/www.suzanavisan.com\/?s={search_term_string}"},"query-input":{"@type":"PropertyValueSpecification","valueRequired":true,"valueName":"search_term_string"}}],"inLanguage":"de-DE"},{"@type":"Organization","@id":"https:\/\/www.suzanavisan.com\/#organization","name":"Suzana Visan, Make-up Artist","url":"https:\/\/www.suzanavisan.com\/","logo":{"@type":"ImageObject","inLanguage":"de-DE","@id":"https:\/\/www.suzanavisan.com\/#\/schema\/logo\/image\/","url":"https:\/\/www.suzanavisan.com\/wp-content\/uploads\/2019\/02\/logo-suzana-1.png","contentUrl":"https:\/\/www.suzanavisan.com\/wp-content\/uploads\/2019\/02\/logo-suzana-1.png","width":239,"height":65,"caption":"Suzana Visan, Make-up Artist"},"image":{"@id":"https:\/\/www.suzanavisan.com\/#\/schema\/logo\/image\/"},"sameAs":["https:\/\/www.facebook.com\/Suzana-Visan-Make-up-Artist-229504383812093\/","https:\/\/www.instagram.com\/explore\/locations\/880977788\/suzana-visan-make-up-studio","https:\/\/www.youtube.com\/channel\/UCPNnJ9bxATbNdfjERVoKEdw"]}]}},"_links":{"self":[{"href":"https:\/\/www.suzanavisan.com\/de\/wp-json\/wp\/v2\/pages\/12102","targetHints":{"allow":["GET"]}}],"collection":[{"href":"https:\/\/www.suzanavisan.com\/de\/wp-json\/wp\/v2\/pages"}],"about":[{"href":"https:\/\/www.suzanavisan.com\/de\/wp-json\/wp\/v2\/types\/page"}],"author":[{"embeddable":true,"href":"https:\/\/www.suzanavisan.com\/de\/wp-json\/wp\/v2\/users\/1"}],"replies":[{"embeddable":true,"href":"https:\/\/www.suzanavisan.com\/de\/wp-json\/wp\/v2\/comments?post=12102"}],"version-history":[{"count":5,"href":"https:\/\/www.suzanavisan.com\/de\/wp-json\/wp\/v2\/pages\/12102\/revisions"}],"predecessor-version":[{"id":12990,"href":"https:\/\/www.suzanavisan.com\/de\/wp-json\/wp\/v2\/pages\/12102\/revisions\/12990"}],"wp:attachment":[{"href":"https:\/\/www.suzanavisan.com\/de\/wp-json\/wp\/v2\/media?parent=12102"}],"curies":[{"name":"wp","href":"https:\/\/api.w.org\/{rel}","templated":true}]}}