{"id":12183,"date":"2024-04-09T09:54:48","date_gmt":"2024-04-09T09:54:48","guid":{"rendered":"https:\/\/www.suzanavisan.com\/?page_id=12183"},"modified":"2025-10-16T21:27:35","modified_gmt":"2025-10-16T21:27:35","slug":"business-makeup-professional-look-for-the-office","status":"publish","type":"page","link":"https:\/\/www.suzanavisan.com\/de\/business-makeup-professional-look-for-the-office\/","title":{"rendered":"Office Makeup: Professional Business Look"},"content":{"rendered":"<div class=\"wpb-content-wrapper\"><p>[vc_row center_bck_image=&#8221;no&#8221;][vc_column width=&#8221;1\/2&#8243;][vc_column_text css=&#8221;&#8221;]<\/p>\n<h3>Office Makeup: Professional Business Look<\/h3>\n<p>Sei bereit die Unternehmenswelt zu erobern und in jedem beruflichen Umfeld einen <strong>professionellen Eindruck zu hinterlassen.<\/strong><\/p>\n<p>Ein professioneller Look spiegelt nicht nur <strong>Respekt<\/strong> f\u00fcr das Arbeitsumfeld, sondern st\u00e4rkt auch die Glaubw\u00fcrdigkeit, f\u00f6rdert positive Beziehungen und <strong>st\u00e4rkt das Selbstvertrauen.<\/strong><\/p>\n<h4 style=\"text-align: center;\"><strong><span style=\"color: #958176;\">Was dich in diesem Workshop erwartet:<\/span><\/strong><\/h4>\n<p>\u2713 Individuelle Tipps &amp; Tricks, die speziell f\u00fcr die <strong>B\u00fcroumgebung<\/strong> entwickelt wurden und an <strong>deinen Stil und deine Vorlieben<\/strong> angepasst sind<\/p>\n<p>\u2713 Du erh\u00e4lst <strong>eine Liste<\/strong> mit <strong>Makeup Produkten<\/strong>, die deinem Budget entspricht und f\u00fcr einen professionellen B\u00fcro Look geeignet ist.<\/p>\n<p>\u2713 Du findest heraus, wie du die <strong>Makeup Farben<\/strong> ausw\u00e4hlen kannst , die am besten zu dir passen<\/p>\n<p>\u2713 Du lernst Techniquen, damit das <strong>Makeup den ganzen Arbeitstag lang h\u00e4lt<\/strong> und ein frisches und gl\u00e4nzendes Aussehen beh\u00e4lt<\/p>\n<p>\u2713 <strong>Zwei Versionen<\/strong> eines professionellen Makeup Looks \u2013 <strong>Alltagslook <\/strong>sowie Tipps f\u00fcr<strong> After-Work-Events<\/strong><\/p>\n<p>\u2713 Welche sind die besten professionellen Farbt\u00f6nen f\u00fcr <strong>Lippenstifte<\/strong>, die das <strong>Gesamtbild<\/strong> erg\u00e4nzen, ohne auf\u00e4llig zu sein.<\/p>\n<p>&nbsp;<\/p>\n<p><strong><span dir=\"ltr\" role=\"presentation\">Unlock your confidence<\/span><\/strong> <span dir=\"ltr\" role=\"presentation\">and elevate your<\/span> <strong><span dir=\"ltr\" role=\"presentation\">professional presence<\/span><span dir=\"ltr\" role=\"presentation\">, <\/span><\/strong><span dir=\"ltr\" role=\"presentation\">because<\/span> <span dir=\"ltr\" role=\"presentation\">success<\/span> <span dir=\"ltr\" role=\"presentation\">begins with the power of your image and presentation.<\/span>[\/vc_column_text][\/vc_column][vc_column width=&#8221;1\/2&#8243;][vc_single_image image=&#8221;12188&#8243; img_size=&#8221;large&#8221;][\/vc_column][\/vc_row][vc_row center_bck_image=&#8221;no&#8221;][vc_column][vc_column_text css=&#8221;&#8221;]*<strong>Makeup Tools Set um das Gelernte auch gleich am n\u00e4chsten Tag anwenden zu k\u00f6nnen. Verf\u00fcgbar als Kombi-Paket: Workshop &amp; Follow-up. F\u00fcr mehr Details dazu <\/strong>\u00a0<a style=\"color: #c48561;\" href=\"https:\/\/www.suzanavisan.com\/de\/main-sesion-follow-up\/\">klicke hier.<\/a>[\/vc_column_text][\/vc_column][\/vc_row][vc_row center_bck_image=&#8221;no&#8221;][vc_column][vc_empty_space height=&#8221;16px&#8221;][\/vc_column][\/vc_row][vc_row center_bck_image=&#8221;no&#8221;][vc_column][vc_column_text css=&#8221;&#8221;]<strong>Das Erfolg<\/strong> beggint mit der Kraft deines <strong>ersten Eindrucks<\/strong>. Dieses Workshop wird dich dabei helfen, dein <strong>Selbstvertrauen <\/strong>zu st\u00e4rken und wird viel Wert in deinem <strong>beruflichen Pr\u00e4senz<\/strong> bringen.<\/p>\n<p><b><strong>Dauer<\/strong>: 2h \/ 2,5h<\/b><\/p>\n<p>Warum nicht Freude schenken? Mit einem personalisierten, liebevoll verpackten Gutschein kann jeder Workshop zum ultimativen Geschenk werden<\/p>\n<p>Optional: Erweitere deine Reise durch ein anschlie\u00dfendes Fotoshooting mit einer professionellen Fotografin. 20% Rabatt auf das Fotoshooting.<\/p>\n<p>Photographer:\u00a0 Eva Vycitalova \u2013 <a href=\"https:\/\/vycitalova.com\/\" target=\"_blank\" rel=\"noopener\">www.vycitalova.com<\/a>[\/vc_column_text][\/vc_column][\/vc_row][vc_row center_bck_image=&#8221;no&#8221;][vc_column][vc_empty_space][\/vc_column][\/vc_row][vc_row content_width=&#8221;grid&#8221; content_aligment=&#8221;center&#8221; center_bck_image=&#8221;no&#8221;][vc_column]<a href=\"https:\/\/www.suzanavisan.com\/de\/contact-me\/\" target=\"_self\" style=\"color: #ffffff;background:linear-gradient(to right,#c48561 0,#c48561 50%,#c48561 100%);background-size: 200% 200%;\" class=\"eltd-btn eltd-btn-small eltd-btn-solid eltd-btn-custom-hover-color eltd-btn-icon eltd-btn-gradient_hover\" data-hover-color=\"#ffffff\" data-solid-start-background-color=\"#c48561\" data-solid-end-background-color=\"#c48561\" >\n    <span class=\"eltd-btn-text\">F\u00fcr mehr Info kontaktiere mich<\/span>\n    <span aria-hidden=\"true\" class=\"eltd-icon-font-elegant icon_contacts_alt \" ><\/span><\/a>[\/vc_column][\/vc_row][vc_row content_width=&#8221;grid&#8221; content_aligment=&#8221;center&#8221; center_bck_image=&#8221;no&#8221;][vc_column][vc_empty_space height=&#8221;12px&#8221;]\n    <span class=\"eltd-icon-shortcode normal eltd-icon-medium\" style=\"margin: 15px\" data-hover-color=\"#c48561\" data-color=\"#c48561\">\n                    <a class=\"\"  href=\"https:\/\/wa.me\/436605118354\" target=\"_self\">\n        \n        <i class=\"eltd-icon-font-awesome fa fa-whatsapp eltd-icon-element\" style=\"color: #c48561\" ><\/i>\n                    <\/a>\n            <\/span>\n\n\n    <span class=\"eltd-icon-shortcode normal eltd-icon-medium\" style=\"margin: 15px\" data-hover-color=\"#c48561\" data-color=\"#c48561\">\n                    <a class=\"\"  href=\"https:\/\/www.instagram.com\/suzanavisan_beautytips\/\" target=\"_self\">\n        \n        <i class=\"eltd-icon-font-awesome fa fa-instagram eltd-icon-element\" style=\"color: #c48561\" ><\/i>\n                    <\/a>\n            <\/span>\n\n\n    <span class=\"eltd-icon-shortcode normal eltd-icon-medium\" style=\"margin: 15px\" data-hover-color=\"#c48561\" data-color=\"#c48561\">\n                    <a class=\"\"  href=\"https:\/\/www.facebook.com\/Suzana-Visan-Make-up-Artist-229504383812093\/\" target=\"_self\">\n        \n        <i class=\"eltd-icon-font-awesome fa fa-facebook-official eltd-icon-element\" style=\"color: #c48561\" ><\/i>\n                    <\/a>\n            <\/span>\n\n[\/vc_column][\/vc_row][vc_row center_bck_image=&#8221;no&#8221;][vc_column][vc_empty_space][vc_column_text css=&#8221;&#8221;]<\/p>\n<h4 style=\"text-align: center;\">You might be interested also in <a style=\"color: #958176;\" href=\"https:\/\/www.suzanavisan.com\/team-builduing-makeup-workshop\/\">Team-Builduing Makeup Workshop<\/a> or <a style=\"color: #958176;\" href=\"https:\/\/www.suzanavisan.com\/unlock-your-beauty-demo-presentation\/\">Unlock your Beauty:<br \/>\nDemo Presentation<\/a>\u00a0or <a style=\"color: #958176;\" href=\"https:\/\/www.suzanavisan.com\/colour-analysis-session-unveil-your-true-personal-colors\/\">Color Analysis \u2013 Discover Your True Colors<\/a><\/h4>\n<h4 style=\"text-align: center;\">Book a <strong>bundle of workshops<\/strong> and contact me for your offer with <strong>discount<\/strong>.<\/h4>\n<p>[\/vc_column_text][vc_empty_space][\/vc_column][\/vc_row][vc_row center_bck_image=&#8221;no&#8221;][vc_column]<div class=\"eltd-image-gallery\">\n\t<div class=\"eltd-image-gallery-grid eltd-gallery-columns-5 \" >\n\t\t\t\t\t<div class=\"eltd-gallery-image\">\n\t\t\t\t\t\t\t\t<a href=\"https:\/\/www.suzanavisan.com\/wp-content\/uploads\/2024\/04\/Poza1-scaled.jpg\" data-rel=\"prettyPhoto[single_pretty_photo]\" title=\"Poza1\">\n\t\t\t\t\t\t\t\t\t\t\t\t\t\t\t\t<img loading=\"lazy\" decoding=\"async\" src=\"https:\/\/www.suzanavisan.com\/wp-content\/uploads\/2024\/04\/Poza1-scaled-220x300.jpg\" alt=\"\" width=\"220\" height=\"300\" \/>\t\t\t\t\t\t\t\t\t\t\t\t\t\t<\/a>\n\t\t\t\t\t\t<\/div>\n\t\t\t\t\t<div class=\"eltd-gallery-image\">\n\t\t\t\t\t\t\t\t<a href=\"https:\/\/www.suzanavisan.com\/wp-content\/uploads\/2024\/04\/Poza2-scaled.jpg\" data-rel=\"prettyPhoto[single_pretty_photo]\" title=\"Poza2\">\n\t\t\t\t\t\t\t\t\t\t\t\t\t\t\t\t<img loading=\"lazy\" decoding=\"async\" src=\"https:\/\/www.suzanavisan.com\/wp-content\/uploads\/2024\/04\/Poza2-scaled-220x300.jpg\" alt=\"\" width=\"220\" height=\"300\" \/>\t\t\t\t\t\t\t\t\t\t\t\t\t\t<\/a>\n\t\t\t\t\t\t<\/div>\n\t\t\t\t\t<div class=\"eltd-gallery-image\">\n\t\t\t\t\t\t\t\t<a href=\"https:\/\/www.suzanavisan.com\/wp-content\/uploads\/2024\/04\/Poza3.jpg\" data-rel=\"prettyPhoto[single_pretty_photo]\" title=\"Poza3\">\n\t\t\t\t\t\t\t\t\t\t\t\t\t\t\t\t<img loading=\"lazy\" decoding=\"async\" src=\"https:\/\/www.suzanavisan.com\/wp-content\/uploads\/2024\/04\/Poza3-220x300.jpg\" alt=\"\" width=\"220\" height=\"300\" \/>\t\t\t\t\t\t\t\t\t\t\t\t\t\t<\/a>\n\t\t\t\t\t\t<\/div>\n\t\t\t\t\t<div class=\"eltd-gallery-image\">\n\t\t\t\t\t\t\t\t<a href=\"https:\/\/www.suzanavisan.com\/wp-content\/uploads\/2024\/04\/Poza4.jpg\" data-rel=\"prettyPhoto[single_pretty_photo]\" title=\"Poza4\">\n\t\t\t\t\t\t\t\t\t\t\t\t\t\t\t\t<img loading=\"lazy\" decoding=\"async\" src=\"https:\/\/www.suzanavisan.com\/wp-content\/uploads\/2024\/04\/Poza4-220x300.jpg\" alt=\"\" width=\"220\" height=\"300\" \/>\t\t\t\t\t\t\t\t\t\t\t\t\t\t<\/a>\n\t\t\t\t\t\t<\/div>\n\t\t\t\t\t<div class=\"eltd-gallery-image\">\n\t\t\t\t\t\t\t\t<a href=\"https:\/\/www.suzanavisan.com\/wp-content\/uploads\/2024\/04\/Poza5.jpg\" data-rel=\"prettyPhoto[single_pretty_photo]\" title=\"Poza5\">\n\t\t\t\t\t\t\t\t\t\t\t\t\t\t\t\t<img loading=\"lazy\" decoding=\"async\" src=\"https:\/\/www.suzanavisan.com\/wp-content\/uploads\/2024\/04\/Poza5-220x300.jpg\" alt=\"\" width=\"220\" height=\"300\" \/>\t\t\t\t\t\t\t\t\t\t\t\t\t\t<\/a>\n\t\t\t\t\t\t<\/div>\n\t\t\t\t\t<div class=\"eltd-gallery-image\">\n\t\t\t\t\t\t\t\t<a href=\"https:\/\/www.suzanavisan.com\/wp-content\/uploads\/2024\/04\/Poza6.jpg\" data-rel=\"prettyPhoto[single_pretty_photo]\" title=\"Poza6\">\n\t\t\t\t\t\t\t\t\t\t\t\t\t\t\t\t<img loading=\"lazy\" decoding=\"async\" src=\"https:\/\/www.suzanavisan.com\/wp-content\/uploads\/2024\/04\/Poza6-220x300.jpg\" alt=\"\" width=\"220\" height=\"300\" \/>\t\t\t\t\t\t\t\t\t\t\t\t\t\t<\/a>\n\t\t\t\t\t\t<\/div>\n\t\t\t<\/div>\n<\/div>[\/vc_column][\/vc_row]<\/p>\n<\/div>","protected":false},"excerpt":{"rendered":"<p>[vc_row center_bck_image=&#8221;no&#8221;][vc_column width=&#8221;1\/2&#8243;][vc_column_text css=&#8221;&#8221;] Office Makeup: Professional Business Look Sei bereit die Unternehmenswelt zu erobern und in jedem beruflichen Umfeld einen professionellen Eindruck zu hinterlassen. Ein professioneller Look spiegelt nicht nur Respekt f\u00fcr das Arbeitsumfeld, sondern st\u00e4rkt auch die Glaubw\u00fcrdigkeit, f\u00f6rdert positive Beziehungen und st\u00e4rkt&#8230;<\/p>\n","protected":false},"author":1,"featured_media":0,"parent":0,"menu_order":0,"comment_status":"closed","ping_status":"closed","template":"","meta":{"footnotes":""},"class_list":["post-12183","page","type-page","status-publish","hentry"],"translation":{"provider":"WPGlobus","version":"3.0.2","language":"de","enabled_languages":["en","de"],"languages":{"en":{"title":true,"content":true,"excerpt":false},"de":{"title":true,"content":true,"excerpt":false}}},"yoast_head":"<!-- This site is optimized with the Yoast SEO plugin v27.4 - https:\/\/yoast.com\/product\/yoast-seo-wordpress\/ -->\n<title>Office Makeup: Professional Business Look - Suzana Visan - Professional Make-up Artist<\/title>\n<meta name=\"robots\" content=\"index, follow, max-snippet:-1, max-image-preview:large, max-video-preview:-1\" \/>\n<link rel=\"canonical\" href=\"https:\/\/www.suzanavisan.com\/business-makeup-professional-look-for-the-office\/\" \/>\n<meta property=\"og:locale\" content=\"de_DE\" \/>\n<meta property=\"og:type\" content=\"article\" \/>\n<meta property=\"og:title\" content=\"Office Makeup: Professional Business Look - Suzana Visan - Professional Make-up Artist\" \/>\n<meta property=\"og:url\" content=\"https:\/\/www.suzanavisan.com\/business-makeup-professional-look-for-the-office\/\" \/>\n<meta property=\"og:site_name\" content=\"Suzana Visan - Professional Make-up Artist\" \/>\n<meta property=\"article:publisher\" content=\"https:\/\/www.facebook.com\/Suzana-Visan-Make-up-Artist-229504383812093\/\" \/>\n<meta property=\"article:modified_time\" content=\"2025-10-16T21:27:35+00:00\" \/>\n<meta name=\"twitter:card\" content=\"summary_large_image\" \/>\n<meta name=\"twitter:label1\" content=\"Est. reading time\" \/>\n\t<meta name=\"twitter:data1\" content=\"4 minutes\" \/>\n<script type=\"application\/ld+json\" class=\"yoast-schema-graph\">{\"@context\":\"https:\\\/\\\/schema.org\",\"@graph\":[{\"@type\":\"WebPage\",\"@id\":\"https:\\\/\\\/www.suzanavisan.com\\\/business-makeup-professional-look-for-the-office\\\/\",\"url\":\"https:\\\/\\\/www.suzanavisan.com\\\/business-makeup-professional-look-for-the-office\\\/\",\"name\":\"Office Makeup: Professional Business Look - Suzana Visan - Professional Make-up Artist\",\"isPartOf\":{\"@id\":\"https:\\\/\\\/www.suzanavisan.com\\\/#website\"},\"datePublished\":\"2024-04-09T09:54:48+00:00\",\"dateModified\":\"2025-10-16T21:27:35+00:00\",\"breadcrumb\":{\"@id\":\"https:\\\/\\\/www.suzanavisan.com\\\/business-makeup-professional-look-for-the-office\\\/#breadcrumb\"},\"inLanguage\":\"de-DE\",\"potentialAction\":[{\"@type\":\"ReadAction\",\"target\":[\"https:\\\/\\\/www.suzanavisan.com\\\/business-makeup-professional-look-for-the-office\\\/\"]}]},{\"@type\":\"BreadcrumbList\",\"@id\":\"https:\\\/\\\/www.suzanavisan.com\\\/business-makeup-professional-look-for-the-office\\\/#breadcrumb\",\"itemListElement\":[{\"@type\":\"ListItem\",\"position\":1,\"name\":\"Home\",\"item\":\"https:\\\/\\\/www.suzanavisan.com\\\/\"},{\"@type\":\"ListItem\",\"position\":2,\"name\":\"Office Makeup: Professional Business Look\"}]},{\"@type\":\"WebSite\",\"@id\":\"https:\\\/\\\/www.suzanavisan.com\\\/#website\",\"url\":\"https:\\\/\\\/www.suzanavisan.com\\\/\",\"name\":\"Suzana Visan - Professional Make-up Artist\",\"description\":\"Professional Make-up Artist | Official Website\",\"publisher\":{\"@id\":\"https:\\\/\\\/www.suzanavisan.com\\\/#organization\"},\"potentialAction\":[{\"@type\":\"SearchAction\",\"target\":{\"@type\":\"EntryPoint\",\"urlTemplate\":\"https:\\\/\\\/www.suzanavisan.com\\\/?s={search_term_string}\"},\"query-input\":{\"@type\":\"PropertyValueSpecification\",\"valueRequired\":true,\"valueName\":\"search_term_string\"}}],\"inLanguage\":\"de-DE\"},{\"@type\":\"Organization\",\"@id\":\"https:\\\/\\\/www.suzanavisan.com\\\/#organization\",\"name\":\"Suzana Visan, Make-up Artist\",\"url\":\"https:\\\/\\\/www.suzanavisan.com\\\/\",\"logo\":{\"@type\":\"ImageObject\",\"inLanguage\":\"de-DE\",\"@id\":\"https:\\\/\\\/www.suzanavisan.com\\\/#\\\/schema\\\/logo\\\/image\\\/\",\"url\":\"https:\\\/\\\/www.suzanavisan.com\\\/wp-content\\\/uploads\\\/2019\\\/02\\\/logo-suzana-1.png\",\"contentUrl\":\"https:\\\/\\\/www.suzanavisan.com\\\/wp-content\\\/uploads\\\/2019\\\/02\\\/logo-suzana-1.png\",\"width\":239,\"height\":65,\"caption\":\"Suzana Visan, Make-up Artist\"},\"image\":{\"@id\":\"https:\\\/\\\/www.suzanavisan.com\\\/#\\\/schema\\\/logo\\\/image\\\/\"},\"sameAs\":[\"https:\\\/\\\/www.facebook.com\\\/Suzana-Visan-Make-up-Artist-229504383812093\\\/\",\"https:\\\/\\\/www.instagram.com\\\/explore\\\/locations\\\/880977788\\\/suzana-visan-make-up-studio\",\"https:\\\/\\\/www.youtube.com\\\/channel\\\/UCPNnJ9bxATbNdfjERVoKEdw\"]}]}<\/script>\n<!-- \/ Yoast SEO plugin. -->","yoast_head_json":{"title":"Office Makeup: Professional Business Look - Suzana Visan - Professional Make-up Artist","robots":{"index":"index","follow":"follow","max-snippet":"max-snippet:-1","max-image-preview":"max-image-preview:large","max-video-preview":"max-video-preview:-1"},"canonical":"https:\/\/www.suzanavisan.com\/business-makeup-professional-look-for-the-office\/","og_locale":"de_DE","og_type":"article","og_title":"Office Makeup: Professional Business Look - Suzana Visan - Professional Make-up Artist","og_url":"https:\/\/www.suzanavisan.com\/business-makeup-professional-look-for-the-office\/","og_site_name":"Suzana Visan - Professional Make-up Artist","article_publisher":"https:\/\/www.facebook.com\/Suzana-Visan-Make-up-Artist-229504383812093\/","article_modified_time":"2025-10-16T21:27:35+00:00","twitter_card":"summary_large_image","twitter_misc":{"Est. reading time":"4 minutes"},"schema":{"@context":"https:\/\/schema.org","@graph":[{"@type":"WebPage","@id":"https:\/\/www.suzanavisan.com\/business-makeup-professional-look-for-the-office\/","url":"https:\/\/www.suzanavisan.com\/business-makeup-professional-look-for-the-office\/","name":"Office Makeup: Professional Business Look - Suzana Visan - Professional Make-up Artist","isPartOf":{"@id":"https:\/\/www.suzanavisan.com\/#website"},"datePublished":"2024-04-09T09:54:48+00:00","dateModified":"2025-10-16T21:27:35+00:00","breadcrumb":{"@id":"https:\/\/www.suzanavisan.com\/business-makeup-professional-look-for-the-office\/#breadcrumb"},"inLanguage":"de-DE","potentialAction":[{"@type":"ReadAction","target":["https:\/\/www.suzanavisan.com\/business-makeup-professional-look-for-the-office\/"]}]},{"@type":"BreadcrumbList","@id":"https:\/\/www.suzanavisan.com\/business-makeup-professional-look-for-the-office\/#breadcrumb","itemListElement":[{"@type":"ListItem","position":1,"name":"Home","item":"https:\/\/www.suzanavisan.com\/"},{"@type":"ListItem","position":2,"name":"Office Makeup: Professional Business Look"}]},{"@type":"WebSite","@id":"https:\/\/www.suzanavisan.com\/#website","url":"https:\/\/www.suzanavisan.com\/","name":"Suzana Visan - Professional Make-up Artist","description":"Professional Make-up Artist | Official Website","publisher":{"@id":"https:\/\/www.suzanavisan.com\/#organization"},"potentialAction":[{"@type":"SearchAction","target":{"@type":"EntryPoint","urlTemplate":"https:\/\/www.suzanavisan.com\/?s={search_term_string}"},"query-input":{"@type":"PropertyValueSpecification","valueRequired":true,"valueName":"search_term_string"}}],"inLanguage":"de-DE"},{"@type":"Organization","@id":"https:\/\/www.suzanavisan.com\/#organization","name":"Suzana Visan, Make-up Artist","url":"https:\/\/www.suzanavisan.com\/","logo":{"@type":"ImageObject","inLanguage":"de-DE","@id":"https:\/\/www.suzanavisan.com\/#\/schema\/logo\/image\/","url":"https:\/\/www.suzanavisan.com\/wp-content\/uploads\/2019\/02\/logo-suzana-1.png","contentUrl":"https:\/\/www.suzanavisan.com\/wp-content\/uploads\/2019\/02\/logo-suzana-1.png","width":239,"height":65,"caption":"Suzana Visan, Make-up Artist"},"image":{"@id":"https:\/\/www.suzanavisan.com\/#\/schema\/logo\/image\/"},"sameAs":["https:\/\/www.facebook.com\/Suzana-Visan-Make-up-Artist-229504383812093\/","https:\/\/www.instagram.com\/explore\/locations\/880977788\/suzana-visan-make-up-studio","https:\/\/www.youtube.com\/channel\/UCPNnJ9bxATbNdfjERVoKEdw"]}]}},"_links":{"self":[{"href":"https:\/\/www.suzanavisan.com\/de\/wp-json\/wp\/v2\/pages\/12183","targetHints":{"allow":["GET"]}}],"collection":[{"href":"https:\/\/www.suzanavisan.com\/de\/wp-json\/wp\/v2\/pages"}],"about":[{"href":"https:\/\/www.suzanavisan.com\/de\/wp-json\/wp\/v2\/types\/page"}],"author":[{"embeddable":true,"href":"https:\/\/www.suzanavisan.com\/de\/wp-json\/wp\/v2\/users\/1"}],"replies":[{"embeddable":true,"href":"https:\/\/www.suzanavisan.com\/de\/wp-json\/wp\/v2\/comments?post=12183"}],"version-history":[{"count":5,"href":"https:\/\/www.suzanavisan.com\/de\/wp-json\/wp\/v2\/pages\/12183\/revisions"}],"predecessor-version":[{"id":12733,"href":"https:\/\/www.suzanavisan.com\/de\/wp-json\/wp\/v2\/pages\/12183\/revisions\/12733"}],"wp:attachment":[{"href":"https:\/\/www.suzanavisan.com\/de\/wp-json\/wp\/v2\/media?parent=12183"}],"curies":[{"name":"wp","href":"https:\/\/api.w.org\/{rel}","templated":true}]}}