{"id":12270,"date":"2024-04-10T12:10:02","date_gmt":"2024-04-10T12:10:02","guid":{"rendered":"https:\/\/www.suzanavisan.com\/?page_id=12270"},"modified":"2025-11-14T16:05:55","modified_gmt":"2025-11-14T16:05:55","slug":"unlock-your-beauty-demo-presentation","status":"publish","type":"page","link":"https:\/\/www.suzanavisan.com\/de\/unlock-your-beauty-demo-presentation\/","title":{"rendered":"Unlock your Beauty: Demo Presentation"},"content":{"rendered":"<div class=\"wpb-content-wrapper\"><p>[vc_row center_bck_image=&#8221;no&#8221;][vc_column width=&#8221;1\/2&#8243;][vc_column_text css=&#8221;&#8221;]<\/p>\n<h3 class=\"workshop-title\">Unlock your Beauty: Demo Presentation<\/h3>\n<p>Ihr seid herzlich eingeladen zu einer <strong>Beauty Journey<\/strong>, bei der ihr gemeinsam entdeckt, wie ihr eure <strong>nat\u00fcrliche Sch\u00f6nheit von innen heraus<\/strong> zum Strahlen bringt.<\/p>\n<p>Durch eine <strong>Live Makeup Demo<\/strong> und eine <strong>pers\u00f6nliche Beratung<\/strong>, lernt ihr, eure <strong>individuelle Ausstrahlung<\/strong> zu unterstreichen.<\/p>\n<h4 style=\"text-align: center;\"><strong><span style=\"color: #958176;\">Was euch erwartet:<\/span><\/strong><\/h4>\n<p>\u2713\u00a0<strong>Gruppen\u00fcbungen<\/strong>, bei denen jede Teilnehmerin ihre\u00a0<strong>innere &amp; \u00e4u\u00dfere Sch\u00f6nheit<\/strong>\u00a0entdeckt<\/p>\n<p>\u2713 Finde heraus, welche\u00a0<strong>Farben deine Sch\u00f6nheit<\/strong> am besten <strong>unterstreichen<\/strong><\/p>\n<p>\u2713 Die\u00a0<strong>Schritte eines sch\u00f6nen &amp; schnellen Makeups<\/strong> (Live-Demonstration)<\/p>\n<p>\u2713\u00a0<strong>Zwei einfache Varianten<\/strong>\u00a0eines\u00a0<strong>Alltags-<wbr \/>Makeups<\/strong><\/p>\n<p>\u2713\u00a0<strong>Pers\u00f6nliche\u00a0Tipps &amp; Tricks\u00a0&amp;\u00a0Beratung<\/strong>\u00a0f\u00fcr jede Teilnehmerin<\/p>\n<p>\u2713\u00a0<strong>Pflege-Tipps\u00a0<\/strong>und Empfehlungen zur\u00a0<strong>Hautpflege<\/strong> passend zu deinem <strong>Hauttyp<\/strong><\/p>\n<p>\u2713 Entdecke\u00a0<strong>Makeup Produkte<\/strong>, die zu deinen <strong>individuellen Bed\u00fcrfnissen<\/strong> passen<\/p>\n<p>\u2713 <strong>Do\u2019s &amp; Don\u2019ts<\/strong> \u2013 was dein Make-up sch\u00f6ner macht (und was nicht)<\/p>\n<p>\u2713\u00a0<strong>Interaktive Session<\/strong>, in der du\u00a0<strong>Fragen stellen<\/strong>\u00a0und\u00a0<strong>pers\u00f6nliche Empfehlungen<\/strong>\u00a0erhalten kannst<\/p>\n<p>\u2713\u00a0<strong>\u00dcberraschungsgeschenk<\/strong>\u00a0f\u00fcr jede Teilnehmerin[\/vc_column_text][\/vc_column][vc_column width=&#8221;1\/2&#8243;][vc_single_image image=&#8221;12272&#8243; img_size=&#8221;large&#8221;][\/vc_column][\/vc_row][vc_row center_bck_image=&#8221;no&#8221;][vc_column][vc_empty_space height=&#8221;16px&#8221;][\/vc_column][\/vc_row][vc_row center_bck_image=&#8221;no&#8221;][vc_column][vc_column_text css=&#8221;&#8221;]<\/p>\n<div>\n<p><strong>Der Workshop besteht aus einer Session\u00a0<\/strong><\/p>\n<p><strong>Dauer : 2 Stunden<\/strong><\/p>\n<\/div>\n<p>[\/vc_column_text][\/vc_column][\/vc_row][vc_row center_bck_image=&#8221;no&#8221;][vc_column][vc_empty_space][vc_column_text css=&#8221;&#8221;]<\/p>\n<h4 style=\"text-align: center;\"><strong>Turn this beauty workshop into a <span style=\"color: #958176;\">thoughtful gift!<\/span> <\/strong><\/h4>\n<h4 style=\"text-align: center;\"><strong>Spread the joy of feeling beautiful with a <span style=\"color: #958176;\">personalized voucher gift<\/span> wrapped with love!<\/strong><\/h4>\n<p>[\/vc_column_text][vc_empty_space][\/vc_column][\/vc_row][vc_row content_width=&#8221;grid&#8221; content_aligment=&#8221;center&#8221; center_bck_image=&#8221;no&#8221;][vc_column]<a href=\"https:\/\/www.suzanavisan.com\/de\/contact-me\/\" target=\"_self\" style=\"color: #ffffff;background:linear-gradient(to right,#c48561 0,#c48561 50%,#c48561 100%);background-size: 200% 200%;\" class=\"eltd-btn eltd-btn-small eltd-btn-solid eltd-btn-custom-hover-color eltd-btn-icon eltd-btn-gradient_hover\" data-hover-color=\"#ffffff\" data-solid-start-background-color=\"#c48561\" data-solid-end-background-color=\"#c48561\" >\n    <span class=\"eltd-btn-text\">F\u00fcr mehr Info kontaktiere mich<\/span>\n    <span aria-hidden=\"true\" class=\"eltd-icon-font-elegant icon_contacts_alt \" ><\/span><\/a>[\/vc_column][\/vc_row][vc_row content_width=&#8221;grid&#8221; content_aligment=&#8221;center&#8221; center_bck_image=&#8221;no&#8221;][vc_column][vc_empty_space height=&#8221;12px&#8221;]\n    <span class=\"eltd-icon-shortcode normal eltd-icon-medium\" style=\"margin: 15px\" data-hover-color=\"#c48561\" data-color=\"#c48561\">\n                    <a class=\"\"  href=\"https:\/\/wa.me\/436605118354\" target=\"_self\">\n        \n        <i class=\"eltd-icon-font-awesome fa fa-whatsapp eltd-icon-element\" style=\"color: #c48561\" ><\/i>\n                    <\/a>\n            <\/span>\n\n\n    <span class=\"eltd-icon-shortcode normal eltd-icon-medium\" style=\"margin: 15px\" data-hover-color=\"#c48561\" data-color=\"#c48561\">\n                    <a class=\"\"  href=\"https:\/\/www.instagram.com\/suzanavisan_beautytips\/\" target=\"_self\">\n        \n        <i class=\"eltd-icon-font-awesome fa fa-instagram eltd-icon-element\" style=\"color: #c48561\" ><\/i>\n                    <\/a>\n            <\/span>\n\n\n    <span class=\"eltd-icon-shortcode normal eltd-icon-medium\" style=\"margin: 15px\" data-hover-color=\"#c48561\" data-color=\"#c48561\">\n                    <a class=\"\"  href=\"https:\/\/www.facebook.com\/Suzana-Visan-Make-up-Artist-229504383812093\/\" target=\"_self\">\n        \n        <i class=\"eltd-icon-font-awesome fa fa-facebook-official eltd-icon-element\" style=\"color: #c48561\" ><\/i>\n                    <\/a>\n            <\/span>\n\n[\/vc_column][\/vc_row][vc_row center_bck_image=&#8221;no&#8221;][vc_column][vc_empty_space][vc_column_text css=&#8221;&#8221;]<\/p>\n<h4 style=\"text-align: center;\">You might be interested also in <a style=\"color: #958176;\" href=\"https:\/\/www.suzanavisan.com\/team-builduing-makeup-workshop\/\">Team-Builduing Makeup Workshop <\/a>or <a style=\"color: #958176;\" href=\"https:\/\/www.suzanavisan.com\/make-up-party-girls-just-wanna-have-fun\/\">Makeup Party \u201cGirls Just Wanna Have Fun\u201d<\/a><\/h4>\n<h4 style=\"text-align: center;\"><\/h4>\n<h4 style=\"text-align: center;\">Book a <strong>bundle of workshops<\/strong> and contact me for your offer with <strong>discount<\/strong>.<\/h4>\n<p>[\/vc_column_text][vc_empty_space][\/vc_column][\/vc_row][vc_row center_bck_image=&#8221;no&#8221;][vc_column][vc_raw_html css=&#8221;&#8221;]JTVCZm9vZ2FsbGVyeSUyMGlkJTNEJTIyMTI5NTUlMjIlNUQ=[\/vc_raw_html][\/vc_column][\/vc_row]<\/p>\n<\/div>","protected":false},"excerpt":{"rendered":"<p>[vc_row center_bck_image=&#8221;no&#8221;][vc_column width=&#8221;1\/2&#8243;][vc_column_text css=&#8221;&#8221;] Unlock your Beauty: Demo Presentation Ihr seid herzlich eingeladen zu einer Beauty Journey, bei der ihr gemeinsam entdeckt, wie ihr eure nat\u00fcrliche Sch\u00f6nheit von innen heraus zum Strahlen bringt. Durch eine Live Makeup Demo und eine pers\u00f6nliche Beratung, lernt ihr, eure&#8230;<\/p>\n","protected":false},"author":1,"featured_media":0,"parent":0,"menu_order":0,"comment_status":"closed","ping_status":"closed","template":"","meta":{"footnotes":""},"class_list":["post-12270","page","type-page","status-publish","hentry"],"translation":{"provider":"WPGlobus","version":"3.0.2","language":"de","enabled_languages":["en","de"],"languages":{"en":{"title":true,"content":true,"excerpt":false},"de":{"title":true,"content":true,"excerpt":false}}},"yoast_head":"<!-- This site is optimized with the Yoast SEO plugin v27.4 - https:\/\/yoast.com\/product\/yoast-seo-wordpress\/ -->\n<title>Unlock your Beauty: Demo Presentation - Suzana Visan - Professional Make-up Artist<\/title>\n<meta name=\"robots\" content=\"index, follow, max-snippet:-1, max-image-preview:large, max-video-preview:-1\" \/>\n<link rel=\"canonical\" href=\"https:\/\/www.suzanavisan.com\/unlock-your-beauty-demo-presentation\/\" \/>\n<meta property=\"og:locale\" content=\"de_DE\" \/>\n<meta property=\"og:type\" content=\"article\" \/>\n<meta property=\"og:title\" content=\"Unlock your Beauty: Demo Presentation - Suzana Visan - Professional Make-up Artist\" \/>\n<meta property=\"og:url\" content=\"https:\/\/www.suzanavisan.com\/unlock-your-beauty-demo-presentation\/\" \/>\n<meta property=\"og:site_name\" content=\"Suzana Visan - Professional Make-up Artist\" \/>\n<meta property=\"article:publisher\" content=\"https:\/\/www.facebook.com\/Suzana-Visan-Make-up-Artist-229504383812093\/\" \/>\n<meta property=\"article:modified_time\" content=\"2025-11-14T16:05:55+00:00\" \/>\n<meta name=\"twitter:card\" content=\"summary_large_image\" \/>\n<meta name=\"twitter:label1\" content=\"Est. reading time\" \/>\n\t<meta name=\"twitter:data1\" content=\"2 minutes\" \/>\n<script type=\"application\/ld+json\" class=\"yoast-schema-graph\">{\"@context\":\"https:\\\/\\\/schema.org\",\"@graph\":[{\"@type\":\"WebPage\",\"@id\":\"https:\\\/\\\/www.suzanavisan.com\\\/unlock-your-beauty-demo-presentation\\\/\",\"url\":\"https:\\\/\\\/www.suzanavisan.com\\\/unlock-your-beauty-demo-presentation\\\/\",\"name\":\"Unlock your Beauty: Demo Presentation - Suzana Visan - Professional Make-up Artist\",\"isPartOf\":{\"@id\":\"https:\\\/\\\/www.suzanavisan.com\\\/#website\"},\"datePublished\":\"2024-04-10T12:10:02+00:00\",\"dateModified\":\"2025-11-14T16:05:55+00:00\",\"breadcrumb\":{\"@id\":\"https:\\\/\\\/www.suzanavisan.com\\\/unlock-your-beauty-demo-presentation\\\/#breadcrumb\"},\"inLanguage\":\"de-DE\",\"potentialAction\":[{\"@type\":\"ReadAction\",\"target\":[\"https:\\\/\\\/www.suzanavisan.com\\\/unlock-your-beauty-demo-presentation\\\/\"]}]},{\"@type\":\"BreadcrumbList\",\"@id\":\"https:\\\/\\\/www.suzanavisan.com\\\/unlock-your-beauty-demo-presentation\\\/#breadcrumb\",\"itemListElement\":[{\"@type\":\"ListItem\",\"position\":1,\"name\":\"Home\",\"item\":\"https:\\\/\\\/www.suzanavisan.com\\\/\"},{\"@type\":\"ListItem\",\"position\":2,\"name\":\"Unlock your Beauty: Demo Presentation\"}]},{\"@type\":\"WebSite\",\"@id\":\"https:\\\/\\\/www.suzanavisan.com\\\/#website\",\"url\":\"https:\\\/\\\/www.suzanavisan.com\\\/\",\"name\":\"Suzana Visan - Professional Make-up Artist\",\"description\":\"Professional Make-up Artist | Official Website\",\"publisher\":{\"@id\":\"https:\\\/\\\/www.suzanavisan.com\\\/#organization\"},\"potentialAction\":[{\"@type\":\"SearchAction\",\"target\":{\"@type\":\"EntryPoint\",\"urlTemplate\":\"https:\\\/\\\/www.suzanavisan.com\\\/?s={search_term_string}\"},\"query-input\":{\"@type\":\"PropertyValueSpecification\",\"valueRequired\":true,\"valueName\":\"search_term_string\"}}],\"inLanguage\":\"de-DE\"},{\"@type\":\"Organization\",\"@id\":\"https:\\\/\\\/www.suzanavisan.com\\\/#organization\",\"name\":\"Suzana Visan, Make-up Artist\",\"url\":\"https:\\\/\\\/www.suzanavisan.com\\\/\",\"logo\":{\"@type\":\"ImageObject\",\"inLanguage\":\"de-DE\",\"@id\":\"https:\\\/\\\/www.suzanavisan.com\\\/#\\\/schema\\\/logo\\\/image\\\/\",\"url\":\"https:\\\/\\\/www.suzanavisan.com\\\/wp-content\\\/uploads\\\/2019\\\/02\\\/logo-suzana-1.png\",\"contentUrl\":\"https:\\\/\\\/www.suzanavisan.com\\\/wp-content\\\/uploads\\\/2019\\\/02\\\/logo-suzana-1.png\",\"width\":239,\"height\":65,\"caption\":\"Suzana Visan, Make-up Artist\"},\"image\":{\"@id\":\"https:\\\/\\\/www.suzanavisan.com\\\/#\\\/schema\\\/logo\\\/image\\\/\"},\"sameAs\":[\"https:\\\/\\\/www.facebook.com\\\/Suzana-Visan-Make-up-Artist-229504383812093\\\/\",\"https:\\\/\\\/www.instagram.com\\\/explore\\\/locations\\\/880977788\\\/suzana-visan-make-up-studio\",\"https:\\\/\\\/www.youtube.com\\\/channel\\\/UCPNnJ9bxATbNdfjERVoKEdw\"]}]}<\/script>\n<!-- \/ Yoast SEO plugin. -->","yoast_head_json":{"title":"Unlock your Beauty: Demo Presentation - Suzana Visan - Professional Make-up Artist","robots":{"index":"index","follow":"follow","max-snippet":"max-snippet:-1","max-image-preview":"max-image-preview:large","max-video-preview":"max-video-preview:-1"},"canonical":"https:\/\/www.suzanavisan.com\/unlock-your-beauty-demo-presentation\/","og_locale":"de_DE","og_type":"article","og_title":"Unlock your Beauty: Demo Presentation - Suzana Visan - Professional Make-up Artist","og_url":"https:\/\/www.suzanavisan.com\/unlock-your-beauty-demo-presentation\/","og_site_name":"Suzana Visan - Professional Make-up Artist","article_publisher":"https:\/\/www.facebook.com\/Suzana-Visan-Make-up-Artist-229504383812093\/","article_modified_time":"2025-11-14T16:05:55+00:00","twitter_card":"summary_large_image","twitter_misc":{"Est. reading time":"2 minutes"},"schema":{"@context":"https:\/\/schema.org","@graph":[{"@type":"WebPage","@id":"https:\/\/www.suzanavisan.com\/unlock-your-beauty-demo-presentation\/","url":"https:\/\/www.suzanavisan.com\/unlock-your-beauty-demo-presentation\/","name":"Unlock your Beauty: Demo Presentation - Suzana Visan - Professional Make-up Artist","isPartOf":{"@id":"https:\/\/www.suzanavisan.com\/#website"},"datePublished":"2024-04-10T12:10:02+00:00","dateModified":"2025-11-14T16:05:55+00:00","breadcrumb":{"@id":"https:\/\/www.suzanavisan.com\/unlock-your-beauty-demo-presentation\/#breadcrumb"},"inLanguage":"de-DE","potentialAction":[{"@type":"ReadAction","target":["https:\/\/www.suzanavisan.com\/unlock-your-beauty-demo-presentation\/"]}]},{"@type":"BreadcrumbList","@id":"https:\/\/www.suzanavisan.com\/unlock-your-beauty-demo-presentation\/#breadcrumb","itemListElement":[{"@type":"ListItem","position":1,"name":"Home","item":"https:\/\/www.suzanavisan.com\/"},{"@type":"ListItem","position":2,"name":"Unlock your Beauty: Demo Presentation"}]},{"@type":"WebSite","@id":"https:\/\/www.suzanavisan.com\/#website","url":"https:\/\/www.suzanavisan.com\/","name":"Suzana Visan - Professional Make-up Artist","description":"Professional Make-up Artist | Official Website","publisher":{"@id":"https:\/\/www.suzanavisan.com\/#organization"},"potentialAction":[{"@type":"SearchAction","target":{"@type":"EntryPoint","urlTemplate":"https:\/\/www.suzanavisan.com\/?s={search_term_string}"},"query-input":{"@type":"PropertyValueSpecification","valueRequired":true,"valueName":"search_term_string"}}],"inLanguage":"de-DE"},{"@type":"Organization","@id":"https:\/\/www.suzanavisan.com\/#organization","name":"Suzana Visan, Make-up Artist","url":"https:\/\/www.suzanavisan.com\/","logo":{"@type":"ImageObject","inLanguage":"de-DE","@id":"https:\/\/www.suzanavisan.com\/#\/schema\/logo\/image\/","url":"https:\/\/www.suzanavisan.com\/wp-content\/uploads\/2019\/02\/logo-suzana-1.png","contentUrl":"https:\/\/www.suzanavisan.com\/wp-content\/uploads\/2019\/02\/logo-suzana-1.png","width":239,"height":65,"caption":"Suzana Visan, Make-up Artist"},"image":{"@id":"https:\/\/www.suzanavisan.com\/#\/schema\/logo\/image\/"},"sameAs":["https:\/\/www.facebook.com\/Suzana-Visan-Make-up-Artist-229504383812093\/","https:\/\/www.instagram.com\/explore\/locations\/880977788\/suzana-visan-make-up-studio","https:\/\/www.youtube.com\/channel\/UCPNnJ9bxATbNdfjERVoKEdw"]}]}},"_links":{"self":[{"href":"https:\/\/www.suzanavisan.com\/de\/wp-json\/wp\/v2\/pages\/12270","targetHints":{"allow":["GET"]}}],"collection":[{"href":"https:\/\/www.suzanavisan.com\/de\/wp-json\/wp\/v2\/pages"}],"about":[{"href":"https:\/\/www.suzanavisan.com\/de\/wp-json\/wp\/v2\/types\/page"}],"author":[{"embeddable":true,"href":"https:\/\/www.suzanavisan.com\/de\/wp-json\/wp\/v2\/users\/1"}],"replies":[{"embeddable":true,"href":"https:\/\/www.suzanavisan.com\/de\/wp-json\/wp\/v2\/comments?post=12270"}],"version-history":[{"count":5,"href":"https:\/\/www.suzanavisan.com\/de\/wp-json\/wp\/v2\/pages\/12270\/revisions"}],"predecessor-version":[{"id":12985,"href":"https:\/\/www.suzanavisan.com\/de\/wp-json\/wp\/v2\/pages\/12270\/revisions\/12985"}],"wp:attachment":[{"href":"https:\/\/www.suzanavisan.com\/de\/wp-json\/wp\/v2\/media?parent=12270"}],"curies":[{"name":"wp","href":"https:\/\/api.w.org\/{rel}","templated":true}]}}