{"id":1603,"date":"2016-04-19T08:36:45","date_gmt":"2016-04-19T08:36:45","guid":{"rendered":"http:\/\/kendall.elated-themes.com\/?page_id=1603"},"modified":"2020-10-08T16:29:08","modified_gmt":"2020-10-08T16:29:08","slug":"testimonials","status":"publish","type":"page","link":"https:\/\/www.suzanavisan.com\/de\/testimonials\/","title":{"rendered":"Testimonials"},"content":{"rendered":"<div class=\"wpb-content-wrapper\"><p>[vc_row content_width=&#8221;grid&#8221; center_bck_image=&#8221;no&#8221; css=&#8221;.vc_custom_1477056935992{padding-top: 85px !important;padding-bottom: 70px !important;}&#8221;][vc_column width=&#8221;1\/2&#8243; offset=&#8221;vc_col-lg-offset-0 vc_col-lg-4 vc_col-md-offset-0 vc_col-md-4 vc_col-sm-offset-1&#8243;][vc_single_image image=&#8221;10623&#8243; img_size=&#8221;full&#8221; style=&#8221;vc_box_shadow_border_circle_2&#8243;][vc_empty_space height=&#8221;40px&#8221;][\/vc_column][vc_column width=&#8221;1\/2&#8243;]<div class=\"eltd-section-title-outer-holder\" style=\"text-align: left\">\n\n    \t<div class=\"eltd-section-title-title-holder\">\n\t\t<h2 class=\"eltd-section-title\" style=\";font-size: 28px;;;line-height: 35px;text-transform: None;;\">\n\t\t\t\u201cIch habe einen Self-Make-Up Kurs bei Suzana besucht und es hat mein Leben ver\u00e4ndert! Davor war mir gar nicht bewusst, wie viele Tipps und Tricks es gibt, die nicht nur mein Aussehen betonen, sondern mir auch das Gef\u00fchl von Sch\u00f6nheit vermittelt.\u201c\t\t<\/h2>\n\t<\/div>\n    \t<span class=\"eltd-title-separator \"><\/span>\n             <div class=\"eltd-section-subtitle-holder\">\n            <h5 class=\"eltd-section-subtitle\" style=\"font-family: Raleway;font-size: 15px;;font-weight: 300;line-height: 25px;;\" >\n            Suzana war nicht nur meine Make-Up Trainerin sondern auch meine Lehrmeisterin f\u00fcr Sch\u00f6nheit und Selbstbewusstsein. Sie half mir meine sch\u00f6nen Gesichtsz\u00fcge zu erkennen und diese mit den richtigen Farben, Produkten und mit einfachen Make-Up Techniken auch noch zus\u00e4tzlich zu betonen. Das machte einen gro\u00dfen Unterschied! Suzana war sehr geduldig und schenkte mir all die Aufmerksamkeit, die ich brauchte, um zu lernen, wie man seine Vorz\u00fcge am besten betont! Ich bin sehr dankbar, dass ich sie kennen gelernt habe, und ich rate wirklich dazu, einen Self-Make-up-Kurs bei Suzana zu besuchen. Sie wei\u00df einfach, wie man seine innere Sch\u00f6nheit findet und diese am besten zur Geltung bringt.        <\/h5>\n        <\/div>\n    \n<\/div><div class=\"eltd-section-title-outer-holder\" style=\"text-align: left\">\n\n    \t<span class=\"eltd-title-separator \"><\/span>\n             <div class=\"eltd-section-subtitle-holder\">\n            <h5 class=\"eltd-section-subtitle\" style=\"font-family: Raleway;font-size: 15px;;font-weight: 300;line-height: 25px;;\" >\n            Cristina M, Drehbuchautorin        <\/h5>\n        <\/div>\n    \n<\/div>[\/vc_column][\/vc_row][vc_row center_bck_image=&#8221;no&#8221;][vc_column][vc_zigzag][\/vc_column][\/vc_row][vc_row content_width=&#8221;grid&#8221; center_bck_image=&#8221;no&#8221; css=&#8221;.vc_custom_1477056935992{padding-top: 85px !important;padding-bottom: 70px !important;}&#8221;][vc_column width=&#8221;1\/2&#8243; offset=&#8221;vc_col-lg-offset-0 vc_col-lg-4 vc_col-md-offset-0 vc_col-md-4 vc_col-sm-offset-1&#8243;][vc_single_image image=&#8221;10628&#8243; img_size=&#8221;full&#8221; style=&#8221;vc_box_shadow_border_circle_2&#8243;][vc_empty_space height=&#8221;40px&#8221;][\/vc_column][vc_column width=&#8221;1\/2&#8243;]<div class=\"eltd-section-title-outer-holder\" style=\"text-align: left\">\n\n    \t<div class=\"eltd-section-title-title-holder\">\n\t\t<h2 class=\"eltd-section-title\" style=\";font-size: 28px;;;line-height: 35px;text-transform: None;;\">\n\t\t\tEs gibt nicht gen\u00fcgend Worte, um meine Wertsch\u00e4tzung f\u00fcr deine Arbeit und dein Talent auszudr\u00fccken.\t\t<\/h2>\n\t<\/div>\n    \t<span class=\"eltd-title-separator \"><\/span>\n             <div class=\"eltd-section-subtitle-holder\">\n            <h5 class=\"eltd-section-subtitle\" style=\"font-family: Raleway;font-size: 15px;;font-weight: 300;line-height: 25px;;\" >\n            Du hast mich an meinem Hochzeitstag so besonders, selbstbewusst und so sch\u00f6n aussehen und f\u00fchlen lassen! Das Make-up war nat\u00fcrlich, romantisch, und es passte ganz zu meiner Pers\u00f6nlichkeit. Ich war nicht nur mit einem nat\u00fcrlichen, atemberaubenden, individuellen Make-up f\u00fcr meine Hochzeit ger\u00fcstet, sondern auch voller positiver Energie! Es war genau das, was ich wollte, und alle bewunderten mein Make-Up! Ganz zu schweigen davon, dass es den ganzen Tag und die ganze Nacht hielt, trotz des 30-Grad-Wetters, der Sonne, der 1.000 Fotos, die wir machten, und der Tatsache, dass ich die ganze Nacht wie verr\u00fcckt tanzte. Vielen Dank f\u00fcr deinen Beitrag zu unserem besonderen Tag - ohne dich w\u00e4re es nicht dasselbe gewesen. Ich kann es kaum erwarten, bei der n\u00e4chsten Veranstaltung einer deiner neuen Make-up Stylings auszuprobieren! Du kannst wirklich zaubern!        <\/h5>\n        <\/div>\n    \n<\/div><div class=\"eltd-section-title-outer-holder\" style=\"text-align: left\">\n\n    \t<span class=\"eltd-title-separator \"><\/span>\n             <div class=\"eltd-section-subtitle-holder\">\n            <h5 class=\"eltd-section-subtitle\" style=\"font-family: Raleway;font-size: 15px;;font-weight: 300;line-height: 25px;;\" >\n            Stephanie T., Vertragsspezialistin         <\/h5>\n        <\/div>\n    \n<\/div>[\/vc_column][\/vc_row][vc_row center_bck_image=&#8221;no&#8221;][vc_column][vc_zigzag][\/vc_column][\/vc_row][vc_row content_width=&#8221;grid&#8221; center_bck_image=&#8221;no&#8221; css=&#8221;.vc_custom_1477056935992{padding-top: 85px !important;padding-bottom: 70px !important;}&#8221;][vc_column width=&#8221;1\/2&#8243; offset=&#8221;vc_col-lg-offset-0 vc_col-lg-4 vc_col-md-offset-0 vc_col-md-4 vc_col-sm-offset-1&#8243;][vc_single_image image=&#8221;10626&#8243; img_size=&#8221;full&#8221; style=&#8221;vc_box_shadow_border_circle&#8221;][vc_empty_space height=&#8221;40px&#8221;][\/vc_column][vc_column width=&#8221;1\/2&#8243;]<div class=\"eltd-section-title-outer-holder\" style=\"text-align: left\">\n\n    \t<div class=\"eltd-section-title-title-holder\">\n\t\t<h2 class=\"eltd-section-title\" style=\";font-size: 28px;;;line-height: 35px;text-transform: None;;\">\n\t\t\tI habe Suzana vor zwei Jahren entdeckt und seitdem bin ich regelm\u00e4\u00dfig bei ihr.\t\t<\/h2>\n\t<\/div>\n    \t<span class=\"eltd-title-separator \"><\/span>\n             <div class=\"eltd-section-subtitle-holder\">\n            <h5 class=\"eltd-section-subtitle\" style=\"font-family: Raleway;font-size: 15px;;font-weight: 300;line-height: 25px;;\" >\n            Ich habe mich in ihre Technik und ihr Talent, mir die Augenbrauen zu zupfen, verliebt. Sie formte meine Augenbrauen entsprechend meiner Gesichtsstruktur und konturierte sie mit einer speziellen Technik. Es war eine erstaunliche Verwandlung! Bitte, versuchen Sie es auch! Suzana ist erstaunlich! Auch Sie werden das Vergn\u00fcgen haben, sich in ihrer Gesellschaft gl\u00fccklich zu f\u00fchlen! Weiter so!        <\/h5>\n        <\/div>\n    \n<\/div><div class=\"eltd-section-title-outer-holder\" style=\"text-align: left\">\n\n    \t<span class=\"eltd-title-separator \"><\/span>\n             <div class=\"eltd-section-subtitle-holder\">\n            <h5 class=\"eltd-section-subtitle\" style=\"font-family: Raleway;font-size: 15px;;font-weight: 300;line-height: 25px;;\" >\n            Ruxandra R., Volkswirtin        <\/h5>\n        <\/div>\n    \n<\/div>[\/vc_column][\/vc_row]<\/p>\n<\/div>","protected":false},"excerpt":{"rendered":"<p>[vc_row content_width=&#8221;grid&#8221; center_bck_image=&#8221;no&#8221; css=&#8221;.vc_custom_1477056935992{padding-top: 85px !important;padding-bottom: 70px !important;}&#8221;][vc_column width=&#8221;1\/2&#8243; offset=&#8221;vc_col-lg-offset-0 vc_col-lg-4 vc_col-md-offset-0 vc_col-md-4 vc_col-sm-offset-1&#8243;][vc_single_image image=&#8221;10623&#8243; img_size=&#8221;full&#8221; style=&#8221;vc_box_shadow_border_circle_2&#8243;][vc_empty_space height=&#8221;40px&#8221;][\/vc_column][vc_column width=&#8221;1\/2&#8243;][\/vc_column][\/vc_row][vc_row center_bck_image=&#8221;no&#8221;][vc_column][vc_zigzag][\/vc_column][\/vc_row][vc_row content_width=&#8221;grid&#8221; center_bck_image=&#8221;no&#8221; css=&#8221;.vc_custom_1477056935992{padding-top: 85px !important;padding-bottom: 70px !important;}&#8221;][vc_column width=&#8221;1\/2&#8243; offset=&#8221;vc_col-lg-offset-0 vc_col-lg-4 vc_col-md-offset-0 vc_col-md-4 vc_col-sm-offset-1&#8243;][vc_single_image image=&#8221;10628&#8243; img_size=&#8221;full&#8221; style=&#8221;vc_box_shadow_border_circle_2&#8243;][vc_empty_space height=&#8221;40px&#8221;][\/vc_column][vc_column width=&#8221;1\/2&#8243;][\/vc_column][\/vc_row][vc_row center_bck_image=&#8221;no&#8221;][vc_column][vc_zigzag][\/vc_column][\/vc_row][vc_row content_width=&#8221;grid&#8221; center_bck_image=&#8221;no&#8221; css=&#8221;.vc_custom_1477056935992{padding-top: 85px !important;padding-bottom: 70px&#8230;<\/p>\n","protected":false},"author":1,"featured_media":0,"parent":0,"menu_order":0,"comment_status":"closed","ping_status":"closed","template":"full-width.php","meta":{"footnotes":""},"class_list":["post-1603","page","type-page","status-publish","hentry"],"translation":{"provider":"WPGlobus","version":"3.0.2","language":"de","enabled_languages":["en","de"],"languages":{"en":{"title":true,"content":true,"excerpt":false},"de":{"title":true,"content":true,"excerpt":false}}},"yoast_head":"<!-- This site is optimized with the Yoast SEO plugin v27.4 - https:\/\/yoast.com\/product\/yoast-seo-wordpress\/ -->\n<title>Testimonials - Suzana Visan - Professional Make-up Artist<\/title>\n<meta name=\"robots\" content=\"index, follow, max-snippet:-1, max-image-preview:large, max-video-preview:-1\" \/>\n<link rel=\"canonical\" href=\"https:\/\/www.suzanavisan.com\/testimonials\/\" \/>\n<meta property=\"og:locale\" content=\"de_DE\" \/>\n<meta property=\"og:type\" content=\"article\" \/>\n<meta property=\"og:title\" content=\"Testimonials - Suzana Visan - Professional Make-up Artist\" \/>\n<meta property=\"og:url\" content=\"https:\/\/www.suzanavisan.com\/testimonials\/\" \/>\n<meta property=\"og:site_name\" content=\"Suzana Visan - Professional Make-up Artist\" \/>\n<meta property=\"article:publisher\" content=\"https:\/\/www.facebook.com\/Suzana-Visan-Make-up-Artist-229504383812093\/\" \/>\n<meta property=\"article:modified_time\" content=\"2020-10-08T16:29:08+00:00\" \/>\n<meta name=\"twitter:card\" content=\"summary_large_image\" \/>\n<meta name=\"twitter:label1\" content=\"Est. reading time\" \/>\n\t<meta name=\"twitter:data1\" content=\"8 minutes\" \/>\n<script type=\"application\/ld+json\" class=\"yoast-schema-graph\">{\"@context\":\"https:\\\/\\\/schema.org\",\"@graph\":[{\"@type\":\"WebPage\",\"@id\":\"https:\\\/\\\/www.suzanavisan.com\\\/testimonials\\\/\",\"url\":\"https:\\\/\\\/www.suzanavisan.com\\\/testimonials\\\/\",\"name\":\"Testimonials - Suzana Visan - Professional Make-up Artist\",\"isPartOf\":{\"@id\":\"https:\\\/\\\/www.suzanavisan.com\\\/#website\"},\"datePublished\":\"2016-04-19T08:36:45+00:00\",\"dateModified\":\"2020-10-08T16:29:08+00:00\",\"breadcrumb\":{\"@id\":\"https:\\\/\\\/www.suzanavisan.com\\\/testimonials\\\/#breadcrumb\"},\"inLanguage\":\"de-DE\",\"potentialAction\":[{\"@type\":\"ReadAction\",\"target\":[\"https:\\\/\\\/www.suzanavisan.com\\\/testimonials\\\/\"]}]},{\"@type\":\"BreadcrumbList\",\"@id\":\"https:\\\/\\\/www.suzanavisan.com\\\/testimonials\\\/#breadcrumb\",\"itemListElement\":[{\"@type\":\"ListItem\",\"position\":1,\"name\":\"Home\",\"item\":\"https:\\\/\\\/www.suzanavisan.com\\\/\"},{\"@type\":\"ListItem\",\"position\":2,\"name\":\"Testimonials\"}]},{\"@type\":\"WebSite\",\"@id\":\"https:\\\/\\\/www.suzanavisan.com\\\/#website\",\"url\":\"https:\\\/\\\/www.suzanavisan.com\\\/\",\"name\":\"Suzana Visan - Professional Make-up Artist\",\"description\":\"Professional Make-up Artist | Official Website\",\"publisher\":{\"@id\":\"https:\\\/\\\/www.suzanavisan.com\\\/#organization\"},\"potentialAction\":[{\"@type\":\"SearchAction\",\"target\":{\"@type\":\"EntryPoint\",\"urlTemplate\":\"https:\\\/\\\/www.suzanavisan.com\\\/?s={search_term_string}\"},\"query-input\":{\"@type\":\"PropertyValueSpecification\",\"valueRequired\":true,\"valueName\":\"search_term_string\"}}],\"inLanguage\":\"de-DE\"},{\"@type\":\"Organization\",\"@id\":\"https:\\\/\\\/www.suzanavisan.com\\\/#organization\",\"name\":\"Suzana Visan, Make-up Artist\",\"url\":\"https:\\\/\\\/www.suzanavisan.com\\\/\",\"logo\":{\"@type\":\"ImageObject\",\"inLanguage\":\"de-DE\",\"@id\":\"https:\\\/\\\/www.suzanavisan.com\\\/#\\\/schema\\\/logo\\\/image\\\/\",\"url\":\"https:\\\/\\\/www.suzanavisan.com\\\/wp-content\\\/uploads\\\/2019\\\/02\\\/logo-suzana-1.png\",\"contentUrl\":\"https:\\\/\\\/www.suzanavisan.com\\\/wp-content\\\/uploads\\\/2019\\\/02\\\/logo-suzana-1.png\",\"width\":239,\"height\":65,\"caption\":\"Suzana Visan, Make-up Artist\"},\"image\":{\"@id\":\"https:\\\/\\\/www.suzanavisan.com\\\/#\\\/schema\\\/logo\\\/image\\\/\"},\"sameAs\":[\"https:\\\/\\\/www.facebook.com\\\/Suzana-Visan-Make-up-Artist-229504383812093\\\/\",\"https:\\\/\\\/www.instagram.com\\\/explore\\\/locations\\\/880977788\\\/suzana-visan-make-up-studio\",\"https:\\\/\\\/www.youtube.com\\\/channel\\\/UCPNnJ9bxATbNdfjERVoKEdw\"]}]}<\/script>\n<!-- \/ Yoast SEO plugin. -->","yoast_head_json":{"title":"Testimonials - Suzana Visan - Professional Make-up Artist","robots":{"index":"index","follow":"follow","max-snippet":"max-snippet:-1","max-image-preview":"max-image-preview:large","max-video-preview":"max-video-preview:-1"},"canonical":"https:\/\/www.suzanavisan.com\/testimonials\/","og_locale":"de_DE","og_type":"article","og_title":"Testimonials - Suzana Visan - Professional Make-up Artist","og_url":"https:\/\/www.suzanavisan.com\/testimonials\/","og_site_name":"Suzana Visan - Professional Make-up Artist","article_publisher":"https:\/\/www.facebook.com\/Suzana-Visan-Make-up-Artist-229504383812093\/","article_modified_time":"2020-10-08T16:29:08+00:00","twitter_card":"summary_large_image","twitter_misc":{"Est. reading time":"8 minutes"},"schema":{"@context":"https:\/\/schema.org","@graph":[{"@type":"WebPage","@id":"https:\/\/www.suzanavisan.com\/testimonials\/","url":"https:\/\/www.suzanavisan.com\/testimonials\/","name":"Testimonials - Suzana Visan - Professional Make-up Artist","isPartOf":{"@id":"https:\/\/www.suzanavisan.com\/#website"},"datePublished":"2016-04-19T08:36:45+00:00","dateModified":"2020-10-08T16:29:08+00:00","breadcrumb":{"@id":"https:\/\/www.suzanavisan.com\/testimonials\/#breadcrumb"},"inLanguage":"de-DE","potentialAction":[{"@type":"ReadAction","target":["https:\/\/www.suzanavisan.com\/testimonials\/"]}]},{"@type":"BreadcrumbList","@id":"https:\/\/www.suzanavisan.com\/testimonials\/#breadcrumb","itemListElement":[{"@type":"ListItem","position":1,"name":"Home","item":"https:\/\/www.suzanavisan.com\/"},{"@type":"ListItem","position":2,"name":"Testimonials"}]},{"@type":"WebSite","@id":"https:\/\/www.suzanavisan.com\/#website","url":"https:\/\/www.suzanavisan.com\/","name":"Suzana Visan - Professional Make-up Artist","description":"Professional Make-up Artist | Official Website","publisher":{"@id":"https:\/\/www.suzanavisan.com\/#organization"},"potentialAction":[{"@type":"SearchAction","target":{"@type":"EntryPoint","urlTemplate":"https:\/\/www.suzanavisan.com\/?s={search_term_string}"},"query-input":{"@type":"PropertyValueSpecification","valueRequired":true,"valueName":"search_term_string"}}],"inLanguage":"de-DE"},{"@type":"Organization","@id":"https:\/\/www.suzanavisan.com\/#organization","name":"Suzana Visan, Make-up Artist","url":"https:\/\/www.suzanavisan.com\/","logo":{"@type":"ImageObject","inLanguage":"de-DE","@id":"https:\/\/www.suzanavisan.com\/#\/schema\/logo\/image\/","url":"https:\/\/www.suzanavisan.com\/wp-content\/uploads\/2019\/02\/logo-suzana-1.png","contentUrl":"https:\/\/www.suzanavisan.com\/wp-content\/uploads\/2019\/02\/logo-suzana-1.png","width":239,"height":65,"caption":"Suzana Visan, Make-up Artist"},"image":{"@id":"https:\/\/www.suzanavisan.com\/#\/schema\/logo\/image\/"},"sameAs":["https:\/\/www.facebook.com\/Suzana-Visan-Make-up-Artist-229504383812093\/","https:\/\/www.instagram.com\/explore\/locations\/880977788\/suzana-visan-make-up-studio","https:\/\/www.youtube.com\/channel\/UCPNnJ9bxATbNdfjERVoKEdw"]}]}},"_links":{"self":[{"href":"https:\/\/www.suzanavisan.com\/de\/wp-json\/wp\/v2\/pages\/1603","targetHints":{"allow":["GET"]}}],"collection":[{"href":"https:\/\/www.suzanavisan.com\/de\/wp-json\/wp\/v2\/pages"}],"about":[{"href":"https:\/\/www.suzanavisan.com\/de\/wp-json\/wp\/v2\/types\/page"}],"author":[{"embeddable":true,"href":"https:\/\/www.suzanavisan.com\/de\/wp-json\/wp\/v2\/users\/1"}],"replies":[{"embeddable":true,"href":"https:\/\/www.suzanavisan.com\/de\/wp-json\/wp\/v2\/comments?post=1603"}],"version-history":[{"count":16,"href":"https:\/\/www.suzanavisan.com\/de\/wp-json\/wp\/v2\/pages\/1603\/revisions"}],"predecessor-version":[{"id":11592,"href":"https:\/\/www.suzanavisan.com\/de\/wp-json\/wp\/v2\/pages\/1603\/revisions\/11592"}],"wp:attachment":[{"href":"https:\/\/www.suzanavisan.com\/de\/wp-json\/wp\/v2\/media?parent=1603"}],"curies":[{"name":"wp","href":"https:\/\/api.w.org\/{rel}","templated":true}]}}