{"id":8435,"date":"2016-10-19T11:02:09","date_gmt":"2016-10-19T11:02:09","guid":{"rendered":"http:\/\/kendall.elated-themes.com\/?page_id=8435"},"modified":"2024-01-30T17:44:50","modified_gmt":"2024-01-30T17:44:50","slug":"about-me","status":"publish","type":"page","link":"https:\/\/www.suzanavisan.com\/de\/about-me\/","title":{"rendered":"\u00dcber mich"},"content":{"rendered":"<div class=\"wpb-content-wrapper\"><p>[vc_row content_width=&#8221;grid&#8221; center_bck_image=&#8221;no&#8221; css=&#8221;.vc_custom_1477553301485{padding-top: 10% !important;padding-bottom: 10% !important;background-image: url(http:\/\/kendall.elated-themes.com\/wp-content\/uploads\/2016\/10\/15pages-title-img-1.jpg?id=8447) !important;}&#8221;][vc_column width=&#8221;5\/6&#8243; offset=&#8221;vc_col-lg-offset-3 vc_col-lg-6 vc_col-md-offset-1 vc_col-md-10 vc_col-sm-offset-1&#8243; css=&#8221;.vc_custom_1477309255185{padding-right: 3% !important;padding-left: 3% !important;}&#8221;]<div class=\"eltd-section-title-outer-holder\" style=\"text-align: center\">\n\n    \t<div class=\"eltd-section-title-title-holder\">\n\t\t<h2 class=\"eltd-section-title\" style=\";font-size: 80px;color: #ffffff;;line-height: 77px;;;\">\n\t\t\t\u00dcber mich\t\t<\/h2>\n\t<\/div>\n    \t<span class=\"eltd-title-separator \"><\/span>\n    \n<\/div>[\/vc_column][\/vc_row][vc_row center_bck_image=&#8221;no&#8221; css=&#8221;.vc_custom_1476879140153{padding-bottom: 100px !important;}&#8221;][vc_column css=&#8221;.vc_custom_1476878257617{margin-top: -130px !important;}&#8221;]<div class=\"eltd-elements-holder eltd-responsive-mode-768\" ><div class=\"eltd-elements-holder-item eltd-horizontal-alignment-center\" data-item-class=\"eltd-elements-holder-custom-868635\" data-1024-1280=\"60px 0 0 0\" data-768-1024=\"80px 0 0 0\" data-600-768=\"90px 0 0 0\" data-480-600=\"150px 10px 0 10px\" data-480=\"150px 10px 0 10px\" >\n\t<div class=\"eltd-elements-holder-item-inner\">\n\t\t<div class=\"eltd-elements-holder-item-content eltd-elements-holder-custom-868635\" style=\"padding: -130px 0 0 0\">\n\t\t\t[vc_single_image image=&#8221;11698&#8243; img_size=&#8221;full&#8221; alignment=&#8221;center&#8221;]\t\t<\/div>\n\t<\/div>\n<\/div><\/div>[\/vc_column][\/vc_row][vc_row content_width=&#8221;grid&#8221; center_bck_image=&#8221;no&#8221; css=&#8221;.vc_custom_1477309299040{padding-bottom: 50px !important;}&#8221;][vc_column width=&#8221;5\/6&#8243; offset=&#8221;vc_col-lg-offset-2 vc_col-lg-8 vc_col-md-offset-1 vc_col-md-10 vc_col-sm-offset-1&#8243; css=&#8221;.vc_custom_1553795991546{padding-right: 3% !important;padding-left: 3% !important;}&#8221;]<div class=\"eltd-section-title-outer-holder\" style=\"text-align: center\">\n\n    \t<div class=\"eltd-section-title-title-holder\">\n\t\t<h2 class=\"eltd-section-title\" style=\";;;;;;;\">\n\t\t\tHallo, ich bin Suzana\t\t<\/h2>\n\t<\/div>\n    \t<span class=\"eltd-title-separator eltd-enable-separator\"><\/span>\n             <div class=\"eltd-section-subtitle-holder\">\n            <h5 class=\"eltd-section-subtitle\" style=\";;;;;;\" >\n            Ich liebe es, Menschen gl\u00fccklich zu machen, und Menschen lieben es, sich sch\u00f6n zu f\u00fchlen. Genau DAS ist der Grund, warum ich mich die letzten 10 Jahre mit Thema Make-Up besch\u00e4ftigt habe. Ihr breites L\u00e4cheln und ihre gro\u00dfe Freude am Ende jeder Make-Up Sitzung ist meine gr\u00f6\u00dfte Zufriedenheit. Make-up ist nicht nur eine Kunstform, sondern auch eine Form der Selbstentdeckung \u2013 ich sehe Make-up gerne auch als Sch\u00f6nheitstherapie an. Eine Freude nicht nur f\u00fcr Ihr Gesicht, sondern auch f\u00fcr Ihre Seele!        <\/h5>\n        <\/div>\n    \n<\/div>[\/vc_column][\/vc_row][vc_row content_width=&#8221;grid&#8221; center_bck_image=&#8221;no&#8221; css=&#8221;.vc_custom_1477309299040{padding-bottom: 50px !important;}&#8221;][vc_column width=&#8221;5\/6&#8243; offset=&#8221;vc_col-lg-offset-2 vc_col-lg-8 vc_col-md-offset-1 vc_col-md-10 vc_col-sm-offset-1&#8243; css=&#8221;.vc_custom_1553796041721{padding-right: 3% !important;padding-left: 3% !important;}&#8221;]<div class=\"eltd-section-title-outer-holder\" style=\"text-align: center\">\n\n    \t<span class=\"eltd-title-separator eltd-enable-separator\"><\/span>\n             <div class=\"eltd-section-subtitle-holder\">\n            <h5 class=\"eltd-section-subtitle\" style=\";;;;;;\" >\n            Mit 17 Jahren habe ich mich in die Kunst des Make-Ups verliebt. Eine wundersch\u00f6ne Reise begann, um meinen Traum zu verwirklichen - n\u00e4mlich Make-up Artist zu werden! Nachdem ich an der Universit\u00e4t Psychologie und Marketing studiert habe, kehrte ich zu meiner Leidenschaft zur\u00fcck und machte sie schlussendlich zu meinem Beruf, den ich bis heute nach wie vor so liebe.        <\/h5>\n        <\/div>\n    \n<\/div>[\/vc_column][\/vc_row][vc_row content_width=&#8221;grid&#8221; center_bck_image=&#8221;no&#8221; css=&#8221;.vc_custom_1477309299040{padding-bottom: 50px !important;}&#8221;][vc_column width=&#8221;5\/6&#8243; offset=&#8221;vc_col-lg-offset-2 vc_col-lg-8 vc_col-md-offset-1 vc_col-md-10 vc_col-sm-offset-1&#8243; css=&#8221;.vc_custom_1553796041721{padding-right: 3% !important;padding-left: 3% !important;}&#8221;]<div class=\"eltd-section-title-outer-holder\" style=\"text-align: center\">\n\n    \t<span class=\"eltd-title-separator eltd-enable-separator\"><\/span>\n             <div class=\"eltd-section-subtitle-holder\">\n            <h5 class=\"eltd-section-subtitle\" style=\";;;;;;\" >\n            Ich habe bis heute zahlreiche Erfahrungen in den unterschiedlichsten Bereichen der Make-up Branche sammeln d\u00fcrfen: von Fernsehshows, wo ich mit Prominenten arbeite, bis hin zur Modeindustrie und DesignerInnen f\u00fcr ihre Modeshows. Von Editorials in Magazinen und Werbe- und Businessaufnahmen bis hin zur Leitung und Durchf\u00fchrung von Make-up Seminaren. Und nicht zuletzt bin ich auf Braut-Make-up spezialisiert und habe Hunderten von Br\u00e4uten geholfen, an einem ihrer sch\u00f6nsten Tage ihres Lebens sch\u00f6n auszusehen und sich wie eine K\u00f6nigin zu f\u00fchlen. Ich liebe es, das Beste aus meinen KundInnen f\u00fcr ihre besonderen Anl\u00e4sse herauszuholen.        <\/h5>\n        <\/div>\n    \n<\/div>[\/vc_column][\/vc_row][vc_row content_width=&#8221;grid&#8221; center_bck_image=&#8221;no&#8221; css=&#8221;.vc_custom_1477309299040{padding-bottom: 50px !important;}&#8221;][vc_column width=&#8221;5\/6&#8243; offset=&#8221;vc_col-lg-offset-2 vc_col-lg-8 vc_col-md-offset-1 vc_col-md-10 vc_col-sm-offset-1&#8243; css=&#8221;.vc_custom_1553796041721{padding-right: 3% !important;padding-left: 3% !important;}&#8221;]<div class=\"eltd-section-title-outer-holder\" style=\"text-align: center\">\n\n    \t<span class=\"eltd-title-separator eltd-enable-separator\"><\/span>\n             <div class=\"eltd-section-subtitle-holder\">\n            <h5 class=\"eltd-section-subtitle\" style=\";;;;;;\" >\n            Die Liebe brachte mich 2018 von Bukarest nach Wien und machte es zu meiner neuen \u201eSpielwiese\u201c. Ich entwickelte mich weiter und erweiterte mein Angebot f\u00fcr meine KundInnen, indem ich zertifizierte Wimpern-Stylistin und Augenbrauen-Stylistin wurde. Jetzt bin ich mit einem der coolsten \u00d6sterreicher verheiratet (zumindest f\u00fcr mich ;-)) und wir haben den s\u00fc\u00dfesten Golden Retriever        <\/h5>\n        <\/div>\n    \n<\/div>[\/vc_column][\/vc_row][vc_row content_width=&#8221;grid&#8221; center_bck_image=&#8221;no&#8221; css=&#8221;.vc_custom_1477309299040{padding-bottom: 50px !important;}&#8221;][vc_column width=&#8221;5\/6&#8243; offset=&#8221;vc_col-lg-offset-2 vc_col-lg-8 vc_col-md-offset-1 vc_col-md-10 vc_col-sm-offset-1&#8243; css=&#8221;.vc_custom_1553796041721{padding-right: 3% !important;padding-left: 3% !important;}&#8221;]<div class=\"eltd-section-title-outer-holder\" style=\"text-align: center\">\n\n    \t<span class=\"eltd-title-separator eltd-enable-separator\"><\/span>\n             <div class=\"eltd-section-subtitle-holder\">\n            <h5 class=\"eltd-section-subtitle\" style=\";;;;;;\" >\n            Egal ob Sie eine aufgeregte Braut sind, die sich f\u00fcr ihren Hochzeitstag das perfekte Make-up w\u00fcnscht, ein Model f\u00fcr ein Fotoshooting, oder Sie einfach Ihr Funkeln entdecken und lernen wollen mit Make-Up - ich bin f\u00fcr Sie da! Make-up wird f\u00fcr mich immer eine komplexe Kunst sein, die viel Einf\u00fchlungsverm\u00f6gen und Hingabe erfordert. Ich lade Sie in meine Welt der Sch\u00f6nheit und Farben, der tollen Wimpern und Augenbrauen, des L\u00e4chelns und der Aufregung ein. Ich m\u00f6chte Ihr Leben gl\u00fccklicher und bunter machen.        <\/h5>\n        <\/div>\n    \n<\/div>[\/vc_column][\/vc_row]<\/p>\n<\/div>","protected":false},"excerpt":{"rendered":"<p>[vc_row content_width=&#8221;grid&#8221; center_bck_image=&#8221;no&#8221; css=&#8221;.vc_custom_1477553301485{padding-top: 10% !important;padding-bottom: 10% !important;background-image: url(http:\/\/kendall.elated-themes.com\/wp-content\/uploads\/2016\/10\/15pages-title-img-1.jpg?id=8447) !important;}&#8221;][vc_column width=&#8221;5\/6&#8243; offset=&#8221;vc_col-lg-offset-3 vc_col-lg-6 vc_col-md-offset-1 vc_col-md-10 vc_col-sm-offset-1&#8243; css=&#8221;.vc_custom_1477309255185{padding-right: 3% !important;padding-left: 3% !important;}&#8221;][\/vc_column][\/vc_row][vc_row center_bck_image=&#8221;no&#8221; css=&#8221;.vc_custom_1476879140153{padding-bottom: 100px !important;}&#8221;][vc_column css=&#8221;.vc_custom_1476878257617{margin-top: -130px !important;}&#8221;][\/vc_column][\/vc_row][vc_row content_width=&#8221;grid&#8221; center_bck_image=&#8221;no&#8221; css=&#8221;.vc_custom_1477309299040{padding-bottom: 50px !important;}&#8221;][vc_column width=&#8221;5\/6&#8243; offset=&#8221;vc_col-lg-offset-2 vc_col-lg-8 vc_col-md-offset-1 vc_col-md-10 vc_col-sm-offset-1&#8243; css=&#8221;.vc_custom_1553795991546{padding-right: 3% !important;padding-left: 3% !important;}&#8221;][\/vc_column][\/vc_row][vc_row content_width=&#8221;grid&#8221;&#8230;<\/p>\n","protected":false},"author":1,"featured_media":0,"parent":0,"menu_order":0,"comment_status":"closed","ping_status":"closed","template":"full-width.php","meta":{"footnotes":""},"class_list":["post-8435","page","type-page","status-publish","hentry"],"translation":{"provider":"WPGlobus","version":"3.0.2","language":"de","enabled_languages":["en","de"],"languages":{"en":{"title":true,"content":true,"excerpt":false},"de":{"title":true,"content":true,"excerpt":false}}},"yoast_head":"<!-- This site is optimized with the Yoast SEO plugin v27.4 - https:\/\/yoast.com\/product\/yoast-seo-wordpress\/ -->\n<title>\u00dcber mich - Suzana Visan - Professional Make-up Artist<\/title>\n<meta name=\"robots\" content=\"index, follow, max-snippet:-1, max-image-preview:large, max-video-preview:-1\" \/>\n<link rel=\"canonical\" href=\"https:\/\/www.suzanavisan.com\/about-me\/\" \/>\n<meta property=\"og:locale\" content=\"de_DE\" \/>\n<meta property=\"og:type\" content=\"article\" \/>\n<meta property=\"og:title\" content=\"\u00dcber mich - Suzana Visan - Professional Make-up Artist\" \/>\n<meta property=\"og:url\" content=\"https:\/\/www.suzanavisan.com\/about-me\/\" \/>\n<meta property=\"og:site_name\" content=\"Suzana Visan - Professional Make-up Artist\" \/>\n<meta property=\"article:publisher\" content=\"https:\/\/www.facebook.com\/Suzana-Visan-Make-up-Artist-229504383812093\/\" \/>\n<meta property=\"article:modified_time\" content=\"2024-01-30T17:44:50+00:00\" \/>\n<meta name=\"twitter:card\" content=\"summary_large_image\" \/>\n<meta name=\"twitter:label1\" content=\"Est. reading time\" \/>\n\t<meta name=\"twitter:data1\" content=\"3 minutes\" \/>\n<script type=\"application\/ld+json\" class=\"yoast-schema-graph\">{\"@context\":\"https:\\\/\\\/schema.org\",\"@graph\":[{\"@type\":\"WebPage\",\"@id\":\"https:\\\/\\\/www.suzanavisan.com\\\/about-me\\\/\",\"url\":\"https:\\\/\\\/www.suzanavisan.com\\\/about-me\\\/\",\"name\":\"\u00dcber mich - Suzana Visan - Professional Make-up Artist\",\"isPartOf\":{\"@id\":\"https:\\\/\\\/www.suzanavisan.com\\\/#website\"},\"datePublished\":\"2016-10-19T11:02:09+00:00\",\"dateModified\":\"2024-01-30T17:44:50+00:00\",\"breadcrumb\":{\"@id\":\"https:\\\/\\\/www.suzanavisan.com\\\/about-me\\\/#breadcrumb\"},\"inLanguage\":\"de-DE\",\"potentialAction\":[{\"@type\":\"ReadAction\",\"target\":[\"https:\\\/\\\/www.suzanavisan.com\\\/about-me\\\/\"]}]},{\"@type\":\"BreadcrumbList\",\"@id\":\"https:\\\/\\\/www.suzanavisan.com\\\/about-me\\\/#breadcrumb\",\"itemListElement\":[{\"@type\":\"ListItem\",\"position\":1,\"name\":\"Home\",\"item\":\"https:\\\/\\\/www.suzanavisan.com\\\/\"},{\"@type\":\"ListItem\",\"position\":2,\"name\":\"About Me\"}]},{\"@type\":\"WebSite\",\"@id\":\"https:\\\/\\\/www.suzanavisan.com\\\/#website\",\"url\":\"https:\\\/\\\/www.suzanavisan.com\\\/\",\"name\":\"Suzana Visan - Professional Make-up Artist\",\"description\":\"Professional Make-up Artist | Official Website\",\"publisher\":{\"@id\":\"https:\\\/\\\/www.suzanavisan.com\\\/#organization\"},\"potentialAction\":[{\"@type\":\"SearchAction\",\"target\":{\"@type\":\"EntryPoint\",\"urlTemplate\":\"https:\\\/\\\/www.suzanavisan.com\\\/?s={search_term_string}\"},\"query-input\":{\"@type\":\"PropertyValueSpecification\",\"valueRequired\":true,\"valueName\":\"search_term_string\"}}],\"inLanguage\":\"de-DE\"},{\"@type\":\"Organization\",\"@id\":\"https:\\\/\\\/www.suzanavisan.com\\\/#organization\",\"name\":\"Suzana Visan, Make-up Artist\",\"url\":\"https:\\\/\\\/www.suzanavisan.com\\\/\",\"logo\":{\"@type\":\"ImageObject\",\"inLanguage\":\"de-DE\",\"@id\":\"https:\\\/\\\/www.suzanavisan.com\\\/#\\\/schema\\\/logo\\\/image\\\/\",\"url\":\"https:\\\/\\\/www.suzanavisan.com\\\/wp-content\\\/uploads\\\/2019\\\/02\\\/logo-suzana-1.png\",\"contentUrl\":\"https:\\\/\\\/www.suzanavisan.com\\\/wp-content\\\/uploads\\\/2019\\\/02\\\/logo-suzana-1.png\",\"width\":239,\"height\":65,\"caption\":\"Suzana Visan, Make-up Artist\"},\"image\":{\"@id\":\"https:\\\/\\\/www.suzanavisan.com\\\/#\\\/schema\\\/logo\\\/image\\\/\"},\"sameAs\":[\"https:\\\/\\\/www.facebook.com\\\/Suzana-Visan-Make-up-Artist-229504383812093\\\/\",\"https:\\\/\\\/www.instagram.com\\\/explore\\\/locations\\\/880977788\\\/suzana-visan-make-up-studio\",\"https:\\\/\\\/www.youtube.com\\\/channel\\\/UCPNnJ9bxATbNdfjERVoKEdw\"]}]}<\/script>\n<!-- \/ Yoast SEO plugin. -->","yoast_head_json":{"title":"\u00dcber mich - Suzana Visan - Professional Make-up Artist","robots":{"index":"index","follow":"follow","max-snippet":"max-snippet:-1","max-image-preview":"max-image-preview:large","max-video-preview":"max-video-preview:-1"},"canonical":"https:\/\/www.suzanavisan.com\/about-me\/","og_locale":"de_DE","og_type":"article","og_title":"\u00dcber mich - Suzana Visan - Professional Make-up Artist","og_url":"https:\/\/www.suzanavisan.com\/about-me\/","og_site_name":"Suzana Visan - Professional Make-up Artist","article_publisher":"https:\/\/www.facebook.com\/Suzana-Visan-Make-up-Artist-229504383812093\/","article_modified_time":"2024-01-30T17:44:50+00:00","twitter_card":"summary_large_image","twitter_misc":{"Est. reading time":"3 minutes"},"schema":{"@context":"https:\/\/schema.org","@graph":[{"@type":"WebPage","@id":"https:\/\/www.suzanavisan.com\/about-me\/","url":"https:\/\/www.suzanavisan.com\/about-me\/","name":"\u00dcber mich - Suzana Visan - Professional Make-up Artist","isPartOf":{"@id":"https:\/\/www.suzanavisan.com\/#website"},"datePublished":"2016-10-19T11:02:09+00:00","dateModified":"2024-01-30T17:44:50+00:00","breadcrumb":{"@id":"https:\/\/www.suzanavisan.com\/about-me\/#breadcrumb"},"inLanguage":"de-DE","potentialAction":[{"@type":"ReadAction","target":["https:\/\/www.suzanavisan.com\/about-me\/"]}]},{"@type":"BreadcrumbList","@id":"https:\/\/www.suzanavisan.com\/about-me\/#breadcrumb","itemListElement":[{"@type":"ListItem","position":1,"name":"Home","item":"https:\/\/www.suzanavisan.com\/"},{"@type":"ListItem","position":2,"name":"About Me"}]},{"@type":"WebSite","@id":"https:\/\/www.suzanavisan.com\/#website","url":"https:\/\/www.suzanavisan.com\/","name":"Suzana Visan - Professional Make-up Artist","description":"Professional Make-up Artist | Official Website","publisher":{"@id":"https:\/\/www.suzanavisan.com\/#organization"},"potentialAction":[{"@type":"SearchAction","target":{"@type":"EntryPoint","urlTemplate":"https:\/\/www.suzanavisan.com\/?s={search_term_string}"},"query-input":{"@type":"PropertyValueSpecification","valueRequired":true,"valueName":"search_term_string"}}],"inLanguage":"de-DE"},{"@type":"Organization","@id":"https:\/\/www.suzanavisan.com\/#organization","name":"Suzana Visan, Make-up Artist","url":"https:\/\/www.suzanavisan.com\/","logo":{"@type":"ImageObject","inLanguage":"de-DE","@id":"https:\/\/www.suzanavisan.com\/#\/schema\/logo\/image\/","url":"https:\/\/www.suzanavisan.com\/wp-content\/uploads\/2019\/02\/logo-suzana-1.png","contentUrl":"https:\/\/www.suzanavisan.com\/wp-content\/uploads\/2019\/02\/logo-suzana-1.png","width":239,"height":65,"caption":"Suzana Visan, Make-up Artist"},"image":{"@id":"https:\/\/www.suzanavisan.com\/#\/schema\/logo\/image\/"},"sameAs":["https:\/\/www.facebook.com\/Suzana-Visan-Make-up-Artist-229504383812093\/","https:\/\/www.instagram.com\/explore\/locations\/880977788\/suzana-visan-make-up-studio","https:\/\/www.youtube.com\/channel\/UCPNnJ9bxATbNdfjERVoKEdw"]}]}},"_links":{"self":[{"href":"https:\/\/www.suzanavisan.com\/de\/wp-json\/wp\/v2\/pages\/8435","targetHints":{"allow":["GET"]}}],"collection":[{"href":"https:\/\/www.suzanavisan.com\/de\/wp-json\/wp\/v2\/pages"}],"about":[{"href":"https:\/\/www.suzanavisan.com\/de\/wp-json\/wp\/v2\/types\/page"}],"author":[{"embeddable":true,"href":"https:\/\/www.suzanavisan.com\/de\/wp-json\/wp\/v2\/users\/1"}],"replies":[{"embeddable":true,"href":"https:\/\/www.suzanavisan.com\/de\/wp-json\/wp\/v2\/comments?post=8435"}],"version-history":[{"count":22,"href":"https:\/\/www.suzanavisan.com\/de\/wp-json\/wp\/v2\/pages\/8435\/revisions"}],"predecessor-version":[{"id":11700,"href":"https:\/\/www.suzanavisan.com\/de\/wp-json\/wp\/v2\/pages\/8435\/revisions\/11700"}],"wp:attachment":[{"href":"https:\/\/www.suzanavisan.com\/de\/wp-json\/wp\/v2\/media?parent=8435"}],"curies":[{"name":"wp","href":"https:\/\/api.w.org\/{rel}","templated":true}]}}